{"id":644,"date":"2014-07-14T17:44:05","date_gmt":"2014-07-14T16:44:05","guid":{"rendered":"http:\/\/yomeunoalretto.org\/?page_id=644"},"modified":"2014-07-16T00:38:31","modified_gmt":"2014-07-15T23:38:31","slug":"ya-hemos-donado-los-primeros-4-00000-e","status":"publish","type":"page","link":"http:\/\/yomeunoalretto.org\/?page_id=644","title":{"rendered":"Ya hemos donado los primeros 4.000,00 \u20ac"},"content":{"rendered":"<p>&nbsp;<\/p>\n<p><img data-attachment-id=\"648\" data-permalink=\"http:\/\/yomeunoalretto.org\/?attachment_id=648\" data-orig-file=\"http:\/\/yomeunoalretto.org\/wp-content\/uploads\/2014\/07\/As.-Gaditana-Yo-me-uno-al-retto.jpg\" data-orig-size=\"1238,1751\" data-comments-opened=\"1\" data-image-meta=\"{&quot;aperture&quot;:&quot;0&quot;,&quot;credit&quot;:&quot;&quot;,&quot;camera&quot;:&quot;&quot;,&quot;caption&quot;:&quot;&quot;,&quot;created_timestamp&quot;:&quot;0&quot;,&quot;copyright&quot;:&quot;&quot;,&quot;focal_length&quot;:&quot;0&quot;,&quot;iso&quot;:&quot;0&quot;,&quot;shutter_speed&quot;:&quot;0&quot;,&quot;title&quot;:&quot;&quot;}\" data-image-title=\"As. Gaditana Yo me uno al retto\" data-image-description=\"\" data-image-caption=\"\" data-medium-file=\"http:\/\/yomeunoalretto.org\/wp-content\/uploads\/2014\/07\/As.-Gaditana-Yo-me-uno-al-retto-176x250.jpg\" data-large-file=\"http:\/\/yomeunoalretto.org\/wp-content\/uploads\/2014\/07\/As.-Gaditana-Yo-me-uno-al-retto-723x1024.jpg\" decoding=\"async\" loading=\"lazy\" class=\"alignleft wp-image-648 size-medium\" src=\"http:\/\/yomeunoalretto.org\/wp-content\/uploads\/2014\/07\/As.-Gaditana-Yo-me-uno-al-retto-176x250.jpg\" alt=\"As. Gaditana Yo me uno al retto\" width=\"176\" height=\"250\" srcset=\"http:\/\/yomeunoalretto.org\/wp-content\/uploads\/2014\/07\/As.-Gaditana-Yo-me-uno-al-retto-176x250.jpg 176w, http:\/\/yomeunoalretto.org\/wp-content\/uploads\/2014\/07\/As.-Gaditana-Yo-me-uno-al-retto-723x1024.jpg 723w, http:\/\/yomeunoalretto.org\/wp-content\/uploads\/2014\/07\/As.-Gaditana-Yo-me-uno-al-retto-118x168.jpg 118w, http:\/\/yomeunoalretto.org\/wp-content\/uploads\/2014\/07\/As.-Gaditana-Yo-me-uno-al-retto.jpg 1238w\" sizes=\"(max-width: 176px) 100vw, 176px\" \/>\u00a0Gracias a la colaboraci\u00f3n de todos vosotros, y al esfuerzo que hemos realizado, ya hemos conseguido en menos de un mes de existencia aportar a la <span style=\"color: #800080;\"><strong><a href=\"http:\/\/yomeunoalretto.org\/wp-content\/uploads\/2014\/07\/Todos-los-agradecimeintos-junto.pdf\"><span style=\"color: #800080;\">Obra Social de San Juan de Dios la Cantidad de 4.000,00 \u20ac<\/span><\/a>.<\/strong><\/span><\/p>\n<p>Lo importante de esta aportaci\u00f3n ni mucho menos es la cantidad, sino saber que es posible conseguir gracias a vuestro esfuerzo lo que nos propongamos, y sobre todo que muchas familias sepamos que no estamos solos frente a este enfermedad. Vuestro apoyo se transforma para nosotros en la esperanza de ver a nuestras ni\u00f1as curadas.<\/p>\n<p>Desde aqui queremos de nuevo agradecer a todos aquellos que con sus aportaciones, tiempo o trabajo nos quisieron ayudar, principalmente a la Fundaci\u00f3n ACI y a las Hermanas del Colegio San Jos\u00e9 de las Esclavas que nos apoyaron cedi\u00e9ndonos las instalaciones del Centro, y aportando m\u00e1s de la mitad de esta cifra. A todos los padres de alumnos del Colegio San Jos\u00e9 de las Esclavas, que nos han apoyado y ayudaron a llevar a cabo esta iniciativa. Al grupo de Antiguas alumnas que tambi\u00e9n colaboraron en la confecci\u00f3n de los art\u00edculos de nuestra tienda solidaria. A las agrupaciones que de manera altruista \u00a0quisieron acompa\u00f1arnos con su arte en la Primera Fiesta Ben\u00e9fica de nuestra Asociaci\u00f3n. A todos los que asististeis al evento, y a los que no pero aportasteis vuestra colaboraci\u00f3n a trav\u00e9s de la fila cero.<\/p>\n<p>Un agradecimiento muy especial a los voluntarios que nos ayudaron a organizarlo todo, sin olvidar a los que estuvieron toda la tarde trabajando para nosotros durante la fiesta de forma completamente desinteresada. Sin olvidarnos de aquellos\u00a0comerciantes gaditanos que nos cedieron\u00a0su g\u00e9nero para llevar a cabo esta fiesta.<\/p>\n<p>Tampoco nos queremos olvidar de agradecer a todos aquellos que hab\u00e9is colaborado con nosotros adquiriendo los art\u00edculos de la stand\u00a0solidario, con las que hemos aportado la cuarta parte de la donaci\u00f3n.<\/p>\n<p>Tambi\u00e9n queremos agradecer su aportaci\u00f3n a la Escolan\u00eda del Colegio San Felipe Neri, que a trav\u00e9s de su magn\u00edfico concierto tambi\u00e9n consigui\u00f3 sumar\u00a0otra importante cantidad\u00a0al total donado.<\/p>\n<p>A todos vosotros GRACIAS, y tambi\u00e9n gracias a los que nos apoyareis en el futuro. Porque el trabajo no acaba aqu\u00ed. Durante estos d\u00edas de descanso seguimos pensando en nuevas actividades con las que sorprenderos a la vuelta de las vacaciones. As\u00ed como tambi\u00e9n seguimos abiertos a <span style=\"color: #800080;\"><strong><a href=\"http:\/\/yomeunoalretto.org\/?page_id=217\" target=\"_blank\"><span style=\"color: #800080;\">vuestras ideas para llevar a cabo nuestro proyecto, y as\u00ed hag\u00e1is vuestro nuestro Retto.<\/span><\/a><\/strong><\/span><\/p>\n<p>&nbsp;<\/p>\n<div class=\"sharedaddy sd-sharing-enabled\"><div class=\"robots-nocontent sd-block sd-social sd-social-icon sd-sharing\"><h3 class=\"sd-title\">Comparte esto:<\/h3><div class=\"sd-content\"><ul><li class=\"share-facebook\"><a rel=\"nofollow noopener noreferrer\" data-shared=\"sharing-facebook-644\" class=\"share-facebook sd-button share-icon no-text\" href=\"http:\/\/yomeunoalretto.org\/?page_id=644&amp;share=facebook\" target=\"_blank\" title=\"Haz clic para compartir en Facebook\" ><span><\/span><span class=\"sharing-screen-reader-text\">Haz clic para compartir en Facebook (Se abre en una ventana nueva)<\/span><\/a><\/li><li class=\"share-twitter\"><a rel=\"nofollow noopener noreferrer\" data-shared=\"sharing-twitter-644\" class=\"share-twitter sd-button share-icon no-text\" href=\"http:\/\/yomeunoalretto.org\/?page_id=644&amp;share=twitter\" target=\"_blank\" title=\"Haz clic para compartir en Twitter\" ><span><\/span><span class=\"sharing-screen-reader-text\">Haz clic para compartir en Twitter (Se abre en una ventana nueva)<\/span><\/a><\/li><li class=\"share-print\"><a rel=\"nofollow noopener noreferrer\" data-shared=\"\" class=\"share-print sd-button share-icon no-text\" href=\"http:\/\/yomeunoalretto.org\/?page_id=644\" target=\"_blank\" title=\"Haz clic para imprimir\" ><span><\/span><span class=\"sharing-screen-reader-text\">Haz clic para imprimir (Se abre en una ventana nueva)<\/span><\/a><\/li><li class=\"share-email\"><a rel=\"nofollow noopener noreferrer\" data-shared=\"\" class=\"share-email sd-button share-icon no-text\" href=\"mailto:?subject=%5BEntrada%20compartida%5D%20Ya%20hemos%20donado%20los%20primeros%204.000%2C00%20%E2%82%AC&body=http%3A%2F%2Fyomeunoalretto.org%2F%3Fpage_id%3D644&share=email\" target=\"_blank\" title=\"Haz clic para enviar un enlace por correo electr\u00f3nico a un amigo\" data-email-share-error-title=\"\u00bfTienes un correo electr\u00f3nico configurado?\" data-email-share-error-text=\"Si tienes problemas al compartir por correo electr\u00f3nico, es posible que sea porque no tengas un correo electr\u00f3nico configurado en tu navegador. Puede que tengas que crear un nuevo correo electr\u00f3nico t\u00fa mismo.\" data-email-share-nonce=\"7e14d3ec26\" data-email-share-track-url=\"http:\/\/yomeunoalretto.org\/?page_id=644&amp;share=email\"><span><\/span><span class=\"sharing-screen-reader-text\">Haz clic para enviar un enlace por correo electr\u00f3nico a un amigo (Se abre en una ventana nueva)<\/span><\/a><\/li><li><a href=\"#\" class=\"sharing-anchor sd-button share-more\"><span>M\u00e1s<\/span><\/a><\/li><li class=\"share-end\"><\/li><\/ul><div class=\"sharing-hidden\"><div class=\"inner\" style=\"display: none;\"><ul><li class=\"share-linkedin\"><a rel=\"nofollow noopener noreferrer\" data-shared=\"sharing-linkedin-644\" class=\"share-linkedin sd-button share-icon no-text\" href=\"http:\/\/yomeunoalretto.org\/?page_id=644&amp;share=linkedin\" target=\"_blank\" title=\"Haz clic para compartir en LinkedIn\" ><span><\/span><span class=\"sharing-screen-reader-text\">Haz clic para compartir en LinkedIn (Se abre en una ventana nueva)<\/span><\/a><\/li><li class=\"share-tumblr\"><a rel=\"nofollow noopener noreferrer\" data-shared=\"\" class=\"share-tumblr sd-button share-icon no-text\" href=\"http:\/\/yomeunoalretto.org\/?page_id=644&amp;share=tumblr\" target=\"_blank\" title=\"Haz clic para compartir en Tumblr\" ><span><\/span><span class=\"sharing-screen-reader-text\">Haz clic para compartir en Tumblr (Se abre en una ventana nueva)<\/span><\/a><\/li><li class=\"share-end\"><\/li><li class=\"share-reddit\"><a rel=\"nofollow noopener noreferrer\" data-shared=\"\" class=\"share-reddit sd-button share-icon no-text\" href=\"http:\/\/yomeunoalretto.org\/?page_id=644&amp;share=reddit\" target=\"_blank\" title=\"Haz clic para compartir en Reddit\" ><span><\/span><span class=\"sharing-screen-reader-text\">Haz clic para compartir en Reddit (Se abre en una ventana nueva)<\/span><\/a><\/li><li class=\"share-pocket\"><a rel=\"nofollow noopener noreferrer\" data-shared=\"\" class=\"share-pocket sd-button share-icon no-text\" href=\"http:\/\/yomeunoalretto.org\/?page_id=644&amp;share=pocket\" target=\"_blank\" title=\"Haz clic para compartir en Pocket\" ><span><\/span><span class=\"sharing-screen-reader-text\">Haz clic para compartir en Pocket (Se abre en una ventana nueva)<\/span><\/a><\/li><li class=\"share-end\"><\/li><li class=\"share-pinterest\"><a rel=\"nofollow noopener noreferrer\" data-shared=\"sharing-pinterest-644\" class=\"share-pinterest sd-button share-icon no-text\" href=\"http:\/\/yomeunoalretto.org\/?page_id=644&amp;share=pinterest\" target=\"_blank\" title=\"Haz clic para compartir en Pinterest\" ><span><\/span><span class=\"sharing-screen-reader-text\">Haz clic para compartir en Pinterest (Se abre en una ventana nueva)<\/span><\/a><\/li><li class=\"share-end\"><\/li><\/ul><\/div><\/div><\/div><\/div><\/div>","protected":false},"excerpt":{"rendered":"<p>&nbsp; \u00a0Gracias a la colaboraci\u00f3n de todos vosotros, y al esfuerzo que hemos realizado, ya hemos conseguido en menos de un mes de existencia aportar a la Obra Social de San Juan de Dios la Cantidad de 4.000,00 \u20ac. Lo importante de esta aportaci\u00f3n ni mucho menos es la cantidad, sino saber que es posible [&hellip;]<\/p>\n<div class=\"sharedaddy sd-sharing-enabled\"><div class=\"robots-nocontent sd-block sd-social sd-social-icon sd-sharing\"><h3 class=\"sd-title\">Comparte esto:<\/h3><div class=\"sd-content\"><ul><li class=\"share-facebook\"><a rel=\"nofollow noopener noreferrer\" data-shared=\"sharing-facebook-644\" class=\"share-facebook sd-button share-icon no-text\" href=\"http:\/\/yomeunoalretto.org\/?page_id=644&amp;share=facebook\" target=\"_blank\" title=\"Haz clic para compartir en Facebook\" ><span><\/span><span class=\"sharing-screen-reader-text\">Haz clic para compartir en Facebook (Se abre en una ventana nueva)<\/span><\/a><\/li><li class=\"share-twitter\"><a rel=\"nofollow noopener noreferrer\" data-shared=\"sharing-twitter-644\" class=\"share-twitter sd-button share-icon no-text\" href=\"http:\/\/yomeunoalretto.org\/?page_id=644&amp;share=twitter\" target=\"_blank\" title=\"Haz clic para compartir en Twitter\" ><span><\/span><span class=\"sharing-screen-reader-text\">Haz clic para compartir en Twitter (Se abre en una ventana nueva)<\/span><\/a><\/li><li class=\"share-print\"><a rel=\"nofollow noopener noreferrer\" data-shared=\"\" class=\"share-print sd-button share-icon no-text\" href=\"http:\/\/yomeunoalretto.org\/?page_id=644\" target=\"_blank\" title=\"Haz clic para imprimir\" ><span><\/span><span class=\"sharing-screen-reader-text\">Haz clic para imprimir (Se abre en una ventana nueva)<\/span><\/a><\/li><li class=\"share-email\"><a rel=\"nofollow noopener noreferrer\" data-shared=\"\" class=\"share-email sd-button share-icon no-text\" href=\"mailto:?subject=%5BEntrada%20compartida%5D%20Ya%20hemos%20donado%20los%20primeros%204.000%2C00%20%E2%82%AC&body=http%3A%2F%2Fyomeunoalretto.org%2F%3Fpage_id%3D644&share=email\" target=\"_blank\" title=\"Haz clic para enviar un enlace por correo electr\u00f3nico a un amigo\" data-email-share-error-title=\"\u00bfTienes un correo electr\u00f3nico configurado?\" data-email-share-error-text=\"Si tienes problemas al compartir por correo electr\u00f3nico, es posible que sea porque no tengas un correo electr\u00f3nico configurado en tu navegador. Puede que tengas que crear un nuevo correo electr\u00f3nico t\u00fa mismo.\" data-email-share-nonce=\"7e14d3ec26\" data-email-share-track-url=\"http:\/\/yomeunoalretto.org\/?page_id=644&amp;share=email\"><span><\/span><span class=\"sharing-screen-reader-text\">Haz clic para enviar un enlace por correo electr\u00f3nico a un amigo (Se abre en una ventana nueva)<\/span><\/a><\/li><li><a href=\"#\" class=\"sharing-anchor sd-button share-more\"><span>M\u00e1s<\/span><\/a><\/li><li class=\"share-end\"><\/li><\/ul><div class=\"sharing-hidden\"><div class=\"inner\" style=\"display: none;\"><ul><li class=\"share-linkedin\"><a rel=\"nofollow noopener noreferrer\" data-shared=\"sharing-linkedin-644\" class=\"share-linkedin sd-button share-icon no-text\" href=\"http:\/\/yomeunoalretto.org\/?page_id=644&amp;share=linkedin\" target=\"_blank\" title=\"Haz clic para compartir en LinkedIn\" ><span><\/span><span class=\"sharing-screen-reader-text\">Haz clic para compartir en LinkedIn (Se abre en una ventana nueva)<\/span><\/a><\/li><li class=\"share-tumblr\"><a rel=\"nofollow noopener noreferrer\" data-shared=\"\" class=\"share-tumblr sd-button share-icon no-text\" href=\"http:\/\/yomeunoalretto.org\/?page_id=644&amp;share=tumblr\" target=\"_blank\" title=\"Haz clic para compartir en Tumblr\" ><span><\/span><span class=\"sharing-screen-reader-text\">Haz clic para compartir en Tumblr (Se abre en una ventana nueva)<\/span><\/a><\/li><li class=\"share-end\"><\/li><li class=\"share-reddit\"><a rel=\"nofollow noopener noreferrer\" data-shared=\"\" class=\"share-reddit sd-button share-icon no-text\" href=\"http:\/\/yomeunoalretto.org\/?page_id=644&amp;share=reddit\" target=\"_blank\" title=\"Haz clic para compartir en Reddit\" ><span><\/span><span class=\"sharing-screen-reader-text\">Haz clic para compartir en Reddit (Se abre en una ventana nueva)<\/span><\/a><\/li><li class=\"share-pocket\"><a rel=\"nofollow noopener noreferrer\" data-shared=\"\" class=\"share-pocket sd-button share-icon no-text\" href=\"http:\/\/yomeunoalretto.org\/?page_id=644&amp;share=pocket\" target=\"_blank\" title=\"Haz clic para compartir en Pocket\" ><span><\/span><span class=\"sharing-screen-reader-text\">Haz clic para compartir en Pocket (Se abre en una ventana nueva)<\/span><\/a><\/li><li class=\"share-end\"><\/li><li class=\"share-pinterest\"><a rel=\"nofollow noopener noreferrer\" data-shared=\"sharing-pinterest-644\" class=\"share-pinterest sd-button share-icon no-text\" href=\"http:\/\/yomeunoalretto.org\/?page_id=644&amp;share=pinterest\" target=\"_blank\" title=\"Haz clic para compartir en Pinterest\" ><span><\/span><span class=\"sharing-screen-reader-text\">Haz clic para compartir en Pinterest (Se abre en una ventana nueva)<\/span><\/a><\/li><li class=\"share-end\"><\/li><\/ul><\/div><\/div><\/div><\/div><\/div>","protected":false},"author":1,"featured_media":0,"parent":0,"menu_order":0,"comment_status":"open","ping_status":"closed","template":"","meta":[],"jetpack_shortlink":"https:\/\/wp.me\/P4JzDn-ao","jetpack_sharing_enabled":true,"_links":{"self":[{"href":"http:\/\/yomeunoalretto.org\/index.php?rest_route=\/wp\/v2\/pages\/644"}],"collection":[{"href":"http:\/\/yomeunoalretto.org\/index.php?rest_route=\/wp\/v2\/pages"}],"about":[{"href":"http:\/\/yomeunoalretto.org\/index.php?rest_route=\/wp\/v2\/types\/page"}],"author":[{"embeddable":true,"href":"http:\/\/yomeunoalretto.org\/index.php?rest_route=\/wp\/v2\/users\/1"}],"replies":[{"embeddable":true,"href":"http:\/\/yomeunoalretto.org\/index.php?rest_route=%2Fwp%2Fv2%2Fcomments&post=644"}],"version-history":[{"count":17,"href":"http:\/\/yomeunoalretto.org\/index.php?rest_route=\/wp\/v2\/pages\/644\/revisions"}],"predecessor-version":[{"id":719,"href":"http:\/\/yomeunoalretto.org\/index.php?rest_route=\/wp\/v2\/pages\/644\/revisions\/719"}],"wp:attachment":[{"href":"http:\/\/yomeunoalretto.org\/index.php?rest_route=%2Fwp%2Fv2%2Fmedia&parent=644"}],"curies":[{"name":"wp","href":"https:\/\/api.w.org\/{rel}","templated":true}]}}