{"id":575,"date":"2014-07-10T23:47:58","date_gmt":"2014-07-10T22:47:58","guid":{"rendered":"http:\/\/yomeunoalretto.org\/?page_id=575"},"modified":"2014-10-03T06:46:16","modified_gmt":"2014-10-03T05:46:16","slug":"gran-sortteo-yo-me-uno-al-retto","status":"publish","type":"page","link":"http:\/\/yomeunoalretto.org\/?page_id=575","title":{"rendered":"Gran Sortteo Yo me uno al Retto"},"content":{"rendered":"<p>Como ya os hemos comentado, gracias a la colaboraci\u00f3n del <span style=\"color: #800080;\"><a href=\"http:\/\/www.parador.es\/es\/paradores\/parador-de-cadiz\" target=\"_blank\"><span style=\"color: #800080;\">Parador Nacional de C\u00e1diz,<\/span><\/a><\/span> ponemos a vuestra disposici\u00f3n <em><strong>dos pases para una persona<\/strong><\/em> a un <em><strong>circuito termal y un masaje relax<\/strong><\/em> en las flamantes instalaciones del Parador de C\u00e1diz,\u00a0con una<span style=\"color: #000000;\">\u00a0excepcional\u00a0<\/span><span class=\"encabezado\" style=\"color: #000000;\">arquitectura moderna,\u00a0<\/span><span style=\"color: #000000;\">impresionantes\u00a0<\/span><span class=\"encabezado\" style=\"color: #000000;\">vistas a la bah\u00eda<\/span><span style=\"color: #000000;\">\u00a0desde cualquier punto: sus terrazas, sus di\u00e1fanas habitaciones, su exclusiva piscina, <span style=\"color: #800080;\"><a href=\"http:\/\/www.parador.es\/es\/ofertas\/normal\/te-invitamos-nuestro-spa\" target=\"_blank\"><span style=\"color: #800080;\">su relajante SPA\u2026\u00a0<\/span><\/a><\/span><\/span><\/p>\n<p>Para disfrutar de este magnifico descanso tan solo tienes que participar con una <em><strong>donaci\u00f3n de 3 \u20ac<\/strong><\/em>, con la que tendr\u00e1s derecho a una participaci\u00f3n en el sorteo que se celebrar\u00e1 el d\u00eda <span style=\"color: #ff9900;\"><em><strong>31 de\u00a0octubre\u00a0de<\/strong><\/em><\/span><strong><span style=\"color: #ff9900;\"> 2014<\/span>. <\/strong>Al hacer la donaci\u00f3n a trav\u00e9s de la plataforma Paypal podr\u00e1s elegir el o los n\u00fameros de dos cifras con los que quieres participar, y si estos coinciden con las<a href=\"http:\/\/www.parador.es\/es\/ofertas\/normal\/te-invitamos-nuestro-spa\" target=\"_blank\"><img data-attachment-id=\"577\" data-permalink=\"http:\/\/yomeunoalretto.org\/?attachment_id=577\" data-orig-file=\"http:\/\/yomeunoalretto.org\/wp-content\/uploads\/2014\/07\/0003371b-3.jpg\" data-orig-size=\"750,319\" data-comments-opened=\"1\" data-image-meta=\"{&quot;aperture&quot;:&quot;0&quot;,&quot;credit&quot;:&quot;&quot;,&quot;camera&quot;:&quot;&quot;,&quot;caption&quot;:&quot;&quot;,&quot;created_timestamp&quot;:&quot;0&quot;,&quot;copyright&quot;:&quot;&quot;,&quot;focal_length&quot;:&quot;0&quot;,&quot;iso&quot;:&quot;0&quot;,&quot;shutter_speed&quot;:&quot;0&quot;,&quot;title&quot;:&quot;&quot;}\" data-image-title=\"0003371b-3\" data-image-description=\"\" data-image-caption=\"\" data-medium-file=\"http:\/\/yomeunoalretto.org\/wp-content\/uploads\/2014\/07\/0003371b-3-250x106.jpg\" data-large-file=\"http:\/\/yomeunoalretto.org\/wp-content\/uploads\/2014\/07\/0003371b-3.jpg\" decoding=\"async\" loading=\"lazy\" class=\"alignright wp-image-577 size-medium\" src=\"http:\/\/yomeunoalretto.org\/wp-content\/uploads\/2014\/07\/0003371b-3-250x106.jpg\" alt=\"0003371b-3\" width=\"250\" height=\"106\" srcset=\"http:\/\/yomeunoalretto.org\/wp-content\/uploads\/2014\/07\/0003371b-3-250x106.jpg 250w, http:\/\/yomeunoalretto.org\/wp-content\/uploads\/2014\/07\/0003371b-3-216x91.jpg 216w, http:\/\/yomeunoalretto.org\/wp-content\/uploads\/2014\/07\/0003371b-3.jpg 750w\" sizes=\"(max-width: 250px) 100vw, 250px\" \/><\/a>\u00a0dos \u00faltimas terminaciones del n\u00famero premiado en el sorteo de la <em><strong>ONCE<\/strong><\/em> del 31 de octubre\u00a0ser\u00e1s el afortunado que podr\u00e1s disfrutar de este magnifico premio.<\/p>\n<p>\u00bfSe os ocurre una forma mejor\u00a0de acabar el verano?<\/p>\n<p>Recuerda, es muy f\u00e1cil, tan solo tienes que hacer tu aportaci\u00f3n a trav\u00e9s de Paypal,\u00a0 elegir tus n\u00fameros entre el 00 y el 99, y so\u00f1ar con este relajante premio, (o bien hacernos una transferencia a nuestra cuenta en la Caixa\u00a0 <span style=\"color: #000000;\"><strong>ES87 0133 8694 2342 0000 1836<\/strong>\u00a0<\/span>poniendo en el detalle de la misma tu nombre y las participaciones elegidas y mandarnos por e mail a info@yomeunoalretto.org los datos de la transferencia para poder localizarte su fueras el afortunado\/a) Mientras m\u00e1s participaciones tengas m\u00e1s posibilidades de disfrutar de \u00e9l. (Cada d\u00eda, conforme se vayan adquiriendo las participaciones, se publicar\u00e1 una lista en esta misma p\u00e1gina con los n\u00fameros de las participaciones que quedan disponibles, y las que se han ido adquiriendo por riguroso orden cronol\u00f3gico). Recuerda identificarte cuando hagas tu donaci\u00f3n y elegir los n\u00fameros de tus participaciones.\u00a0<span style=\"color: #ff9900;\"><strong><a style=\"color: #ff9900;\" href=\"http:\/\/yomeunoalretto.org\/wp-content\/uploads\/2014\/09\/Elije-tus-participaciones.pdf\" target=\"_blank\">Elige tus participaciones<\/a><\/strong><\/span><\/p>\n<p>Participa, \u00fanete al Retto y suerte!!<\/p>\n<form action=\"https:\/\/www.paypal.com\/cgi-bin\/webscr\" method=\"post\" target=\"_top\"><input name=\"cmd\" type=\"hidden\" value=\"_s-xclick\" \/>Recuerda que todos los fondos recaudados se destinaran \u00edntegramente a la investigaci\u00f3n del S\u00edndrome de Rett.<br \/>\n<input name=\"hosted_button_id\" type=\"hidden\" value=\"3JBB22QP6XYHY\" \/><br \/>\n<input alt=\"PayPal. La forma r\u00e1pida y segura de pagar en Internet.\" name=\"submit\" src=\"https:\/\/www.paypalobjects.com\/es_ES\/ES\/i\/btn\/btn_donateCC_LG.gif\" type=\"image\" \/><br \/>\n<img decoding=\"async\" loading=\"lazy\" src=\"https:\/\/www.paypalobjects.com\/es_ES\/i\/scr\/pixel.gif\" alt=\"\" width=\"1\" height=\"1\" border=\"0\" \/><\/form>\n<p>&nbsp;<\/p>\n<p><em>Protecci\u00f3n de datos:<\/em><\/p>\n<p><em>Acepto que mis datos sean incorporados a un fichero automatizado propiedad de la Asociaci\u00f3n Gaditana \u201cYo me uno al Retto\u201d. Por la investigaci\u00f3n del S\u00edndrome de Rett, pudiendo ser tratados con la finalidad de gestionar mi relaci\u00f3n como persona socia, as\u00ed como de informarme de las actividades y servicios de la Asociaci\u00f3n. Como socio, podr\u00e9 ejercer los derechos de acceso, rectificaci\u00f3n, cancelaci\u00f3n y oposici\u00f3n, en los t\u00e9rminos establecidos en la legislaci\u00f3n vigente, a trav\u00e9s de una comunicaci\u00f3n escrita dirigida a la Presidencia de la Asociaci\u00f3n.<\/em><\/p>\n<div class=\"sharedaddy sd-sharing-enabled\"><div class=\"robots-nocontent sd-block sd-social sd-social-icon sd-sharing\"><h3 class=\"sd-title\">Comparte esto:<\/h3><div class=\"sd-content\"><ul><li class=\"share-facebook\"><a rel=\"nofollow noopener noreferrer\" data-shared=\"sharing-facebook-575\" class=\"share-facebook sd-button share-icon no-text\" href=\"http:\/\/yomeunoalretto.org\/?page_id=575&amp;share=facebook\" target=\"_blank\" title=\"Haz clic para compartir en Facebook\" ><span><\/span><span class=\"sharing-screen-reader-text\">Haz clic para compartir en Facebook (Se abre en una ventana nueva)<\/span><\/a><\/li><li class=\"share-twitter\"><a rel=\"nofollow noopener noreferrer\" data-shared=\"sharing-twitter-575\" class=\"share-twitter sd-button share-icon no-text\" href=\"http:\/\/yomeunoalretto.org\/?page_id=575&amp;share=twitter\" target=\"_blank\" title=\"Haz clic para compartir en Twitter\" ><span><\/span><span class=\"sharing-screen-reader-text\">Haz clic para compartir en Twitter (Se abre en una ventana nueva)<\/span><\/a><\/li><li class=\"share-print\"><a rel=\"nofollow noopener noreferrer\" data-shared=\"\" class=\"share-print sd-button share-icon no-text\" href=\"http:\/\/yomeunoalretto.org\/?page_id=575\" target=\"_blank\" title=\"Haz clic para imprimir\" ><span><\/span><span class=\"sharing-screen-reader-text\">Haz clic para imprimir (Se abre en una ventana nueva)<\/span><\/a><\/li><li class=\"share-email\"><a rel=\"nofollow noopener noreferrer\" data-shared=\"\" class=\"share-email sd-button share-icon no-text\" href=\"mailto:?subject=%5BEntrada%20compartida%5D%20Gran%20Sortteo%20Yo%20me%20uno%20al%20Retto&body=http%3A%2F%2Fyomeunoalretto.org%2F%3Fpage_id%3D575&share=email\" target=\"_blank\" title=\"Haz clic para enviar un enlace por correo electr\u00f3nico a un amigo\" data-email-share-error-title=\"\u00bfTienes un correo electr\u00f3nico configurado?\" data-email-share-error-text=\"Si tienes problemas al compartir por correo electr\u00f3nico, es posible que sea porque no tengas un correo electr\u00f3nico configurado en tu navegador. Puede que tengas que crear un nuevo correo electr\u00f3nico t\u00fa mismo.\" data-email-share-nonce=\"4a91f0b1e5\" data-email-share-track-url=\"http:\/\/yomeunoalretto.org\/?page_id=575&amp;share=email\"><span><\/span><span class=\"sharing-screen-reader-text\">Haz clic para enviar un enlace por correo electr\u00f3nico a un amigo (Se abre en una ventana nueva)<\/span><\/a><\/li><li><a href=\"#\" class=\"sharing-anchor sd-button share-more\"><span>M\u00e1s<\/span><\/a><\/li><li class=\"share-end\"><\/li><\/ul><div class=\"sharing-hidden\"><div class=\"inner\" style=\"display: none;\"><ul><li class=\"share-linkedin\"><a rel=\"nofollow noopener noreferrer\" data-shared=\"sharing-linkedin-575\" class=\"share-linkedin sd-button share-icon no-text\" href=\"http:\/\/yomeunoalretto.org\/?page_id=575&amp;share=linkedin\" target=\"_blank\" title=\"Haz clic para compartir en LinkedIn\" ><span><\/span><span class=\"sharing-screen-reader-text\">Haz clic para compartir en LinkedIn (Se abre en una ventana nueva)<\/span><\/a><\/li><li class=\"share-tumblr\"><a rel=\"nofollow noopener noreferrer\" data-shared=\"\" class=\"share-tumblr sd-button share-icon no-text\" href=\"http:\/\/yomeunoalretto.org\/?page_id=575&amp;share=tumblr\" target=\"_blank\" title=\"Haz clic para compartir en Tumblr\" ><span><\/span><span class=\"sharing-screen-reader-text\">Haz clic para compartir en Tumblr (Se abre en una ventana nueva)<\/span><\/a><\/li><li class=\"share-end\"><\/li><li class=\"share-reddit\"><a rel=\"nofollow noopener noreferrer\" data-shared=\"\" class=\"share-reddit sd-button share-icon no-text\" href=\"http:\/\/yomeunoalretto.org\/?page_id=575&amp;share=reddit\" target=\"_blank\" title=\"Haz clic para compartir en Reddit\" ><span><\/span><span class=\"sharing-screen-reader-text\">Haz clic para compartir en Reddit (Se abre en una ventana nueva)<\/span><\/a><\/li><li class=\"share-pocket\"><a rel=\"nofollow noopener noreferrer\" data-shared=\"\" class=\"share-pocket sd-button share-icon no-text\" href=\"http:\/\/yomeunoalretto.org\/?page_id=575&amp;share=pocket\" target=\"_blank\" title=\"Haz clic para compartir en Pocket\" ><span><\/span><span class=\"sharing-screen-reader-text\">Haz clic para compartir en Pocket (Se abre en una ventana nueva)<\/span><\/a><\/li><li class=\"share-end\"><\/li><li class=\"share-pinterest\"><a rel=\"nofollow noopener noreferrer\" data-shared=\"sharing-pinterest-575\" class=\"share-pinterest sd-button share-icon no-text\" href=\"http:\/\/yomeunoalretto.org\/?page_id=575&amp;share=pinterest\" target=\"_blank\" title=\"Haz clic para compartir en Pinterest\" ><span><\/span><span class=\"sharing-screen-reader-text\">Haz clic para compartir en Pinterest (Se abre en una ventana nueva)<\/span><\/a><\/li><li class=\"share-end\"><\/li><\/ul><\/div><\/div><\/div><\/div><\/div>","protected":false},"excerpt":{"rendered":"<p>Como ya os hemos comentado, gracias a la colaboraci\u00f3n del Parador Nacional de C\u00e1diz, ponemos a vuestra disposici\u00f3n dos pases para una persona a un circuito termal y un masaje relax en las flamantes instalaciones del Parador de C\u00e1diz,\u00a0con una\u00a0excepcional\u00a0arquitectura moderna,\u00a0impresionantes\u00a0vistas a la bah\u00eda\u00a0desde cualquier punto: sus terrazas, sus di\u00e1fanas habitaciones, su exclusiva piscina, su [&hellip;]<\/p>\n<div class=\"sharedaddy sd-sharing-enabled\"><div class=\"robots-nocontent sd-block sd-social sd-social-icon sd-sharing\"><h3 class=\"sd-title\">Comparte esto:<\/h3><div class=\"sd-content\"><ul><li class=\"share-facebook\"><a rel=\"nofollow noopener noreferrer\" data-shared=\"sharing-facebook-575\" class=\"share-facebook sd-button share-icon no-text\" href=\"http:\/\/yomeunoalretto.org\/?page_id=575&amp;share=facebook\" target=\"_blank\" title=\"Haz clic para compartir en Facebook\" ><span><\/span><span class=\"sharing-screen-reader-text\">Haz clic para compartir en Facebook (Se abre en una ventana nueva)<\/span><\/a><\/li><li class=\"share-twitter\"><a rel=\"nofollow noopener noreferrer\" data-shared=\"sharing-twitter-575\" class=\"share-twitter sd-button share-icon no-text\" href=\"http:\/\/yomeunoalretto.org\/?page_id=575&amp;share=twitter\" target=\"_blank\" title=\"Haz clic para compartir en Twitter\" ><span><\/span><span class=\"sharing-screen-reader-text\">Haz clic para compartir en Twitter (Se abre en una ventana nueva)<\/span><\/a><\/li><li class=\"share-print\"><a rel=\"nofollow noopener noreferrer\" data-shared=\"\" class=\"share-print sd-button share-icon no-text\" href=\"http:\/\/yomeunoalretto.org\/?page_id=575\" target=\"_blank\" title=\"Haz clic para imprimir\" ><span><\/span><span class=\"sharing-screen-reader-text\">Haz clic para imprimir (Se abre en una ventana nueva)<\/span><\/a><\/li><li class=\"share-email\"><a rel=\"nofollow noopener noreferrer\" data-shared=\"\" class=\"share-email sd-button share-icon no-text\" href=\"mailto:?subject=%5BEntrada%20compartida%5D%20Gran%20Sortteo%20Yo%20me%20uno%20al%20Retto&body=http%3A%2F%2Fyomeunoalretto.org%2F%3Fpage_id%3D575&share=email\" target=\"_blank\" title=\"Haz clic para enviar un enlace por correo electr\u00f3nico a un amigo\" data-email-share-error-title=\"\u00bfTienes un correo electr\u00f3nico configurado?\" data-email-share-error-text=\"Si tienes problemas al compartir por correo electr\u00f3nico, es posible que sea porque no tengas un correo electr\u00f3nico configurado en tu navegador. Puede que tengas que crear un nuevo correo electr\u00f3nico t\u00fa mismo.\" data-email-share-nonce=\"4a91f0b1e5\" data-email-share-track-url=\"http:\/\/yomeunoalretto.org\/?page_id=575&amp;share=email\"><span><\/span><span class=\"sharing-screen-reader-text\">Haz clic para enviar un enlace por correo electr\u00f3nico a un amigo (Se abre en una ventana nueva)<\/span><\/a><\/li><li><a href=\"#\" class=\"sharing-anchor sd-button share-more\"><span>M\u00e1s<\/span><\/a><\/li><li class=\"share-end\"><\/li><\/ul><div class=\"sharing-hidden\"><div class=\"inner\" style=\"display: none;\"><ul><li class=\"share-linkedin\"><a rel=\"nofollow noopener noreferrer\" data-shared=\"sharing-linkedin-575\" class=\"share-linkedin sd-button share-icon no-text\" href=\"http:\/\/yomeunoalretto.org\/?page_id=575&amp;share=linkedin\" target=\"_blank\" title=\"Haz clic para compartir en LinkedIn\" ><span><\/span><span class=\"sharing-screen-reader-text\">Haz clic para compartir en LinkedIn (Se abre en una ventana nueva)<\/span><\/a><\/li><li class=\"share-tumblr\"><a rel=\"nofollow noopener noreferrer\" data-shared=\"\" class=\"share-tumblr sd-button share-icon no-text\" href=\"http:\/\/yomeunoalretto.org\/?page_id=575&amp;share=tumblr\" target=\"_blank\" title=\"Haz clic para compartir en Tumblr\" ><span><\/span><span class=\"sharing-screen-reader-text\">Haz clic para compartir en Tumblr (Se abre en una ventana nueva)<\/span><\/a><\/li><li class=\"share-end\"><\/li><li class=\"share-reddit\"><a rel=\"nofollow noopener noreferrer\" data-shared=\"\" class=\"share-reddit sd-button share-icon no-text\" href=\"http:\/\/yomeunoalretto.org\/?page_id=575&amp;share=reddit\" target=\"_blank\" title=\"Haz clic para compartir en Reddit\" ><span><\/span><span class=\"sharing-screen-reader-text\">Haz clic para compartir en Reddit (Se abre en una ventana nueva)<\/span><\/a><\/li><li class=\"share-pocket\"><a rel=\"nofollow noopener noreferrer\" data-shared=\"\" class=\"share-pocket sd-button share-icon no-text\" href=\"http:\/\/yomeunoalretto.org\/?page_id=575&amp;share=pocket\" target=\"_blank\" title=\"Haz clic para compartir en Pocket\" ><span><\/span><span class=\"sharing-screen-reader-text\">Haz clic para compartir en Pocket (Se abre en una ventana nueva)<\/span><\/a><\/li><li class=\"share-end\"><\/li><li class=\"share-pinterest\"><a rel=\"nofollow noopener noreferrer\" data-shared=\"sharing-pinterest-575\" class=\"share-pinterest sd-button share-icon no-text\" href=\"http:\/\/yomeunoalretto.org\/?page_id=575&amp;share=pinterest\" target=\"_blank\" title=\"Haz clic para compartir en Pinterest\" ><span><\/span><span class=\"sharing-screen-reader-text\">Haz clic para compartir en Pinterest (Se abre en una ventana nueva)<\/span><\/a><\/li><li class=\"share-end\"><\/li><\/ul><\/div><\/div><\/div><\/div><\/div>","protected":false},"author":1,"featured_media":0,"parent":60,"menu_order":0,"comment_status":"open","ping_status":"closed","template":"","meta":[],"jetpack_shortlink":"https:\/\/wp.me\/P4JzDn-9h","jetpack_sharing_enabled":true,"_links":{"self":[{"href":"http:\/\/yomeunoalretto.org\/index.php?rest_route=\/wp\/v2\/pages\/575"}],"collection":[{"href":"http:\/\/yomeunoalretto.org\/index.php?rest_route=\/wp\/v2\/pages"}],"about":[{"href":"http:\/\/yomeunoalretto.org\/index.php?rest_route=\/wp\/v2\/types\/page"}],"author":[{"embeddable":true,"href":"http:\/\/yomeunoalretto.org\/index.php?rest_route=\/wp\/v2\/users\/1"}],"replies":[{"embeddable":true,"href":"http:\/\/yomeunoalretto.org\/index.php?rest_route=%2Fwp%2Fv2%2Fcomments&post=575"}],"version-history":[{"count":52,"href":"http:\/\/yomeunoalretto.org\/index.php?rest_route=\/wp\/v2\/pages\/575\/revisions"}],"predecessor-version":[{"id":1127,"href":"http:\/\/yomeunoalretto.org\/index.php?rest_route=\/wp\/v2\/pages\/575\/revisions\/1127"}],"up":[{"embeddable":true,"href":"http:\/\/yomeunoalretto.org\/index.php?rest_route=\/wp\/v2\/pages\/60"}],"wp:attachment":[{"href":"http:\/\/yomeunoalretto.org\/index.php?rest_route=%2Fwp%2Fv2%2Fmedia&parent=575"}],"curies":[{"name":"wp","href":"https:\/\/api.w.org\/{rel}","templated":true}]}}