{"id":5438,"date":"2021-08-01T13:31:14","date_gmt":"2021-08-01T12:31:14","guid":{"rendered":"http:\/\/yomeunoalretto.org\/?page_id=5438"},"modified":"2021-08-01T17:17:44","modified_gmt":"2021-08-01T16:17:44","slug":"finrett-para-que-montamos-esta-carrera","status":"publish","type":"page","link":"http:\/\/yomeunoalretto.org\/?page_id=5438","title":{"rendered":"FinRett: \u00bfPara qu\u00e9 montamos esta carrera?"},"content":{"rendered":"<p><img data-attachment-id=\"5442\" data-permalink=\"http:\/\/yomeunoalretto.org\/?attachment_id=5442\" data-orig-file=\"http:\/\/yomeunoalretto.org\/wp-content\/uploads\/2021\/08\/Captura-de-pantalla-2021-08-01-a-las-14.34.25.png\" data-orig-size=\"132,69\" data-comments-opened=\"1\" data-image-meta=\"{&quot;aperture&quot;:&quot;0&quot;,&quot;credit&quot;:&quot;&quot;,&quot;camera&quot;:&quot;&quot;,&quot;caption&quot;:&quot;&quot;,&quot;created_timestamp&quot;:&quot;0&quot;,&quot;copyright&quot;:&quot;&quot;,&quot;focal_length&quot;:&quot;0&quot;,&quot;iso&quot;:&quot;0&quot;,&quot;shutter_speed&quot;:&quot;0&quot;,&quot;title&quot;:&quot;&quot;,&quot;orientation&quot;:&quot;0&quot;}\" data-image-title=\"Captura de pantalla 2021-08-01 a la(s) 14.34.25\" data-image-description=\"\" data-image-caption=\"\" data-medium-file=\"http:\/\/yomeunoalretto.org\/wp-content\/uploads\/2021\/08\/Captura-de-pantalla-2021-08-01-a-las-14.34.25.png\" data-large-file=\"http:\/\/yomeunoalretto.org\/wp-content\/uploads\/2021\/08\/Captura-de-pantalla-2021-08-01-a-las-14.34.25.png\" decoding=\"async\" loading=\"lazy\" class=\"alignleft size-full wp-image-5442\" src=\"http:\/\/yomeunoalretto.org\/wp-content\/uploads\/2021\/08\/Captura-de-pantalla-2021-08-01-a-las-14.34.25.png\" alt=\"\" width=\"132\" height=\"69\" \/>Nunca est\u00e1 de m\u00e1s preguntarse el porqu\u00e9 de las cosas, como tampoco lo est\u00e1 explicar para qu\u00e9 buscamos vuestro apoyo y que colabor\u00e9is con nosotros para la investigaci\u00f3n del S\u00edndrome de Rett, y en particular para la magn\u00edfica labor que a nuestro parecer llevan a cabo en FinRett.<\/p>\n<p>Pero vayamos por partes, \u00bfqu\u00e9 es el S\u00edndrome de Rett?. Por si acaso a\u00fan no lo sab\u00e9is, o bien porque os hab\u00e9is unido al Retto hace poco, os lo vamos a explicar lo m\u00e1s sencillamente posible. Es una mutaci\u00f3n gen\u00e9tica al azar, que afecta a las neuronas que dirigen el cerebro de nuestros ni\u00f1os (ni\u00f1as en la mayoria de los casos y muy pococs varones, pero los hay y los queremos tener presentes), y que a muy temprana edad (rondando los 2 a\u00f1os en la mayor\u00eda de los casos) sus cerebros dejan de dar \u00f3rdenes correctas al resto del cuerpo dejando de andar, hablar o usar con prop\u00f3sito sus manos. La enfermedad como tal es relativamente reciente, se descubre sobre el a\u00f1o 1966, en 1999 se encuentra cual es el origen (una prote\u00edna que por as\u00ed decirlo deja de producir el organismo de estos ni\u00f1os y no alimentan a estas neuronas directoras del sistema neurol\u00f3gico) y es en 2007 cuando se logra revertir la enfermedad en ratones.<\/p>\n<p><span class=\"embed-youtube\" style=\"text-align:center; display: block;\"><iframe loading=\"lazy\" class=\"youtube-player\" width=\"590\" height=\"332\" src=\"https:\/\/www.youtube.com\/embed\/7M9hHO2T6Dk?version=3&#038;rel=1&#038;showsearch=0&#038;showinfo=1&#038;iv_load_policy=1&#038;fs=1&#038;hl=es-ES&#038;autohide=2&#038;start=8&#038;wmode=transparent\" allowfullscreen=\"true\" style=\"border:0;\" sandbox=\"allow-scripts allow-same-origin allow-popups allow-presentation\"><\/iframe><\/span><\/p>\n<p>&nbsp;<\/p>\n<p>Como entender\u00e1s, viendo la r\u00e1pida evoluci\u00f3n de la investigaci\u00f3n que en 18 a\u00f1os ha conseguido curar un caso en animales, no nos queda otro remedio que mantener la esperanza de poder curar a nuestros hijos e intentar recaudar dinero para ayudar, en la medida de nuestras posibilidades, a la investigaci\u00f3n.<\/p>\n<p>Y, \u00bfpor qu\u00e9 <a href=\"https:\/\/www.finrett.org\/\" target=\"_blank\" rel=\"noopener\"><span style=\"color: #993366;\"><strong>FinRett<\/strong><\/span><\/a>? Sencillo, FinRett es un fondo destinado a financiar proyectos de investigaci\u00f3n para la cura o mejora del s\u00edndrome de Rett. Surge en el marco de un Convenio de Colaboraci\u00f3n entre las <span style=\"color: #ff00ff;\"><a style=\"color: #ff00ff;\" href=\"https:\/\/rett.cat\/es\/\" target=\"_blank\" rel=\"noopener\">Asociaciones Catalana<\/a><\/span> y <span style=\"color: #ff9900;\"><a style=\"color: #ff9900;\" href=\"https:\/\/rett.es\/\" target=\"_blank\" rel=\"noopener\">Espa\u00f1ola de s\u00edndrome de Rett<\/a><\/span>, para dar salida a la necesidad de realizar un proyecto com\u00fan eficaz y transparente que unificase las recaudaciones que las diferentes asociaciones, organismos y particulares realizan y que tienen como fin la investigaci\u00f3n cient\u00edfica del s\u00edndrome de Rett.<\/p>\n<p>La gesti\u00f3n de estos fondos es llevada a cabo a trav\u00e9s de una Comisi\u00f3n de Seguimiento conformada por personas designadas por ambas asociaciones y asesoradas por un Comit\u00e9 Cient\u00edfico, cuyos componentes han sido elegidos un\u00e1nimemente por dicha Comisi\u00f3n de Seguimiento de entre los profesionales m\u00e1s destacados dentro del mundo de la investigaci\u00f3n gen\u00e9tica.<\/p>\n<p>El Comit\u00e9 Cient\u00edfico es el encargado de estudiar los proyectos de investigaci\u00f3n ya existentes y los de nueva creaci\u00f3n que se presenten a las sucesivas convocatorias, y de proponer, de entre los proyectos candidatos, a los merecedores de los fondos recaudados, atendiendo a criterios de viabilidad y calidad.<\/p>\n<p>Este proyecto de uni\u00f3n de esfuerzos en un Fondo Com\u00fan entre las asociaciones de SR legalmente constituidas dentro del territorio nacional, comenz\u00f3 en febrero de 2016. Este Convenio permanece abierto a la incorporaci\u00f3n de otras asociaciones de s\u00edndrome de Rett que cumplan con los requisitos establecidos y que est\u00e9n interesadas en formar parte del proyecto.<\/p>\n<p>Y lo m\u00e1s importante y que nos da garant\u00edas de transparencia, eficiencia, rigor y claridad, que est\u00e1 organizado por y para afectados y familiares de pacientes con S\u00edndrome de Rett, as\u00ed que todo queda en familia. Si quieres mas informaci\u00f3n de <span style=\"color: #993366;\"><a style=\"color: #993366;\" href=\"https:\/\/www.finrett.org\/\" target=\"_blank\" rel=\"noopener\">FinRett puedes hacer click en este enlace.<\/a><\/span><\/p>\n<p>Ahora que ya sabes qu\u00e9 nos mueve el coraz\u00f3n en esta causa, ya tienes un motivo m\u00e1<img data-attachment-id=\"5430\" data-permalink=\"http:\/\/yomeunoalretto.org\/?attachment_id=5430\" data-orig-file=\"http:\/\/yomeunoalretto.org\/wp-content\/uploads\/2021\/07\/QR.jpeg\" data-orig-size=\"360,360\" data-comments-opened=\"1\" data-image-meta=\"{&quot;aperture&quot;:&quot;0&quot;,&quot;credit&quot;:&quot;&quot;,&quot;camera&quot;:&quot;&quot;,&quot;caption&quot;:&quot;&quot;,&quot;created_timestamp&quot;:&quot;0&quot;,&quot;copyright&quot;:&quot;&quot;,&quot;focal_length&quot;:&quot;0&quot;,&quot;iso&quot;:&quot;0&quot;,&quot;shutter_speed&quot;:&quot;0&quot;,&quot;title&quot;:&quot;&quot;,&quot;orientation&quot;:&quot;0&quot;}\" data-image-title=\"QR\" data-image-description=\"\" data-image-caption=\"\" data-medium-file=\"http:\/\/yomeunoalretto.org\/wp-content\/uploads\/2021\/07\/QR-250x250.jpeg\" data-large-file=\"http:\/\/yomeunoalretto.org\/wp-content\/uploads\/2021\/07\/QR.jpeg\" decoding=\"async\" loading=\"lazy\" class=\" wp-image-5430 alignright\" src=\"http:\/\/yomeunoalretto.org\/wp-content\/uploads\/2021\/07\/QR-250x250.jpeg\" alt=\"\" width=\"161\" height=\"161\" srcset=\"http:\/\/yomeunoalretto.org\/wp-content\/uploads\/2021\/07\/QR-250x250.jpeg 250w, http:\/\/yomeunoalretto.org\/wp-content\/uploads\/2021\/07\/QR-100x100.jpeg 100w, http:\/\/yomeunoalretto.org\/wp-content\/uploads\/2021\/07\/QR-168x168.jpeg 168w, http:\/\/yomeunoalretto.org\/wp-content\/uploads\/2021\/07\/QR.jpeg 360w\" sizes=\"(max-width: 161px) 100vw, 161px\" \/>s para implicarte.<\/p>\n<p>Muchas gracias por apoyarnos y por unirte a nuestro Retto. Ya sabes puedes inscribirte en la carrera en este <span style=\"color: #3366ff;\"><strong><a style=\"color: #3366ff;\" href=\"https:\/\/cronofinisher.com\/evento\/v-carrera-de-roche-por-el-sindrome-de-rett\/\" target=\"_blank\" rel=\"noopener\">enlace de la web de cronofinisher<\/a>,<\/strong><\/span> o bien ayudarnos como voluntari@ el dia 08, mandanos un mail a info@yomeunoalretto.org, o con una donaci\u00f3n al dorsal cero en la cuenta de la asociaci\u00f3n <span style=\"color: #ff0000;\">ES87 0133 8694 2342 0000 1836<\/span><\/p>\n<div class=\"sharedaddy sd-sharing-enabled\"><div class=\"robots-nocontent sd-block sd-social sd-social-icon sd-sharing\"><h3 class=\"sd-title\">Comparte esto:<\/h3><div class=\"sd-content\"><ul><li class=\"share-facebook\"><a rel=\"nofollow noopener noreferrer\" data-shared=\"sharing-facebook-5438\" class=\"share-facebook sd-button share-icon no-text\" href=\"http:\/\/yomeunoalretto.org\/?page_id=5438&amp;share=facebook\" target=\"_blank\" title=\"Haz clic para compartir en Facebook\" ><span><\/span><span class=\"sharing-screen-reader-text\">Haz clic para compartir en Facebook (Se abre en una ventana nueva)<\/span><\/a><\/li><li class=\"share-twitter\"><a rel=\"nofollow noopener noreferrer\" data-shared=\"sharing-twitter-5438\" class=\"share-twitter sd-button share-icon no-text\" href=\"http:\/\/yomeunoalretto.org\/?page_id=5438&amp;share=twitter\" target=\"_blank\" title=\"Haz clic para compartir en Twitter\" ><span><\/span><span class=\"sharing-screen-reader-text\">Haz clic para compartir en Twitter (Se abre en una ventana nueva)<\/span><\/a><\/li><li class=\"share-print\"><a rel=\"nofollow noopener noreferrer\" data-shared=\"\" class=\"share-print sd-button share-icon no-text\" href=\"http:\/\/yomeunoalretto.org\/?page_id=5438\" target=\"_blank\" title=\"Haz clic para imprimir\" ><span><\/span><span class=\"sharing-screen-reader-text\">Haz clic para imprimir (Se abre en una ventana nueva)<\/span><\/a><\/li><li class=\"share-email\"><a rel=\"nofollow noopener noreferrer\" data-shared=\"\" class=\"share-email sd-button share-icon no-text\" href=\"mailto:?subject=%5BEntrada%20compartida%5D%20FinRett%3A%20%C2%BFPara%20qu%C3%A9%20montamos%20esta%20carrera%3F&body=http%3A%2F%2Fyomeunoalretto.org%2F%3Fpage_id%3D5438&share=email\" target=\"_blank\" title=\"Haz clic para enviar un enlace por correo electr\u00f3nico a un amigo\" data-email-share-error-title=\"\u00bfTienes un correo electr\u00f3nico configurado?\" data-email-share-error-text=\"Si tienes problemas al compartir por correo electr\u00f3nico, es posible que sea porque no tengas un correo electr\u00f3nico configurado en tu navegador. Puede que tengas que crear un nuevo correo electr\u00f3nico t\u00fa mismo.\" data-email-share-nonce=\"fcdf6f0000\" data-email-share-track-url=\"http:\/\/yomeunoalretto.org\/?page_id=5438&amp;share=email\"><span><\/span><span class=\"sharing-screen-reader-text\">Haz clic para enviar un enlace por correo electr\u00f3nico a un amigo (Se abre en una ventana nueva)<\/span><\/a><\/li><li><a href=\"#\" class=\"sharing-anchor sd-button share-more\"><span>M\u00e1s<\/span><\/a><\/li><li class=\"share-end\"><\/li><\/ul><div class=\"sharing-hidden\"><div class=\"inner\" style=\"display: none;\"><ul><li class=\"share-linkedin\"><a rel=\"nofollow noopener noreferrer\" data-shared=\"sharing-linkedin-5438\" class=\"share-linkedin sd-button share-icon no-text\" href=\"http:\/\/yomeunoalretto.org\/?page_id=5438&amp;share=linkedin\" target=\"_blank\" title=\"Haz clic para compartir en LinkedIn\" ><span><\/span><span class=\"sharing-screen-reader-text\">Haz clic para compartir en LinkedIn (Se abre en una ventana nueva)<\/span><\/a><\/li><li class=\"share-tumblr\"><a rel=\"nofollow noopener noreferrer\" data-shared=\"\" class=\"share-tumblr sd-button share-icon no-text\" href=\"http:\/\/yomeunoalretto.org\/?page_id=5438&amp;share=tumblr\" target=\"_blank\" title=\"Haz clic para compartir en Tumblr\" ><span><\/span><span class=\"sharing-screen-reader-text\">Haz clic para compartir en Tumblr (Se abre en una ventana nueva)<\/span><\/a><\/li><li class=\"share-end\"><\/li><li class=\"share-reddit\"><a rel=\"nofollow noopener noreferrer\" data-shared=\"\" class=\"share-reddit sd-button share-icon no-text\" href=\"http:\/\/yomeunoalretto.org\/?page_id=5438&amp;share=reddit\" target=\"_blank\" title=\"Haz clic para compartir en Reddit\" ><span><\/span><span class=\"sharing-screen-reader-text\">Haz clic para compartir en Reddit (Se abre en una ventana nueva)<\/span><\/a><\/li><li class=\"share-pocket\"><a rel=\"nofollow noopener noreferrer\" data-shared=\"\" class=\"share-pocket sd-button share-icon no-text\" href=\"http:\/\/yomeunoalretto.org\/?page_id=5438&amp;share=pocket\" target=\"_blank\" title=\"Haz clic para compartir en Pocket\" ><span><\/span><span class=\"sharing-screen-reader-text\">Haz clic para compartir en Pocket (Se abre en una ventana nueva)<\/span><\/a><\/li><li class=\"share-end\"><\/li><li class=\"share-pinterest\"><a rel=\"nofollow noopener noreferrer\" data-shared=\"sharing-pinterest-5438\" class=\"share-pinterest sd-button share-icon no-text\" href=\"http:\/\/yomeunoalretto.org\/?page_id=5438&amp;share=pinterest\" target=\"_blank\" title=\"Haz clic para compartir en Pinterest\" ><span><\/span><span class=\"sharing-screen-reader-text\">Haz clic para compartir en Pinterest (Se abre en una ventana nueva)<\/span><\/a><\/li><li class=\"share-end\"><\/li><\/ul><\/div><\/div><\/div><\/div><\/div>","protected":false},"excerpt":{"rendered":"<p>Nunca est\u00e1 de m\u00e1s preguntarse el porqu\u00e9 de las cosas, como tampoco lo est\u00e1 explicar para qu\u00e9 buscamos vuestro apoyo y que colabor\u00e9is con nosotros para la investigaci\u00f3n del S\u00edndrome de Rett, y en particular para la magn\u00edfica labor que a nuestro parecer llevan a cabo en FinRett. Pero vayamos por partes, \u00bfqu\u00e9 es el [&hellip;]<\/p>\n<div class=\"sharedaddy sd-sharing-enabled\"><div class=\"robots-nocontent sd-block sd-social sd-social-icon sd-sharing\"><h3 class=\"sd-title\">Comparte esto:<\/h3><div class=\"sd-content\"><ul><li class=\"share-facebook\"><a rel=\"nofollow noopener noreferrer\" data-shared=\"sharing-facebook-5438\" class=\"share-facebook sd-button share-icon no-text\" href=\"http:\/\/yomeunoalretto.org\/?page_id=5438&amp;share=facebook\" target=\"_blank\" title=\"Haz clic para compartir en Facebook\" ><span><\/span><span class=\"sharing-screen-reader-text\">Haz clic para compartir en Facebook (Se abre en una ventana nueva)<\/span><\/a><\/li><li class=\"share-twitter\"><a rel=\"nofollow noopener noreferrer\" data-shared=\"sharing-twitter-5438\" class=\"share-twitter sd-button share-icon no-text\" href=\"http:\/\/yomeunoalretto.org\/?page_id=5438&amp;share=twitter\" target=\"_blank\" title=\"Haz clic para compartir en Twitter\" ><span><\/span><span class=\"sharing-screen-reader-text\">Haz clic para compartir en Twitter (Se abre en una ventana nueva)<\/span><\/a><\/li><li class=\"share-print\"><a rel=\"nofollow noopener noreferrer\" data-shared=\"\" class=\"share-print sd-button share-icon no-text\" href=\"http:\/\/yomeunoalretto.org\/?page_id=5438\" target=\"_blank\" title=\"Haz clic para imprimir\" ><span><\/span><span class=\"sharing-screen-reader-text\">Haz clic para imprimir (Se abre en una ventana nueva)<\/span><\/a><\/li><li class=\"share-email\"><a rel=\"nofollow noopener noreferrer\" data-shared=\"\" class=\"share-email sd-button share-icon no-text\" href=\"mailto:?subject=%5BEntrada%20compartida%5D%20FinRett%3A%20%C2%BFPara%20qu%C3%A9%20montamos%20esta%20carrera%3F&body=http%3A%2F%2Fyomeunoalretto.org%2F%3Fpage_id%3D5438&share=email\" target=\"_blank\" title=\"Haz clic para enviar un enlace por correo electr\u00f3nico a un amigo\" data-email-share-error-title=\"\u00bfTienes un correo electr\u00f3nico configurado?\" data-email-share-error-text=\"Si tienes problemas al compartir por correo electr\u00f3nico, es posible que sea porque no tengas un correo electr\u00f3nico configurado en tu navegador. Puede que tengas que crear un nuevo correo electr\u00f3nico t\u00fa mismo.\" data-email-share-nonce=\"fcdf6f0000\" data-email-share-track-url=\"http:\/\/yomeunoalretto.org\/?page_id=5438&amp;share=email\"><span><\/span><span class=\"sharing-screen-reader-text\">Haz clic para enviar un enlace por correo electr\u00f3nico a un amigo (Se abre en una ventana nueva)<\/span><\/a><\/li><li><a href=\"#\" class=\"sharing-anchor sd-button share-more\"><span>M\u00e1s<\/span><\/a><\/li><li class=\"share-end\"><\/li><\/ul><div class=\"sharing-hidden\"><div class=\"inner\" style=\"display: none;\"><ul><li class=\"share-linkedin\"><a rel=\"nofollow noopener noreferrer\" data-shared=\"sharing-linkedin-5438\" class=\"share-linkedin sd-button share-icon no-text\" href=\"http:\/\/yomeunoalretto.org\/?page_id=5438&amp;share=linkedin\" target=\"_blank\" title=\"Haz clic para compartir en LinkedIn\" ><span><\/span><span class=\"sharing-screen-reader-text\">Haz clic para compartir en LinkedIn (Se abre en una ventana nueva)<\/span><\/a><\/li><li class=\"share-tumblr\"><a rel=\"nofollow noopener noreferrer\" data-shared=\"\" class=\"share-tumblr sd-button share-icon no-text\" href=\"http:\/\/yomeunoalretto.org\/?page_id=5438&amp;share=tumblr\" target=\"_blank\" title=\"Haz clic para compartir en Tumblr\" ><span><\/span><span class=\"sharing-screen-reader-text\">Haz clic para compartir en Tumblr (Se abre en una ventana nueva)<\/span><\/a><\/li><li class=\"share-end\"><\/li><li class=\"share-reddit\"><a rel=\"nofollow noopener noreferrer\" data-shared=\"\" class=\"share-reddit sd-button share-icon no-text\" href=\"http:\/\/yomeunoalretto.org\/?page_id=5438&amp;share=reddit\" target=\"_blank\" title=\"Haz clic para compartir en Reddit\" ><span><\/span><span class=\"sharing-screen-reader-text\">Haz clic para compartir en Reddit (Se abre en una ventana nueva)<\/span><\/a><\/li><li class=\"share-pocket\"><a rel=\"nofollow noopener noreferrer\" data-shared=\"\" class=\"share-pocket sd-button share-icon no-text\" href=\"http:\/\/yomeunoalretto.org\/?page_id=5438&amp;share=pocket\" target=\"_blank\" title=\"Haz clic para compartir en Pocket\" ><span><\/span><span class=\"sharing-screen-reader-text\">Haz clic para compartir en Pocket (Se abre en una ventana nueva)<\/span><\/a><\/li><li class=\"share-end\"><\/li><li class=\"share-pinterest\"><a rel=\"nofollow noopener noreferrer\" data-shared=\"sharing-pinterest-5438\" class=\"share-pinterest sd-button share-icon no-text\" href=\"http:\/\/yomeunoalretto.org\/?page_id=5438&amp;share=pinterest\" target=\"_blank\" title=\"Haz clic para compartir en Pinterest\" ><span><\/span><span class=\"sharing-screen-reader-text\">Haz clic para compartir en Pinterest (Se abre en una ventana nueva)<\/span><\/a><\/li><li class=\"share-end\"><\/li><\/ul><\/div><\/div><\/div><\/div><\/div>","protected":false},"author":1,"featured_media":0,"parent":0,"menu_order":0,"comment_status":"closed","ping_status":"closed","template":"","meta":[],"jetpack_shortlink":"https:\/\/wp.me\/P4JzDn-1pI","jetpack_sharing_enabled":true,"_links":{"self":[{"href":"http:\/\/yomeunoalretto.org\/index.php?rest_route=\/wp\/v2\/pages\/5438"}],"collection":[{"href":"http:\/\/yomeunoalretto.org\/index.php?rest_route=\/wp\/v2\/pages"}],"about":[{"href":"http:\/\/yomeunoalretto.org\/index.php?rest_route=\/wp\/v2\/types\/page"}],"author":[{"embeddable":true,"href":"http:\/\/yomeunoalretto.org\/index.php?rest_route=\/wp\/v2\/users\/1"}],"replies":[{"embeddable":true,"href":"http:\/\/yomeunoalretto.org\/index.php?rest_route=%2Fwp%2Fv2%2Fcomments&post=5438"}],"version-history":[{"count":5,"href":"http:\/\/yomeunoalretto.org\/index.php?rest_route=\/wp\/v2\/pages\/5438\/revisions"}],"predecessor-version":[{"id":5446,"href":"http:\/\/yomeunoalretto.org\/index.php?rest_route=\/wp\/v2\/pages\/5438\/revisions\/5446"}],"wp:attachment":[{"href":"http:\/\/yomeunoalretto.org\/index.php?rest_route=%2Fwp%2Fv2%2Fmedia&parent=5438"}],"curies":[{"name":"wp","href":"https:\/\/api.w.org\/{rel}","templated":true}]}}