{"id":4843,"date":"2018-07-02T19:36:48","date_gmt":"2018-07-02T18:36:48","guid":{"rendered":"http:\/\/yomeunoalretto.org\/?page_id=4843"},"modified":"2018-07-02T19:36:48","modified_gmt":"2018-07-02T18:36:48","slug":"aviso-legal-2","status":"publish","type":"page","link":"http:\/\/yomeunoalretto.org\/?page_id=4843","title":{"rendered":"Aviso legal"},"content":{"rendered":"<p><strong>DATOS IDENTIFICATIVOS:<\/strong><\/p>\n<p>\u201cEn cumplimiento del art\u00edculo 10 de la Ley 34\/2002, del 11 de julio, de servicios de la Sociedad de la Informaci\u00f3n y Comercio Electr\u00f3nico (LSSICE) se exponen a continuaci\u00f3n los datos identificativos de la empresa. Raz\u00f3n social: ASOCIACION GADITANA YO ME UNO AL RETTO, POR LA INVESTIGACI\u00d3N DEL SINDROME DE RETT C.I.F. n\u00famero G72263148. Direcci\u00f3n: Calle Enrique de las Marinas, N\u00famero 3, Planta 1, Bajo, C\u00e1diz, C\u00f3digo Postal 11003. Tel\u00e9fono: 608586589. Email: info@yomeunoalretto.org. Inscrita en la secci\u00f3n 1 del Registro de Asociaciones de Andaluc\u00eda de la Consejer\u00eda de Justicia en Interior de la Junta de Andaluc\u00eda con el n\u00famero 11480.<\/p>\n<p><strong>USO Y ACCESO DE USUARIOS:<\/strong><\/p>\n<p>El Usuario queda informado, y acepta, que el acceso a la presente web no supone, en modo alguno, el inicio de una relaci\u00f3n comercial con ASOCIACION GADITANA YO ME UNO AL RETTO, POR LA INVESTIGACI\u00d3N DEL SINDROME DE RETT<\/p>\n<p><strong> USO DEL PORTAL:<\/strong><\/p>\n<p>www.yomeunoalretto.org proporciona el acceso a \u00a0multitud de informaciones, servicios, programas o datos (en \u00a0adelante, \u00ablos contenidos\u00bb) en Internet pertenecientes a ASOCIACION GADITANA YO ME UNO AL RETTO, POR LA INVESTIGACI\u00d3N DEL SINDROME DE RETT. El USUARIO asume la responsabilidad del uso del portal. Dicha responsabilidad se extiende al registro que fuese necesario para acceder a determinados servicios o contenidos.<\/p>\n<p>En dicho registro, el USUARIO ser\u00e1 responsable de aportar informaci\u00f3n veraz y l\u00edcita. Como consecuencia de este registro, al USUARIO se le puede proporcionar una contrase\u00f1a de la que ser\u00e1 responsable, comprometi\u00e9ndose a hacer un uso diligente y confidencial de la misma. El USUARIO se compromete a hacer un uso adecuado de los contenidos y servicios\u00a0 que ASOCIACION GADITANA YO ME UNO AL RETTO, POR LA INVESTIGACI\u00d3N DEL SINDROME DE RETT ofrece a trav\u00e9s de su portal y con car\u00e1cter enunciativo pero no limitativo, a no emplearlos para \u00a0incurrir en actividades il\u00edcitas, ilegales o contrarias a la buena fe y al orden p\u00fablico; difundir contenidos o propaganda de car\u00e1cter racista, xen\u00f3fobo, pornogr\u00e1fico-ilegal, de apolog\u00eda del terrorismo o atentatorio contra los derechos humanos; \u00a0provocar da\u00f1os en los sistemas f\u00edsicos y l\u00f3gicos de Nombre de la entidad creadora del sitio web, de sus proveedores o de terceras personas, introducir o difundir en la red virus inform\u00e1ticos o cualesquiera otros sistemas f\u00edsicos o l\u00f3gicos que sean susceptibles de provocar los da\u00f1os anteriormente mencionados; intentar acceder y, en su caso, utilizar las cuentas de correo electr\u00f3nico de otros usuarios y modificar o manipular sus mensajes. ASOCIACION GADITANA YO ME UNO AL RETTO, POR LA INVESTIGACI\u00d3N DEL SINDROME DE RETT se reserva el derecho de retirar todos aquellos comentarios y aportaciones que vulneren el respeto a la dignidad de la persona, que sean discriminatorios, xen\u00f3fobos, racistas, pornogr\u00e1ficos, que atenten contra la juventud o la infancia, el orden o la seguridad p\u00fablica o que, a su juicio, no resultaran adecuados para su publicaci\u00f3n. En cualquier caso, ASOCIACION GADITANA YO ME UNO AL RETTO, POR LA INVESTIGACI\u00d3N DEL SINDROME DE RETT no ser\u00e1 responsable de las opiniones vertidas por los usuarios a trav\u00e9s de los foros, chats, u otras herramientas de participaci\u00f3n.<\/p>\n<p><strong>PROPIEDAD INTELECTUAL E INDUSTRIAL.<\/strong><\/p>\n<p>Los derechos de propiedad intelectual del contenido de la p\u00e1gina web, su dise\u00f1o gr\u00e1fico y c\u00f3digos son titularidad de ASOCIACION GADITANA YO ME UNO AL RETTO, POR LA INVESTIGACI\u00d3N DEL SINDROME DE RETT y, por tanto, queda prohibida su reproducci\u00f3n, distribuci\u00f3n, comunicaci\u00f3n p\u00fablica, transformaci\u00f3n o cualquier otra actividad que se pueda realizar con los contenidos de su p\u00e1gina web ni aun citando las fuentes, salvo consentimiento por escrito de ASOCIACION GADITANA YO ME UNO AL RETTO, POR LA INVESTIGACI\u00d3N DEL SINDROME DE RETT.<\/p>\n<p><strong>EXCLUSI\u00d3N DE GARANT\u00cdAS Y RESPONSABILIDAD<\/strong><\/p>\n<p>ASOCIACION GADITANA YO ME UNO AL RETTO, POR LA INVESTIGACI\u00d3N DEL SINDROME DE RETT no se hace responsable, en ning\u00fan caso, de los da\u00f1os y perjuicios de cualquier naturaleza que pudieran ocasionar, a t\u00edtulo enunciativo: errores u omisiones en los contenidos, falta de disponibilidad del portal o la transmisi\u00f3n de virus o programas maliciosos o lesivos en los contenidos, a pesar de haber adoptado todas las medidas tecnol\u00f3gicas necesarias para evitarlo.<\/p>\n<p><strong>CONTENIDO DE LA WEB Y ENLACES (LINKS).<\/strong><\/p>\n<p>ASOCIACION GADITANA YO ME UNO AL RETTO, POR LA INVESTIGACI\u00d3N DEL SINDROME DE RETT no asume responsabilidad alguna por la informaci\u00f3n contenida en p\u00e1ginas web de terceros a las que se pueda acceder por \u00ablinks\u00bb o enlaces desde cualquier p\u00e1gina web propiedad de ASOCIACION GADITANA YO ME UNO AL RETTO, POR LA INVESTIGACI\u00d3N DEL SINDROME DE RETT. La presencia de \u00ablinks\u00bb o enlaces en las p\u00e1ginas web de ASOCIACION GADITANA YO ME UNO AL RETTO, POR LA INVESTIGACI\u00d3N DEL SINDROME DE RETT tiene finalidad meramente informativa y en ning\u00fan caso supone sugerencia, invitaci\u00f3n o recomendaci\u00f3n sobre los mismos.<\/p>\n<p><strong> MODIFICACIONES:<\/strong><\/p>\n<p>ASOCIACION GADITANA YO ME UNO AL RETTO, POR LA INVESTIGACI\u00d3N DEL SINDROME DE RETT se reserva el derecho de efectuar sin previo aviso las modificaciones que considere oportunas en su portal, pudiendo cambiar, suprimir o a\u00f1adir tanto los contenidos y servicios que se presten a trav\u00e9s de la misma, como la forma en la que \u00e9stos aparezcan presentados o localizados en su portal.<\/p>\n<p><strong>EXCLUSI\u00d3N<\/strong><\/p>\n<p>ASOCIACION GADITANA YO ME UNO AL RETTO, POR LA INVESTIGACI\u00d3N DEL SINDROME DE RETT se reserva el derecho a denegar o retirar el acceso a portal y\/o los servicios ofrecidos sin necesidad de preaviso, a instancia propia o de un tercero, a aquellos usuarios que incumplan las presentes Condiciones Generales de Uso.<\/p>\n<p>ASOCIACION GADITANA YO ME UNO AL RETTO, POR LA INVESTIGACI\u00d3N DEL SINDROME DE RETT se reserva el derecho a actualizar, modificar o eliminar la informaci\u00f3n contenida en sus p\u00e1ginas web pudiendo incluso limitar o no permitir el acceso a dicha informaci\u00f3n a ciertos usuarios.<\/p>\n<p><strong>GENERALIDADES:<\/strong><\/p>\n<p>ASOCIACION GADITANA YO ME UNO AL RETTO, POR LA INVESTIGACI\u00d3N DEL SINDROME DE RETT perseguir\u00e1 el incumplimiento de las presentes condiciones, as\u00ed como cualquier utilizaci\u00f3n indebida de su portal ejerciendo todas las acciones civiles y penales que le puedan corresponder en derecho.<\/p>\n<p><strong>LEGISLACI\u00d3N.<\/strong><\/p>\n<p>Con car\u00e1cter general las relaciones entre ASOCIACION GADITANA YO ME UNO AL RETTO, POR LA INVESTIGACI\u00d3N DEL SINDROME DE RETT con los Usuarios de sus servicios telem\u00e1ticos, presentes en este sitio web, se encuentran sometidas a la legislaci\u00f3n y jurisdicci\u00f3n espa\u00f1olas.<\/p>\n<div class=\"sharedaddy sd-sharing-enabled\"><div class=\"robots-nocontent sd-block sd-social sd-social-icon sd-sharing\"><h3 class=\"sd-title\">Comparte esto:<\/h3><div class=\"sd-content\"><ul><li class=\"share-facebook\"><a rel=\"nofollow noopener noreferrer\" data-shared=\"sharing-facebook-4843\" class=\"share-facebook sd-button share-icon no-text\" href=\"http:\/\/yomeunoalretto.org\/?page_id=4843&amp;share=facebook\" target=\"_blank\" title=\"Haz clic para compartir en Facebook\" ><span><\/span><span class=\"sharing-screen-reader-text\">Haz clic para compartir en Facebook (Se abre en una ventana nueva)<\/span><\/a><\/li><li class=\"share-twitter\"><a rel=\"nofollow noopener noreferrer\" data-shared=\"sharing-twitter-4843\" class=\"share-twitter sd-button share-icon no-text\" href=\"http:\/\/yomeunoalretto.org\/?page_id=4843&amp;share=twitter\" target=\"_blank\" title=\"Haz clic para compartir en Twitter\" ><span><\/span><span class=\"sharing-screen-reader-text\">Haz clic para compartir en Twitter (Se abre en una ventana nueva)<\/span><\/a><\/li><li class=\"share-print\"><a rel=\"nofollow noopener noreferrer\" data-shared=\"\" class=\"share-print sd-button share-icon no-text\" href=\"http:\/\/yomeunoalretto.org\/?page_id=4843\" target=\"_blank\" title=\"Haz clic para imprimir\" ><span><\/span><span class=\"sharing-screen-reader-text\">Haz clic para imprimir (Se abre en una ventana nueva)<\/span><\/a><\/li><li class=\"share-email\"><a rel=\"nofollow noopener noreferrer\" data-shared=\"\" class=\"share-email sd-button share-icon no-text\" href=\"mailto:?subject=%5BEntrada%20compartida%5D%20Aviso%20legal&body=http%3A%2F%2Fyomeunoalretto.org%2F%3Fpage_id%3D4843&share=email\" target=\"_blank\" title=\"Haz clic para enviar un enlace por correo electr\u00f3nico a un amigo\" data-email-share-error-title=\"\u00bfTienes un correo electr\u00f3nico configurado?\" data-email-share-error-text=\"Si tienes problemas al compartir por correo electr\u00f3nico, es posible que sea porque no tengas un correo electr\u00f3nico configurado en tu navegador. Puede que tengas que crear un nuevo correo electr\u00f3nico t\u00fa mismo.\" data-email-share-nonce=\"c66ac69722\" data-email-share-track-url=\"http:\/\/yomeunoalretto.org\/?page_id=4843&amp;share=email\"><span><\/span><span class=\"sharing-screen-reader-text\">Haz clic para enviar un enlace por correo electr\u00f3nico a un amigo (Se abre en una ventana nueva)<\/span><\/a><\/li><li><a href=\"#\" class=\"sharing-anchor sd-button share-more\"><span>M\u00e1s<\/span><\/a><\/li><li class=\"share-end\"><\/li><\/ul><div class=\"sharing-hidden\"><div class=\"inner\" style=\"display: none;\"><ul><li class=\"share-linkedin\"><a rel=\"nofollow noopener noreferrer\" data-shared=\"sharing-linkedin-4843\" class=\"share-linkedin sd-button share-icon no-text\" href=\"http:\/\/yomeunoalretto.org\/?page_id=4843&amp;share=linkedin\" target=\"_blank\" title=\"Haz clic para compartir en LinkedIn\" ><span><\/span><span class=\"sharing-screen-reader-text\">Haz clic para compartir en LinkedIn (Se abre en una ventana nueva)<\/span><\/a><\/li><li class=\"share-tumblr\"><a rel=\"nofollow noopener noreferrer\" data-shared=\"\" class=\"share-tumblr sd-button share-icon no-text\" href=\"http:\/\/yomeunoalretto.org\/?page_id=4843&amp;share=tumblr\" target=\"_blank\" title=\"Haz clic para compartir en Tumblr\" ><span><\/span><span class=\"sharing-screen-reader-text\">Haz clic para compartir en Tumblr (Se abre en una ventana nueva)<\/span><\/a><\/li><li class=\"share-end\"><\/li><li class=\"share-reddit\"><a rel=\"nofollow noopener noreferrer\" data-shared=\"\" class=\"share-reddit sd-button share-icon no-text\" href=\"http:\/\/yomeunoalretto.org\/?page_id=4843&amp;share=reddit\" target=\"_blank\" title=\"Haz clic para compartir en Reddit\" ><span><\/span><span class=\"sharing-screen-reader-text\">Haz clic para compartir en Reddit (Se abre en una ventana nueva)<\/span><\/a><\/li><li class=\"share-pocket\"><a rel=\"nofollow noopener noreferrer\" data-shared=\"\" class=\"share-pocket sd-button share-icon no-text\" href=\"http:\/\/yomeunoalretto.org\/?page_id=4843&amp;share=pocket\" target=\"_blank\" title=\"Haz clic para compartir en Pocket\" ><span><\/span><span class=\"sharing-screen-reader-text\">Haz clic para compartir en Pocket (Se abre en una ventana nueva)<\/span><\/a><\/li><li class=\"share-end\"><\/li><li class=\"share-pinterest\"><a rel=\"nofollow noopener noreferrer\" data-shared=\"sharing-pinterest-4843\" class=\"share-pinterest sd-button share-icon no-text\" href=\"http:\/\/yomeunoalretto.org\/?page_id=4843&amp;share=pinterest\" target=\"_blank\" title=\"Haz clic para compartir en Pinterest\" ><span><\/span><span class=\"sharing-screen-reader-text\">Haz clic para compartir en Pinterest (Se abre en una ventana nueva)<\/span><\/a><\/li><li class=\"share-end\"><\/li><\/ul><\/div><\/div><\/div><\/div><\/div>","protected":false},"excerpt":{"rendered":"<p>DATOS IDENTIFICATIVOS: \u201cEn cumplimiento del art\u00edculo 10 de la Ley 34\/2002, del 11 de julio, de servicios de la Sociedad de la Informaci\u00f3n y Comercio Electr\u00f3nico (LSSICE) se exponen a continuaci\u00f3n los datos identificativos de la empresa. Raz\u00f3n social: ASOCIACION GADITANA YO ME UNO AL RETTO, POR LA INVESTIGACI\u00d3N DEL SINDROME DE RETT C.I.F. n\u00famero [&hellip;]<\/p>\n<div class=\"sharedaddy sd-sharing-enabled\"><div class=\"robots-nocontent sd-block sd-social sd-social-icon sd-sharing\"><h3 class=\"sd-title\">Comparte esto:<\/h3><div class=\"sd-content\"><ul><li class=\"share-facebook\"><a rel=\"nofollow noopener noreferrer\" data-shared=\"sharing-facebook-4843\" class=\"share-facebook sd-button share-icon no-text\" href=\"http:\/\/yomeunoalretto.org\/?page_id=4843&amp;share=facebook\" target=\"_blank\" title=\"Haz clic para compartir en Facebook\" ><span><\/span><span class=\"sharing-screen-reader-text\">Haz clic para compartir en Facebook (Se abre en una ventana nueva)<\/span><\/a><\/li><li class=\"share-twitter\"><a rel=\"nofollow noopener noreferrer\" data-shared=\"sharing-twitter-4843\" class=\"share-twitter sd-button share-icon no-text\" href=\"http:\/\/yomeunoalretto.org\/?page_id=4843&amp;share=twitter\" target=\"_blank\" title=\"Haz clic para compartir en Twitter\" ><span><\/span><span class=\"sharing-screen-reader-text\">Haz clic para compartir en Twitter (Se abre en una ventana nueva)<\/span><\/a><\/li><li class=\"share-print\"><a rel=\"nofollow noopener noreferrer\" data-shared=\"\" class=\"share-print sd-button share-icon no-text\" href=\"http:\/\/yomeunoalretto.org\/?page_id=4843\" target=\"_blank\" title=\"Haz clic para imprimir\" ><span><\/span><span class=\"sharing-screen-reader-text\">Haz clic para imprimir (Se abre en una ventana nueva)<\/span><\/a><\/li><li class=\"share-email\"><a rel=\"nofollow noopener noreferrer\" data-shared=\"\" class=\"share-email sd-button share-icon no-text\" href=\"mailto:?subject=%5BEntrada%20compartida%5D%20Aviso%20legal&body=http%3A%2F%2Fyomeunoalretto.org%2F%3Fpage_id%3D4843&share=email\" target=\"_blank\" title=\"Haz clic para enviar un enlace por correo electr\u00f3nico a un amigo\" data-email-share-error-title=\"\u00bfTienes un correo electr\u00f3nico configurado?\" data-email-share-error-text=\"Si tienes problemas al compartir por correo electr\u00f3nico, es posible que sea porque no tengas un correo electr\u00f3nico configurado en tu navegador. Puede que tengas que crear un nuevo correo electr\u00f3nico t\u00fa mismo.\" data-email-share-nonce=\"c66ac69722\" data-email-share-track-url=\"http:\/\/yomeunoalretto.org\/?page_id=4843&amp;share=email\"><span><\/span><span class=\"sharing-screen-reader-text\">Haz clic para enviar un enlace por correo electr\u00f3nico a un amigo (Se abre en una ventana nueva)<\/span><\/a><\/li><li><a href=\"#\" class=\"sharing-anchor sd-button share-more\"><span>M\u00e1s<\/span><\/a><\/li><li class=\"share-end\"><\/li><\/ul><div class=\"sharing-hidden\"><div class=\"inner\" style=\"display: none;\"><ul><li class=\"share-linkedin\"><a rel=\"nofollow noopener noreferrer\" data-shared=\"sharing-linkedin-4843\" class=\"share-linkedin sd-button share-icon no-text\" href=\"http:\/\/yomeunoalretto.org\/?page_id=4843&amp;share=linkedin\" target=\"_blank\" title=\"Haz clic para compartir en LinkedIn\" ><span><\/span><span class=\"sharing-screen-reader-text\">Haz clic para compartir en LinkedIn (Se abre en una ventana nueva)<\/span><\/a><\/li><li class=\"share-tumblr\"><a rel=\"nofollow noopener noreferrer\" data-shared=\"\" class=\"share-tumblr sd-button share-icon no-text\" href=\"http:\/\/yomeunoalretto.org\/?page_id=4843&amp;share=tumblr\" target=\"_blank\" title=\"Haz clic para compartir en Tumblr\" ><span><\/span><span class=\"sharing-screen-reader-text\">Haz clic para compartir en Tumblr (Se abre en una ventana nueva)<\/span><\/a><\/li><li class=\"share-end\"><\/li><li class=\"share-reddit\"><a rel=\"nofollow noopener noreferrer\" data-shared=\"\" class=\"share-reddit sd-button share-icon no-text\" href=\"http:\/\/yomeunoalretto.org\/?page_id=4843&amp;share=reddit\" target=\"_blank\" title=\"Haz clic para compartir en Reddit\" ><span><\/span><span class=\"sharing-screen-reader-text\">Haz clic para compartir en Reddit (Se abre en una ventana nueva)<\/span><\/a><\/li><li class=\"share-pocket\"><a rel=\"nofollow noopener noreferrer\" data-shared=\"\" class=\"share-pocket sd-button share-icon no-text\" href=\"http:\/\/yomeunoalretto.org\/?page_id=4843&amp;share=pocket\" target=\"_blank\" title=\"Haz clic para compartir en Pocket\" ><span><\/span><span class=\"sharing-screen-reader-text\">Haz clic para compartir en Pocket (Se abre en una ventana nueva)<\/span><\/a><\/li><li class=\"share-end\"><\/li><li class=\"share-pinterest\"><a rel=\"nofollow noopener noreferrer\" data-shared=\"sharing-pinterest-4843\" class=\"share-pinterest sd-button share-icon no-text\" href=\"http:\/\/yomeunoalretto.org\/?page_id=4843&amp;share=pinterest\" target=\"_blank\" title=\"Haz clic para compartir en Pinterest\" ><span><\/span><span class=\"sharing-screen-reader-text\">Haz clic para compartir en Pinterest (Se abre en una ventana nueva)<\/span><\/a><\/li><li class=\"share-end\"><\/li><\/ul><\/div><\/div><\/div><\/div><\/div>","protected":false},"author":1,"featured_media":0,"parent":0,"menu_order":0,"comment_status":"closed","ping_status":"closed","template":"","meta":[],"jetpack_shortlink":"https:\/\/wp.me\/P4JzDn-1g7","jetpack_sharing_enabled":true,"_links":{"self":[{"href":"http:\/\/yomeunoalretto.org\/index.php?rest_route=\/wp\/v2\/pages\/4843"}],"collection":[{"href":"http:\/\/yomeunoalretto.org\/index.php?rest_route=\/wp\/v2\/pages"}],"about":[{"href":"http:\/\/yomeunoalretto.org\/index.php?rest_route=\/wp\/v2\/types\/page"}],"author":[{"embeddable":true,"href":"http:\/\/yomeunoalretto.org\/index.php?rest_route=\/wp\/v2\/users\/1"}],"replies":[{"embeddable":true,"href":"http:\/\/yomeunoalretto.org\/index.php?rest_route=%2Fwp%2Fv2%2Fcomments&post=4843"}],"version-history":[{"count":1,"href":"http:\/\/yomeunoalretto.org\/index.php?rest_route=\/wp\/v2\/pages\/4843\/revisions"}],"predecessor-version":[{"id":4844,"href":"http:\/\/yomeunoalretto.org\/index.php?rest_route=\/wp\/v2\/pages\/4843\/revisions\/4844"}],"wp:attachment":[{"href":"http:\/\/yomeunoalretto.org\/index.php?rest_route=%2Fwp%2Fv2%2Fmedia&parent=4843"}],"curies":[{"name":"wp","href":"https:\/\/api.w.org\/{rel}","templated":true}]}}