{"id":4730,"date":"2017-09-05T12:09:55","date_gmt":"2017-09-05T11:09:55","guid":{"rendered":"http:\/\/yomeunoalretto.org\/?page_id=4730"},"modified":"2017-09-05T12:27:30","modified_gmt":"2017-09-05T11:27:30","slug":"vamos-a-arrimar-el-hombro-un-poquito-mas","status":"publish","type":"page","link":"http:\/\/yomeunoalretto.org\/?page_id=4730","title":{"rendered":"Vamos a arrimar el hombro un poquito m\u00e1s"},"content":{"rendered":"<p>Una vez finalizados los eventos del pasado fin de semana, y como son muchas las empresas, amigos y negocios que han querido ayudar, con todos los bonos que nos han ofrecido hemos decidido sortearlos en un gran sorteo que se celebrar\u00e1 el pr\u00f3ximo 03 de octubre.<\/p>\n<p><img data-attachment-id=\"4731\" data-permalink=\"http:\/\/yomeunoalretto.org\/?attachment_id=4731\" data-orig-file=\"http:\/\/yomeunoalretto.org\/wp-content\/uploads\/2017\/09\/FullSizeRender.jpg\" data-orig-size=\"2448,3264\" data-comments-opened=\"1\" data-image-meta=\"{&quot;aperture&quot;:&quot;2.2&quot;,&quot;credit&quot;:&quot;&quot;,&quot;camera&quot;:&quot;iPhone 5s&quot;,&quot;caption&quot;:&quot;&quot;,&quot;created_timestamp&quot;:&quot;1504615958&quot;,&quot;copyright&quot;:&quot;&quot;,&quot;focal_length&quot;:&quot;4.15&quot;,&quot;iso&quot;:&quot;40&quot;,&quot;shutter_speed&quot;:&quot;0.01&quot;,&quot;title&quot;:&quot;&quot;,&quot;orientation&quot;:&quot;0&quot;}\" data-image-title=\"FullSizeRender\" data-image-description=\"\" data-image-caption=\"\" data-medium-file=\"http:\/\/yomeunoalretto.org\/wp-content\/uploads\/2017\/09\/FullSizeRender-188x250.jpg\" data-large-file=\"http:\/\/yomeunoalretto.org\/wp-content\/uploads\/2017\/09\/FullSizeRender-768x1024.jpg\" decoding=\"async\" loading=\"lazy\" class=\"alignleft size-medium wp-image-4731\" src=\"http:\/\/yomeunoalretto.org\/wp-content\/uploads\/2017\/09\/FullSizeRender-188x250.jpg\" alt=\"\" width=\"188\" height=\"250\" srcset=\"http:\/\/yomeunoalretto.org\/wp-content\/uploads\/2017\/09\/FullSizeRender-188x250.jpg 188w, http:\/\/yomeunoalretto.org\/wp-content\/uploads\/2017\/09\/FullSizeRender-768x1024.jpg 768w, http:\/\/yomeunoalretto.org\/wp-content\/uploads\/2017\/09\/FullSizeRender-126x168.jpg 126w\" sizes=\"(max-width: 188px) 100vw, 188px\" \/><\/p>\n<p>Al portador de la papeleta cuyo n\u00famero coincida con las tres \u00faltimas cifras del sorteo de la once del pr\u00f3ximo 3 de octubre ser\u00e1 agraciado con el siguiente lote de premios:<\/p>\n<p>Una camiseta Oficial del Cadiz CF firmada por todos los jugadores.<\/p>\n<p>Bono de dos sesiones de Fisioterapia en <a href=\"https:\/\/es-es.facebook.com\/Fisiocentro-TEY-1647660975469199\/\" target=\"_blank\" rel=\"noopener\"><strong>Fisiocentro C\u00e1diz.<\/strong><\/a><\/p>\n<p>Una invitaci\u00f3n para 2 personas para disfrutar de un Almuerzo o Cena en el <a href=\"http:\/\/www.elfarodecadiz.com\/\" target=\"_blank\" rel=\"noopener\"><span style=\"color: #339966;\"><strong>Restaurante el Faro de C\u00e1diz.<\/strong><\/span><\/a><\/p>\n<p>Bono de noche de Hotel para dos personas en <a href=\"http:\/\/www.hotellacatedral.com\/index.php\" target=\"_blank\" rel=\"noopener\"><span style=\"color: #ff0000;\"><strong>Hotel la Catedral, C\u00e1diz.<\/strong><\/span><\/a><\/p>\n<p>Un tratamiento de higiene facial en <a href=\"http:\/\/www.bahiadecadiz.eu\/web\/CARMIN\" target=\"_blank\" rel=\"noopener\"><strong><span style=\"color: #cc99ff;\">Centro de Est\u00e9tica Carmin.<\/span><\/strong><\/a><\/p>\n<p>Un Corte de Pelo o Barba, en <a href=\"https:\/\/es-es.facebook.com\/malevobarberia\/\" target=\"_blank\" rel=\"noopener\"><strong><span style=\"color: #808000;\">Barber\u00eda Malevo.<\/span><\/strong><\/a><\/p>\n<p>Un Corte de Pelo, en <a href=\"http:\/\/www.enriquevaliente.com\/\" target=\"_blank\" rel=\"noopener\"><span style=\"color: #ffcc00;\"><strong>Centro de Estilismo y Est\u00e9tica Enrique Valiente.<\/strong><\/span><\/a><\/p>\n<p>Yo no me perder\u00eda esta posibilidad de llevarte este lote de premios por solo <em><strong>2,5 \u20acuros,<\/strong><\/em> adem\u00e1s de que vamos a sacar <em><strong>muy pocas papeletas y la posibilidad de acertar es muy grande<\/strong><\/em>, casi tanto como las ganas de colaborar de todos los establecimientos que la patrocinan.<\/p>\n<div class=\"sharedaddy sd-sharing-enabled\"><div class=\"robots-nocontent sd-block sd-social sd-social-icon sd-sharing\"><h3 class=\"sd-title\">Comparte esto:<\/h3><div class=\"sd-content\"><ul><li class=\"share-facebook\"><a rel=\"nofollow noopener noreferrer\" data-shared=\"sharing-facebook-4730\" class=\"share-facebook sd-button share-icon no-text\" href=\"http:\/\/yomeunoalretto.org\/?page_id=4730&amp;share=facebook\" target=\"_blank\" title=\"Haz clic para compartir en Facebook\" ><span><\/span><span class=\"sharing-screen-reader-text\">Haz clic para compartir en Facebook (Se abre en una ventana nueva)<\/span><\/a><\/li><li class=\"share-twitter\"><a rel=\"nofollow noopener noreferrer\" data-shared=\"sharing-twitter-4730\" class=\"share-twitter sd-button share-icon no-text\" href=\"http:\/\/yomeunoalretto.org\/?page_id=4730&amp;share=twitter\" target=\"_blank\" title=\"Haz clic para compartir en Twitter\" ><span><\/span><span class=\"sharing-screen-reader-text\">Haz clic para compartir en Twitter (Se abre en una ventana nueva)<\/span><\/a><\/li><li class=\"share-print\"><a rel=\"nofollow noopener noreferrer\" data-shared=\"\" class=\"share-print sd-button share-icon no-text\" href=\"http:\/\/yomeunoalretto.org\/?page_id=4730\" target=\"_blank\" title=\"Haz clic para imprimir\" ><span><\/span><span class=\"sharing-screen-reader-text\">Haz clic para imprimir (Se abre en una ventana nueva)<\/span><\/a><\/li><li class=\"share-email\"><a rel=\"nofollow noopener noreferrer\" data-shared=\"\" class=\"share-email sd-button share-icon no-text\" href=\"mailto:?subject=%5BEntrada%20compartida%5D%20Vamos%20a%20arrimar%20el%20hombro%20un%20poquito%20m%C3%A1s&body=http%3A%2F%2Fyomeunoalretto.org%2F%3Fpage_id%3D4730&share=email\" target=\"_blank\" title=\"Haz clic para enviar un enlace por correo electr\u00f3nico a un amigo\" data-email-share-error-title=\"\u00bfTienes un correo electr\u00f3nico configurado?\" data-email-share-error-text=\"Si tienes problemas al compartir por correo electr\u00f3nico, es posible que sea porque no tengas un correo electr\u00f3nico configurado en tu navegador. Puede que tengas que crear un nuevo correo electr\u00f3nico t\u00fa mismo.\" data-email-share-nonce=\"ec91fda365\" data-email-share-track-url=\"http:\/\/yomeunoalretto.org\/?page_id=4730&amp;share=email\"><span><\/span><span class=\"sharing-screen-reader-text\">Haz clic para enviar un enlace por correo electr\u00f3nico a un amigo (Se abre en una ventana nueva)<\/span><\/a><\/li><li><a href=\"#\" class=\"sharing-anchor sd-button share-more\"><span>M\u00e1s<\/span><\/a><\/li><li class=\"share-end\"><\/li><\/ul><div class=\"sharing-hidden\"><div class=\"inner\" style=\"display: none;\"><ul><li class=\"share-linkedin\"><a rel=\"nofollow noopener noreferrer\" data-shared=\"sharing-linkedin-4730\" class=\"share-linkedin sd-button share-icon no-text\" href=\"http:\/\/yomeunoalretto.org\/?page_id=4730&amp;share=linkedin\" target=\"_blank\" title=\"Haz clic para compartir en LinkedIn\" ><span><\/span><span class=\"sharing-screen-reader-text\">Haz clic para compartir en LinkedIn (Se abre en una ventana nueva)<\/span><\/a><\/li><li class=\"share-tumblr\"><a rel=\"nofollow noopener noreferrer\" data-shared=\"\" class=\"share-tumblr sd-button share-icon no-text\" href=\"http:\/\/yomeunoalretto.org\/?page_id=4730&amp;share=tumblr\" target=\"_blank\" title=\"Haz clic para compartir en Tumblr\" ><span><\/span><span class=\"sharing-screen-reader-text\">Haz clic para compartir en Tumblr (Se abre en una ventana nueva)<\/span><\/a><\/li><li class=\"share-end\"><\/li><li class=\"share-reddit\"><a rel=\"nofollow noopener noreferrer\" data-shared=\"\" class=\"share-reddit sd-button share-icon no-text\" href=\"http:\/\/yomeunoalretto.org\/?page_id=4730&amp;share=reddit\" target=\"_blank\" title=\"Haz clic para compartir en Reddit\" ><span><\/span><span class=\"sharing-screen-reader-text\">Haz clic para compartir en Reddit (Se abre en una ventana nueva)<\/span><\/a><\/li><li class=\"share-pocket\"><a rel=\"nofollow noopener noreferrer\" data-shared=\"\" class=\"share-pocket sd-button share-icon no-text\" href=\"http:\/\/yomeunoalretto.org\/?page_id=4730&amp;share=pocket\" target=\"_blank\" title=\"Haz clic para compartir en Pocket\" ><span><\/span><span class=\"sharing-screen-reader-text\">Haz clic para compartir en Pocket (Se abre en una ventana nueva)<\/span><\/a><\/li><li class=\"share-end\"><\/li><li class=\"share-pinterest\"><a rel=\"nofollow noopener noreferrer\" data-shared=\"sharing-pinterest-4730\" class=\"share-pinterest sd-button share-icon no-text\" href=\"http:\/\/yomeunoalretto.org\/?page_id=4730&amp;share=pinterest\" target=\"_blank\" title=\"Haz clic para compartir en Pinterest\" ><span><\/span><span class=\"sharing-screen-reader-text\">Haz clic para compartir en Pinterest (Se abre en una ventana nueva)<\/span><\/a><\/li><li class=\"share-end\"><\/li><\/ul><\/div><\/div><\/div><\/div><\/div>","protected":false},"excerpt":{"rendered":"<p>Una vez finalizados los eventos del pasado fin de semana, y como son muchas las empresas, amigos y negocios que han querido ayudar, con todos los bonos que nos han ofrecido hemos decidido sortearlos en un gran sorteo que se celebrar\u00e1 el pr\u00f3ximo 03 de octubre. Al portador de la papeleta cuyo n\u00famero coincida con [&hellip;]<\/p>\n<div class=\"sharedaddy sd-sharing-enabled\"><div class=\"robots-nocontent sd-block sd-social sd-social-icon sd-sharing\"><h3 class=\"sd-title\">Comparte esto:<\/h3><div class=\"sd-content\"><ul><li class=\"share-facebook\"><a rel=\"nofollow noopener noreferrer\" data-shared=\"sharing-facebook-4730\" class=\"share-facebook sd-button share-icon no-text\" href=\"http:\/\/yomeunoalretto.org\/?page_id=4730&amp;share=facebook\" target=\"_blank\" title=\"Haz clic para compartir en Facebook\" ><span><\/span><span class=\"sharing-screen-reader-text\">Haz clic para compartir en Facebook (Se abre en una ventana nueva)<\/span><\/a><\/li><li class=\"share-twitter\"><a rel=\"nofollow noopener noreferrer\" data-shared=\"sharing-twitter-4730\" class=\"share-twitter sd-button share-icon no-text\" href=\"http:\/\/yomeunoalretto.org\/?page_id=4730&amp;share=twitter\" target=\"_blank\" title=\"Haz clic para compartir en Twitter\" ><span><\/span><span class=\"sharing-screen-reader-text\">Haz clic para compartir en Twitter (Se abre en una ventana nueva)<\/span><\/a><\/li><li class=\"share-print\"><a rel=\"nofollow noopener noreferrer\" data-shared=\"\" class=\"share-print sd-button share-icon no-text\" href=\"http:\/\/yomeunoalretto.org\/?page_id=4730\" target=\"_blank\" title=\"Haz clic para imprimir\" ><span><\/span><span class=\"sharing-screen-reader-text\">Haz clic para imprimir (Se abre en una ventana nueva)<\/span><\/a><\/li><li class=\"share-email\"><a rel=\"nofollow noopener noreferrer\" data-shared=\"\" class=\"share-email sd-button share-icon no-text\" href=\"mailto:?subject=%5BEntrada%20compartida%5D%20Vamos%20a%20arrimar%20el%20hombro%20un%20poquito%20m%C3%A1s&body=http%3A%2F%2Fyomeunoalretto.org%2F%3Fpage_id%3D4730&share=email\" target=\"_blank\" title=\"Haz clic para enviar un enlace por correo electr\u00f3nico a un amigo\" data-email-share-error-title=\"\u00bfTienes un correo electr\u00f3nico configurado?\" data-email-share-error-text=\"Si tienes problemas al compartir por correo electr\u00f3nico, es posible que sea porque no tengas un correo electr\u00f3nico configurado en tu navegador. Puede que tengas que crear un nuevo correo electr\u00f3nico t\u00fa mismo.\" data-email-share-nonce=\"ec91fda365\" data-email-share-track-url=\"http:\/\/yomeunoalretto.org\/?page_id=4730&amp;share=email\"><span><\/span><span class=\"sharing-screen-reader-text\">Haz clic para enviar un enlace por correo electr\u00f3nico a un amigo (Se abre en una ventana nueva)<\/span><\/a><\/li><li><a href=\"#\" class=\"sharing-anchor sd-button share-more\"><span>M\u00e1s<\/span><\/a><\/li><li class=\"share-end\"><\/li><\/ul><div class=\"sharing-hidden\"><div class=\"inner\" style=\"display: none;\"><ul><li class=\"share-linkedin\"><a rel=\"nofollow noopener noreferrer\" data-shared=\"sharing-linkedin-4730\" class=\"share-linkedin sd-button share-icon no-text\" href=\"http:\/\/yomeunoalretto.org\/?page_id=4730&amp;share=linkedin\" target=\"_blank\" title=\"Haz clic para compartir en LinkedIn\" ><span><\/span><span class=\"sharing-screen-reader-text\">Haz clic para compartir en LinkedIn (Se abre en una ventana nueva)<\/span><\/a><\/li><li class=\"share-tumblr\"><a rel=\"nofollow noopener noreferrer\" data-shared=\"\" class=\"share-tumblr sd-button share-icon no-text\" href=\"http:\/\/yomeunoalretto.org\/?page_id=4730&amp;share=tumblr\" target=\"_blank\" title=\"Haz clic para compartir en Tumblr\" ><span><\/span><span class=\"sharing-screen-reader-text\">Haz clic para compartir en Tumblr (Se abre en una ventana nueva)<\/span><\/a><\/li><li class=\"share-end\"><\/li><li class=\"share-reddit\"><a rel=\"nofollow noopener noreferrer\" data-shared=\"\" class=\"share-reddit sd-button share-icon no-text\" href=\"http:\/\/yomeunoalretto.org\/?page_id=4730&amp;share=reddit\" target=\"_blank\" title=\"Haz clic para compartir en Reddit\" ><span><\/span><span class=\"sharing-screen-reader-text\">Haz clic para compartir en Reddit (Se abre en una ventana nueva)<\/span><\/a><\/li><li class=\"share-pocket\"><a rel=\"nofollow noopener noreferrer\" data-shared=\"\" class=\"share-pocket sd-button share-icon no-text\" href=\"http:\/\/yomeunoalretto.org\/?page_id=4730&amp;share=pocket\" target=\"_blank\" title=\"Haz clic para compartir en Pocket\" ><span><\/span><span class=\"sharing-screen-reader-text\">Haz clic para compartir en Pocket (Se abre en una ventana nueva)<\/span><\/a><\/li><li class=\"share-end\"><\/li><li class=\"share-pinterest\"><a rel=\"nofollow noopener noreferrer\" data-shared=\"sharing-pinterest-4730\" class=\"share-pinterest sd-button share-icon no-text\" href=\"http:\/\/yomeunoalretto.org\/?page_id=4730&amp;share=pinterest\" target=\"_blank\" title=\"Haz clic para compartir en Pinterest\" ><span><\/span><span class=\"sharing-screen-reader-text\">Haz clic para compartir en Pinterest (Se abre en una ventana nueva)<\/span><\/a><\/li><li class=\"share-end\"><\/li><\/ul><\/div><\/div><\/div><\/div><\/div>","protected":false},"author":1,"featured_media":0,"parent":0,"menu_order":0,"comment_status":"closed","ping_status":"closed","template":"","meta":[],"jetpack_shortlink":"https:\/\/wp.me\/P4JzDn-1ei","jetpack_sharing_enabled":true,"_links":{"self":[{"href":"http:\/\/yomeunoalretto.org\/index.php?rest_route=\/wp\/v2\/pages\/4730"}],"collection":[{"href":"http:\/\/yomeunoalretto.org\/index.php?rest_route=\/wp\/v2\/pages"}],"about":[{"href":"http:\/\/yomeunoalretto.org\/index.php?rest_route=\/wp\/v2\/types\/page"}],"author":[{"embeddable":true,"href":"http:\/\/yomeunoalretto.org\/index.php?rest_route=\/wp\/v2\/users\/1"}],"replies":[{"embeddable":true,"href":"http:\/\/yomeunoalretto.org\/index.php?rest_route=%2Fwp%2Fv2%2Fcomments&post=4730"}],"version-history":[{"count":3,"href":"http:\/\/yomeunoalretto.org\/index.php?rest_route=\/wp\/v2\/pages\/4730\/revisions"}],"predecessor-version":[{"id":4736,"href":"http:\/\/yomeunoalretto.org\/index.php?rest_route=\/wp\/v2\/pages\/4730\/revisions\/4736"}],"wp:attachment":[{"href":"http:\/\/yomeunoalretto.org\/index.php?rest_route=%2Fwp%2Fv2%2Fmedia&parent=4730"}],"curies":[{"name":"wp","href":"https:\/\/api.w.org\/{rel}","templated":true}]}}