{"id":4714,"date":"2017-08-31T03:59:13","date_gmt":"2017-08-31T02:59:13","guid":{"rendered":"http:\/\/yomeunoalretto.org\/?page_id=4714"},"modified":"2017-08-31T04:15:08","modified_gmt":"2017-08-31T03:15:08","slug":"faqs-iii-carrera-yomeunoalretto","status":"publish","type":"page","link":"http:\/\/yomeunoalretto.org\/?page_id=4714","title":{"rendered":"FAQS III CARRERA #YOMEUNOALRETTO"},"content":{"rendered":"<p><img data-attachment-id=\"4720\" data-permalink=\"http:\/\/yomeunoalretto.org\/?attachment_id=4720\" data-orig-file=\"http:\/\/yomeunoalretto.org\/wp-content\/uploads\/2017\/08\/Captura-de-pantalla-2017-08-31-a-las-05.01.10.png\" data-orig-size=\"531,398\" data-comments-opened=\"1\" data-image-meta=\"{&quot;aperture&quot;:&quot;0&quot;,&quot;credit&quot;:&quot;&quot;,&quot;camera&quot;:&quot;&quot;,&quot;caption&quot;:&quot;&quot;,&quot;created_timestamp&quot;:&quot;0&quot;,&quot;copyright&quot;:&quot;&quot;,&quot;focal_length&quot;:&quot;0&quot;,&quot;iso&quot;:&quot;0&quot;,&quot;shutter_speed&quot;:&quot;0&quot;,&quot;title&quot;:&quot;&quot;,&quot;orientation&quot;:&quot;0&quot;}\" data-image-title=\"Captura de pantalla 2017-08-31 a la(s) 05.01.10\" data-image-description=\"\" data-image-caption=\"\" data-medium-file=\"http:\/\/yomeunoalretto.org\/wp-content\/uploads\/2017\/08\/Captura-de-pantalla-2017-08-31-a-las-05.01.10-250x187.png\" data-large-file=\"http:\/\/yomeunoalretto.org\/wp-content\/uploads\/2017\/08\/Captura-de-pantalla-2017-08-31-a-las-05.01.10.png\" decoding=\"async\" loading=\"lazy\" class=\"alignleft size-medium wp-image-4720\" src=\"http:\/\/yomeunoalretto.org\/wp-content\/uploads\/2017\/08\/Captura-de-pantalla-2017-08-31-a-las-05.01.10-250x187.png\" alt=\"\" width=\"250\" height=\"187\" srcset=\"http:\/\/yomeunoalretto.org\/wp-content\/uploads\/2017\/08\/Captura-de-pantalla-2017-08-31-a-las-05.01.10-250x187.png 250w, http:\/\/yomeunoalretto.org\/wp-content\/uploads\/2017\/08\/Captura-de-pantalla-2017-08-31-a-las-05.01.10-216x162.png 216w, http:\/\/yomeunoalretto.org\/wp-content\/uploads\/2017\/08\/Captura-de-pantalla-2017-08-31-a-las-05.01.10.png 531w\" sizes=\"(max-width: 250px) 100vw, 250px\" \/>Como el d\u00eda de la prueba se acerca y empiezan a surgir una serie de dudas comunes de todos vosotros, desde la Asociaci\u00f3n yo me uno al Retto por la investigaci\u00f3n del S\u00edndrome de Rett os facilitamos respuestas a varias dudas y aspectos de organizaci\u00f3n del pr\u00f3ximo 03 de septiembre:<\/p>\n<p><strong>INSCRIPCIONES:<\/strong> limite para recibir inscripciones las 14:00 del jueves 31 de agosto, despu\u00e9s de ese d\u00eda no se admiten m\u00e1s participantes. Siempre a trav\u00e9s de la web de CRONOFINISHER en este <a href=\"http:\/\/cronofinisher.com\/evento\/i-festival-benefico-yo-me-uno-al-retto\/\" target=\"_blank\" rel=\"noopener\"><span style=\"color: #0000ff;\"><strong>enlace.\u00a0<\/strong><\/span><\/a><\/p>\n<p>Para cualquier duda o error el la plataforma de pagos contactar por mail a info@cronofinisher.com o a info@yomeunoalretto.org<\/p>\n<p><strong>ENTREGA DE DORSALES:<\/strong> A partir del 01 de Septiembre en la tienda de\u00a0Trail Runner Store, en la Av. de Pery Junquera, 2, en\u00a0San Fernando:<\/p>\n<p>El viernes d\u00eda 01\/08\/2017 en horario de horario de 10:00 a 14:00 y 18:00 a 21:30<\/p>\n<p>El s\u00e1bado d\u00eda 02\/08\/2017 en horario de horario de 10:00 a 14:00.<\/p>\n<p>El d\u00eda de la prueba en el\u00a0Complejo Deportivo Paco Gallego a partir de las 8:00, hasta las 9:30.<\/p>\n<p><strong>UBICACI\u00d3N Y ACCESO:<\/strong>\u00a0Las pistas deportivas del complejo Paco Gallego est\u00e1n ubicadas frente al parque natural de las canteras de Puerto Real, entre las calles Sol y Pegaso. Y la caseta municipal, donde al acabar la carrera empezar\u00e1 en Festival ben\u00e9fico, est\u00e1n justo al lado. En las inmediaciones de ambas localizaciones hay una amplia bolsa de aparcamiento, eso si, a las 9:30 empieza el corte de calles y cruces del recinto ferial por donde transitar\u00e1 la prueba por lo que para aparcar a partir de esa hora y hasta las 11:00 aproximadamente que no se abrir\u00e1 al trafico rodado solo se podr\u00e1 usar la zona anexa a la calle Sol.<\/p>\n<p>Del mismo modo, para quienes no conocen la zona les informamos que a menos de 300 metros esta la estaci\u00f3n de trenes de Puerto Real, por lo que les indicamos que es una alternativa mas que aconsejable para desplazarse al evento el d\u00eda de la prueba. <a href=\"http:\/\/www.renfe.com\/viajeros\/cercanias\/cadiz\/\" target=\"_blank\" rel=\"noopener\"><strong><span style=\"color: #ff0000;\">VER HORARIOS DE TRENES.<\/span><\/strong><\/a><\/p>\n<p><strong>GUARDARROPA:\u00a0<\/strong>La prueba cuenta con servicio de guardarropa, vestuario y duchas.<\/p>\n<p><strong>HORARIO:<\/strong> La salida de la prueba competitiva de 10 kil\u00f3metros ser\u00e1 a las 10:00, inmediatamente despu\u00e9s se dar\u00e1 salida a la prueba de 5 kil\u00f3metros, y las pruebas infantiles transcurrir\u00e1n sobre las pistas deportivas y zona de meta, por lo que no empezaran hasta finalizas las dos pruebas de adultos, estimamos que sobre las 11:00.<\/p>\n<p><strong>ADQUISICION DE ENTRADAS:<\/strong> a la venta en la puerta de la caseta municipal del recinto ferial de Puerto Real el pr\u00f3ximo domingo d\u00eda 3 de septiembre.<\/p>\n<p>Anticipadamente v\u00eda telem\u00e1tica a trav\u00e9s de este enlace de la web de\u00a0<a href=\"http:\/\/cronofinisher.com\/evento\/i-festival-benefico-yo-me-uno-al-retto\/\" target=\"_blank\" rel=\"noopener\"><span style=\"color: #0000ff;\"><strong>Cronofinisher.<\/strong><\/span><\/a><\/p>\n<p>Presencialmente en los establecimientos de Puerto Real:<\/p>\n<ul>\n<li>Asprodeme en calle Cruz Verde.<\/li>\n<li>Estanco Pepa\u2019s en Plaza de la Iglesia.<\/li>\n<li>Hermandad del Roc\u00edo (Miguel).<\/li>\n<li>Jard\u00edn de Canalejas en calle Vaqueros.<\/li>\n<li>Pe\u00f1a Flamenca en calle San Alejandro.<\/li>\n<li>El Flamenco de la Suerte en calle de La Plaza.<\/li>\n<li>Amaya en calle de La Plaza esquina con Ancha.<\/li>\n<li>Pe\u00f1a Madridista en calle San Fernando.<\/li>\n<li>El Colmaito en calle de La Plaza.<\/li>\n<li>Club N\u00e1utico en Paseo Mar\u00edtimo.<\/li>\n<\/ul>\n<p>Y en C\u00e1diz:<\/p>\n<ul>\n<li>Estanco de Plaza de San Antonio.<\/li>\n<li>Panader\u00eda del Mentidero.<\/li>\n<\/ul>\n<p>Recuerda que no necesitan adquirir entrada: ni\u00f1os menores de 14 a\u00f1os, discapacitados y los participantes en la carrera de esa misma ma\u00f1ana presentando el dorsal.<\/p>\n<p><strong>DORSAL CERO:<\/strong> Si no puedes participar ese d\u00eda en la prueba y quieres aportar tu grano de arena para la investigaci\u00f3n del S\u00edndrome de Rett, puedes hacerlo a trav\u00e9s de la web de <strong><a href=\"http:\/\/cronofinisher.com\/evento\/i-festival-benefico-yo-me-uno-al-retto\/\" target=\"_blank\" rel=\"noopener\"><span style=\"color: #0000ff;\">cronofinisher<\/span><\/a>\u00a0<\/strong>o por medio de una donaci\u00f3n directa en la cuenta de laAsociaci\u00f3n Gaditana del S\u00edndrome de Rett:\u00a0<strong>IBAN ES87 70133 8694 2342 0000 1836.<\/strong><\/p>\n<p>Gracias a tod@s por vuestra colaboraci\u00f3n y paciencia.<\/p>\n<div class=\"sharedaddy sd-sharing-enabled\"><div class=\"robots-nocontent sd-block sd-social sd-social-icon sd-sharing\"><h3 class=\"sd-title\">Comparte esto:<\/h3><div class=\"sd-content\"><ul><li class=\"share-facebook\"><a rel=\"nofollow noopener noreferrer\" data-shared=\"sharing-facebook-4714\" class=\"share-facebook sd-button share-icon no-text\" href=\"http:\/\/yomeunoalretto.org\/?page_id=4714&amp;share=facebook\" target=\"_blank\" title=\"Haz clic para compartir en Facebook\" ><span><\/span><span class=\"sharing-screen-reader-text\">Haz clic para compartir en Facebook (Se abre en una ventana nueva)<\/span><\/a><\/li><li class=\"share-twitter\"><a rel=\"nofollow noopener noreferrer\" data-shared=\"sharing-twitter-4714\" class=\"share-twitter sd-button share-icon no-text\" href=\"http:\/\/yomeunoalretto.org\/?page_id=4714&amp;share=twitter\" target=\"_blank\" title=\"Haz clic para compartir en Twitter\" ><span><\/span><span class=\"sharing-screen-reader-text\">Haz clic para compartir en Twitter (Se abre en una ventana nueva)<\/span><\/a><\/li><li class=\"share-print\"><a rel=\"nofollow noopener noreferrer\" data-shared=\"\" class=\"share-print sd-button share-icon no-text\" href=\"http:\/\/yomeunoalretto.org\/?page_id=4714\" target=\"_blank\" title=\"Haz clic para imprimir\" ><span><\/span><span class=\"sharing-screen-reader-text\">Haz clic para imprimir (Se abre en una ventana nueva)<\/span><\/a><\/li><li class=\"share-email\"><a rel=\"nofollow noopener noreferrer\" data-shared=\"\" class=\"share-email sd-button share-icon no-text\" href=\"mailto:?subject=%5BEntrada%20compartida%5D%20FAQS%20III%20CARRERA%20%23YOMEUNOALRETTO&body=http%3A%2F%2Fyomeunoalretto.org%2F%3Fpage_id%3D4714&share=email\" target=\"_blank\" title=\"Haz clic para enviar un enlace por correo electr\u00f3nico a un amigo\" data-email-share-error-title=\"\u00bfTienes un correo electr\u00f3nico configurado?\" data-email-share-error-text=\"Si tienes problemas al compartir por correo electr\u00f3nico, es posible que sea porque no tengas un correo electr\u00f3nico configurado en tu navegador. Puede que tengas que crear un nuevo correo electr\u00f3nico t\u00fa mismo.\" data-email-share-nonce=\"285578b0a9\" data-email-share-track-url=\"http:\/\/yomeunoalretto.org\/?page_id=4714&amp;share=email\"><span><\/span><span class=\"sharing-screen-reader-text\">Haz clic para enviar un enlace por correo electr\u00f3nico a un amigo (Se abre en una ventana nueva)<\/span><\/a><\/li><li><a href=\"#\" class=\"sharing-anchor sd-button share-more\"><span>M\u00e1s<\/span><\/a><\/li><li class=\"share-end\"><\/li><\/ul><div class=\"sharing-hidden\"><div class=\"inner\" style=\"display: none;\"><ul><li class=\"share-linkedin\"><a rel=\"nofollow noopener noreferrer\" data-shared=\"sharing-linkedin-4714\" class=\"share-linkedin sd-button share-icon no-text\" href=\"http:\/\/yomeunoalretto.org\/?page_id=4714&amp;share=linkedin\" target=\"_blank\" title=\"Haz clic para compartir en LinkedIn\" ><span><\/span><span class=\"sharing-screen-reader-text\">Haz clic para compartir en LinkedIn (Se abre en una ventana nueva)<\/span><\/a><\/li><li class=\"share-tumblr\"><a rel=\"nofollow noopener noreferrer\" data-shared=\"\" class=\"share-tumblr sd-button share-icon no-text\" href=\"http:\/\/yomeunoalretto.org\/?page_id=4714&amp;share=tumblr\" target=\"_blank\" title=\"Haz clic para compartir en Tumblr\" ><span><\/span><span class=\"sharing-screen-reader-text\">Haz clic para compartir en Tumblr (Se abre en una ventana nueva)<\/span><\/a><\/li><li class=\"share-end\"><\/li><li class=\"share-reddit\"><a rel=\"nofollow noopener noreferrer\" data-shared=\"\" class=\"share-reddit sd-button share-icon no-text\" href=\"http:\/\/yomeunoalretto.org\/?page_id=4714&amp;share=reddit\" target=\"_blank\" title=\"Haz clic para compartir en Reddit\" ><span><\/span><span class=\"sharing-screen-reader-text\">Haz clic para compartir en Reddit (Se abre en una ventana nueva)<\/span><\/a><\/li><li class=\"share-pocket\"><a rel=\"nofollow noopener noreferrer\" data-shared=\"\" class=\"share-pocket sd-button share-icon no-text\" href=\"http:\/\/yomeunoalretto.org\/?page_id=4714&amp;share=pocket\" target=\"_blank\" title=\"Haz clic para compartir en Pocket\" ><span><\/span><span class=\"sharing-screen-reader-text\">Haz clic para compartir en Pocket (Se abre en una ventana nueva)<\/span><\/a><\/li><li class=\"share-end\"><\/li><li class=\"share-pinterest\"><a rel=\"nofollow noopener noreferrer\" data-shared=\"sharing-pinterest-4714\" class=\"share-pinterest sd-button share-icon no-text\" href=\"http:\/\/yomeunoalretto.org\/?page_id=4714&amp;share=pinterest\" target=\"_blank\" title=\"Haz clic para compartir en Pinterest\" ><span><\/span><span class=\"sharing-screen-reader-text\">Haz clic para compartir en Pinterest (Se abre en una ventana nueva)<\/span><\/a><\/li><li class=\"share-end\"><\/li><\/ul><\/div><\/div><\/div><\/div><\/div>","protected":false},"excerpt":{"rendered":"<p>Como el d\u00eda de la prueba se acerca y empiezan a surgir una serie de dudas comunes de todos vosotros, desde la Asociaci\u00f3n yo me uno al Retto por la investigaci\u00f3n del S\u00edndrome de Rett os facilitamos respuestas a varias dudas y aspectos de organizaci\u00f3n del pr\u00f3ximo 03 de septiembre: INSCRIPCIONES: limite para recibir inscripciones [&hellip;]<\/p>\n<div class=\"sharedaddy sd-sharing-enabled\"><div class=\"robots-nocontent sd-block sd-social sd-social-icon sd-sharing\"><h3 class=\"sd-title\">Comparte esto:<\/h3><div class=\"sd-content\"><ul><li class=\"share-facebook\"><a rel=\"nofollow noopener noreferrer\" data-shared=\"sharing-facebook-4714\" class=\"share-facebook sd-button share-icon no-text\" href=\"http:\/\/yomeunoalretto.org\/?page_id=4714&amp;share=facebook\" target=\"_blank\" title=\"Haz clic para compartir en Facebook\" ><span><\/span><span class=\"sharing-screen-reader-text\">Haz clic para compartir en Facebook (Se abre en una ventana nueva)<\/span><\/a><\/li><li class=\"share-twitter\"><a rel=\"nofollow noopener noreferrer\" data-shared=\"sharing-twitter-4714\" class=\"share-twitter sd-button share-icon no-text\" href=\"http:\/\/yomeunoalretto.org\/?page_id=4714&amp;share=twitter\" target=\"_blank\" title=\"Haz clic para compartir en Twitter\" ><span><\/span><span class=\"sharing-screen-reader-text\">Haz clic para compartir en Twitter (Se abre en una ventana nueva)<\/span><\/a><\/li><li class=\"share-print\"><a rel=\"nofollow noopener noreferrer\" data-shared=\"\" class=\"share-print sd-button share-icon no-text\" href=\"http:\/\/yomeunoalretto.org\/?page_id=4714\" target=\"_blank\" title=\"Haz clic para imprimir\" ><span><\/span><span class=\"sharing-screen-reader-text\">Haz clic para imprimir (Se abre en una ventana nueva)<\/span><\/a><\/li><li class=\"share-email\"><a rel=\"nofollow noopener noreferrer\" data-shared=\"\" class=\"share-email sd-button share-icon no-text\" href=\"mailto:?subject=%5BEntrada%20compartida%5D%20FAQS%20III%20CARRERA%20%23YOMEUNOALRETTO&body=http%3A%2F%2Fyomeunoalretto.org%2F%3Fpage_id%3D4714&share=email\" target=\"_blank\" title=\"Haz clic para enviar un enlace por correo electr\u00f3nico a un amigo\" data-email-share-error-title=\"\u00bfTienes un correo electr\u00f3nico configurado?\" data-email-share-error-text=\"Si tienes problemas al compartir por correo electr\u00f3nico, es posible que sea porque no tengas un correo electr\u00f3nico configurado en tu navegador. Puede que tengas que crear un nuevo correo electr\u00f3nico t\u00fa mismo.\" data-email-share-nonce=\"285578b0a9\" data-email-share-track-url=\"http:\/\/yomeunoalretto.org\/?page_id=4714&amp;share=email\"><span><\/span><span class=\"sharing-screen-reader-text\">Haz clic para enviar un enlace por correo electr\u00f3nico a un amigo (Se abre en una ventana nueva)<\/span><\/a><\/li><li><a href=\"#\" class=\"sharing-anchor sd-button share-more\"><span>M\u00e1s<\/span><\/a><\/li><li class=\"share-end\"><\/li><\/ul><div class=\"sharing-hidden\"><div class=\"inner\" style=\"display: none;\"><ul><li class=\"share-linkedin\"><a rel=\"nofollow noopener noreferrer\" data-shared=\"sharing-linkedin-4714\" class=\"share-linkedin sd-button share-icon no-text\" href=\"http:\/\/yomeunoalretto.org\/?page_id=4714&amp;share=linkedin\" target=\"_blank\" title=\"Haz clic para compartir en LinkedIn\" ><span><\/span><span class=\"sharing-screen-reader-text\">Haz clic para compartir en LinkedIn (Se abre en una ventana nueva)<\/span><\/a><\/li><li class=\"share-tumblr\"><a rel=\"nofollow noopener noreferrer\" data-shared=\"\" class=\"share-tumblr sd-button share-icon no-text\" href=\"http:\/\/yomeunoalretto.org\/?page_id=4714&amp;share=tumblr\" target=\"_blank\" title=\"Haz clic para compartir en Tumblr\" ><span><\/span><span class=\"sharing-screen-reader-text\">Haz clic para compartir en Tumblr (Se abre en una ventana nueva)<\/span><\/a><\/li><li class=\"share-end\"><\/li><li class=\"share-reddit\"><a rel=\"nofollow noopener noreferrer\" data-shared=\"\" class=\"share-reddit sd-button share-icon no-text\" href=\"http:\/\/yomeunoalretto.org\/?page_id=4714&amp;share=reddit\" target=\"_blank\" title=\"Haz clic para compartir en Reddit\" ><span><\/span><span class=\"sharing-screen-reader-text\">Haz clic para compartir en Reddit (Se abre en una ventana nueva)<\/span><\/a><\/li><li class=\"share-pocket\"><a rel=\"nofollow noopener noreferrer\" data-shared=\"\" class=\"share-pocket sd-button share-icon no-text\" href=\"http:\/\/yomeunoalretto.org\/?page_id=4714&amp;share=pocket\" target=\"_blank\" title=\"Haz clic para compartir en Pocket\" ><span><\/span><span class=\"sharing-screen-reader-text\">Haz clic para compartir en Pocket (Se abre en una ventana nueva)<\/span><\/a><\/li><li class=\"share-end\"><\/li><li class=\"share-pinterest\"><a rel=\"nofollow noopener noreferrer\" data-shared=\"sharing-pinterest-4714\" class=\"share-pinterest sd-button share-icon no-text\" href=\"http:\/\/yomeunoalretto.org\/?page_id=4714&amp;share=pinterest\" target=\"_blank\" title=\"Haz clic para compartir en Pinterest\" ><span><\/span><span class=\"sharing-screen-reader-text\">Haz clic para compartir en Pinterest (Se abre en una ventana nueva)<\/span><\/a><\/li><li class=\"share-end\"><\/li><\/ul><\/div><\/div><\/div><\/div><\/div>","protected":false},"author":1,"featured_media":0,"parent":0,"menu_order":0,"comment_status":"closed","ping_status":"closed","template":"","meta":[],"jetpack_shortlink":"https:\/\/wp.me\/P4JzDn-1e2","jetpack_sharing_enabled":true,"_links":{"self":[{"href":"http:\/\/yomeunoalretto.org\/index.php?rest_route=\/wp\/v2\/pages\/4714"}],"collection":[{"href":"http:\/\/yomeunoalretto.org\/index.php?rest_route=\/wp\/v2\/pages"}],"about":[{"href":"http:\/\/yomeunoalretto.org\/index.php?rest_route=\/wp\/v2\/types\/page"}],"author":[{"embeddable":true,"href":"http:\/\/yomeunoalretto.org\/index.php?rest_route=\/wp\/v2\/users\/1"}],"replies":[{"embeddable":true,"href":"http:\/\/yomeunoalretto.org\/index.php?rest_route=%2Fwp%2Fv2%2Fcomments&post=4714"}],"version-history":[{"count":9,"href":"http:\/\/yomeunoalretto.org\/index.php?rest_route=\/wp\/v2\/pages\/4714\/revisions"}],"predecessor-version":[{"id":4727,"href":"http:\/\/yomeunoalretto.org\/index.php?rest_route=\/wp\/v2\/pages\/4714\/revisions\/4727"}],"wp:attachment":[{"href":"http:\/\/yomeunoalretto.org\/index.php?rest_route=%2Fwp%2Fv2%2Fmedia&parent=4714"}],"curies":[{"name":"wp","href":"https:\/\/api.w.org\/{rel}","templated":true}]}}