{"id":4465,"date":"2017-02-20T13:53:03","date_gmt":"2017-02-20T12:53:03","guid":{"rendered":"http:\/\/yomeunoalretto.org\/?page_id=4465"},"modified":"2018-07-02T19:33:48","modified_gmt":"2018-07-02T18:33:48","slug":"politica-de-privacidad","status":"publish","type":"page","link":"http:\/\/yomeunoalretto.org\/?page_id=4465","title":{"rendered":"Pol\u00edtica de privacidad"},"content":{"rendered":"<p>A efecto de lo previsto en el Reglamento 2016\/679 del Parlamento Europeo y del Consejo de 27 de abril de 2016 relativo a la protecci\u00f3n de las personas f\u00edsicas en lo que respecta al tratamiento de datos personales y a la libre circulaci\u00f3n de estos datos, a ASOCIACION GADITANA YO ME UNO AL RETTO, POR LA INVESTIGACI\u00d3N DEL SINDROME DE RETT, con C.I.F. n\u00famero G72263148 y domicilio fiscal en Calle Enrique de las Marinas, N\u00famero 3, Planta 1, Bajo, C\u00e1diz, C\u00f3digo Postal 11003, informa al Usuario de que es titular de ficheros de datos de car\u00e1cter personal inscritos en el R.G.P.D. (Registro General de Protecci\u00f3n de Datos) en los que sus datos quedan incorporados y son tratados con el fin de prestarle los servicios solicitados y enviarle la informaci\u00f3n acerca de nuestra entidad que pueda ser de su inter\u00e9s.<\/p>\n<p><strong><u>RESPONSABLE DEL TRATAMIENTO<\/u><\/strong><\/p>\n<p>ASOCIACION GADITANA YO ME UNO AL RETTO, POR LA INVESTIGACI\u00d3N DEL SINDROME DE RETT, con C.I.F. n\u00famero G72263148 y domicilio fiscal en Calle Enrique de las Marinas, N\u00famero 3, Planta 1, Bajo, C\u00e1diz, C\u00f3digo Postal 11003, es la responsable de los datos de car\u00e1cter personal que usted nos facilita, y que ser\u00e1n tratados conforme a lo dispuesto en el Reglamento 2016\/679 del Parlamento Europeo y del Consejo de 27 de abril de 2016 relativo a la protecci\u00f3n de las personas f\u00edsicas en lo que respecta al tratamiento de datos personales y a la libre circulaci\u00f3n de estos datos, la Ley Org\u00e1nica 15\/1999, de 13 de diciembre, de Protecci\u00f3n de Datos de Car\u00e1cter Personal (LOPD), y el Real Decreto 1720\/2007, de 21 de diciembre.<\/p>\n<p><strong><u>FINALIDAD DEL TRATAMIENTO<\/u><\/strong><\/p>\n<p>En ASOCIACION GADITANA YO ME UNO AL RETTO, POR LA INVESTIGACI\u00d3N DEL SINDROME DE RETT se tratar\u00e1n todos los datos de car\u00e1cter personal que Usted nos facilite con la finalidad de prestarle una correcta gesti\u00f3n de los servicios que le corresponden como usuario\/a: informaci\u00f3n, asesoramiento, protecci\u00f3n y defensa de su derechos laborales,\u00a0 gesti\u00f3n de cobro de cuotas, as\u00ed como la de cumplir con las obligaciones legales estipuladas. En ning\u00fan caso, los datos que usted nos proporcione ser\u00e1n utilizados para fines distintos de los descritos. En el caso de su inclusi\u00f3n en grupos de mensajer\u00eda m\u00f3vil instant\u00e1nea, que terminantemente prohibido el uso de la informaci\u00f3n contenida en el mismo para otros fines distintos de los descritos.<\/p>\n<p><strong><u>CONSERVACION DE DATOS<\/u><\/strong><\/p>\n<p>ASOCIACION GADITANA YO ME UNO AL RETTO, POR LA INVESTIGACI\u00d3N DEL SINDROME DE RETT conservar\u00e1 los datos personales proporcionados por Usted mientras se mantenga su relaci\u00f3n como afiliado\/a \u00f3 mientras Usted no nos solicite su supresi\u00f3n. En el caso de que usted sea expulsado de un grupo de mensajer\u00eda m\u00f3vil instant\u00e1nea, deber\u00e1 eliminar todo el contenido del mismo, excepto para el cumplimiento de una obligaci\u00f3n legal o para el correcta defensa de sus Derechos.<\/p>\n<p><strong><u>LEGITIMACI\u00d3N DEL TRATAMIENTO<\/u><\/strong><\/p>\n<p>La\u00a0 base\u00a0 legal\u00a0 para\u00a0 el\u00a0 tratamiento\u00a0 de\u00a0 sus\u00a0 datos\u00a0 es\u00a0 su consentimiento expreso a ASOCIACION GADITANA YO ME UNO AL RETTO, POR LA INVESTIGACI\u00d3N DEL SINDROME DE RETT de la Pol\u00edtica de Protecci\u00f3n de Datos descrita, previo a su registro. La informaci\u00f3n solicitada es la m\u00ednima necesaria para poder cumplir con la finalidad anteriormente detallada.<\/p>\n<p><strong><u>DESTINATARIOS DE LA CESION DE DATOS<\/u><\/strong><\/p>\n<p>Los datos que nos proporcione no se comunicar\u00e1n a terceros, salvo obligaci\u00f3n legal o para estricto cumplimiento de los servicios anteriormente descritos.<\/p>\n<p><strong><u>DERECHOS DEL TITULAR DE LOS DATOS PERSONALES<\/u><\/strong><\/p>\n<p>ASOCIACION GADITANA YO ME UNO AL RETTO, POR LA INVESTIGACI\u00d3N DEL SINDROME DE RETT le comunica que en el momento que Usted nos facilita sus datos de car\u00e1cter personal, le asisten los siguientes Derechos: Derechos de Acceso: Cualquier usuario\/a tendr\u00e1 derecho a obtener de ASOCIACION GADITANA YO ME UNO AL RETTO, POR LA INVESTIGACI\u00d3N DEL SINDROME DE RETT confirmaci\u00f3n de si se est\u00e1n tratando o no datos personales que le conciernen y, en tal caso, tiene el derecho para acceder a los mismos. Derechos de Rectificaci\u00f3n: Cualquier usuario\/a tendr\u00e1 derecho a solicitar a ASOCIACION GADITANA YO ME UNO AL RETTO, POR LA INVESTIGACI\u00d3N DEL SINDROME DE RETT la rectificaci\u00f3n de los datos inexactos que le conciernan. Derechos de Supresi\u00f3n: Cualquier usuario\/a tendr\u00e1 derecho a solicitar a ASOCIACION GADITANA YO ME UNO AL RETTO, POR LA INVESTIGACI\u00d3N DEL SINDROME DE RETT la supresi\u00f3n de los datos personales que le conciernan cuando, entre otros motivos, los datos ya no sean necesarios para los fines que fueron recogidos. Derechos de Portabilidad: El usuario\/a tendr\u00e1 derecho a que los datos personales se transmitan directamente de ASOCIACION GADITANA YO ME UNO AL RETTO, POR LA INVESTIGACI\u00d3N DEL SINDROME DE RETT a otro responsable cuando sea t\u00e9cnicamente posible. Derecho a la Limitaci\u00f3n del Tratamiento: En determinadas circunstancias, los usuarios\/as podr\u00e1n solicitar la limitaci\u00f3n del tratamiento de sus datos, en cuyo caso, \u00fanicamente, ASOCIACION GADITANA YO ME UNO AL RETTO, POR LA INVESTIGACI\u00d3N DEL SINDROME DE RETT los conservar\u00e1 para el ejercicio o la defensa de reclamaciones. Derecho a retirar el consentimiento: Cualquier usuario\/a podr\u00e1 revocar en cualquier momento el consentimiento prestado para el tratamiento de sus datos personales mediante un escrito dirigido a ASOCIACION GADITANA YO ME UNO AL RETTO, POR LA INVESTIGACI\u00d3N DEL SINDROME DE RETT, por correo ordinario al domicilio social de ASOCIACION GADITANA YO ME UNO AL RETTO, POR LA INVESTIGACI\u00d3N DEL SINDROME DE RETT, sito en C\u00e1diz, Calle Enrique de las Marinas, N\u00famero 3, Planta 1, Bajo, C\u00f3digo Postal 11003, o bien a la direcci\u00f3n de correo electr\u00f3nico info@yomeunoalretto.org, incluyendo el t\u00e9rmino \u00abBAJA\u00bb. Derechos de Oposici\u00f3n: El\u00a0 usuario\/a tendr\u00e1\u00a0 derecho a\u00a0 oponerse\u00a0 en\u00a0 cualquier momento, a\u00a0 que datos\u00a0 personales que le conciernan sean objeto de un\u00a0 tratamiento. Cualquier usuario\/a podr\u00e1 ejercer\u00a0 estos derechos enviando un escrito de solicitud, con la referencia \u201cProtecci\u00f3n de Datos\u201d, a las direcciones de ASOCIACION GADITANA YO ME UNO AL RETTO, POR LA INVESTIGACI\u00d3N DEL SINDROME DE RETT anteriormente descritas. Derecho a reclamar ante la Autoridad de Control: El usuario\/a podr\u00e1, si entiende que sus derechos han sido vulnerados, interponer una reclamaci\u00f3n ante la Agencia Espa\u00f1ola a de Protecci\u00f3n de Datos, con domicilio en calle Jorge Juan 6, 28001 de Madrid, y sitio web www.agpd.es<\/p>\n<p><strong><u>PROCEDENCIA DE LOS DATOS<\/u><\/strong><\/p>\n<p>Todos los datos personales del afiliado\/a tratados por ASOCIACION GADITANA YO ME UNO AL RETTO, POR LA INVESTIGACI\u00d3N DEL SINDROME DE RETT han sido informados libremente por el interesado.<\/p>\n<p><strong><u>CAMBIOS EN LA PRESENTE POL\u00cdTICA DE PRIVACIDAD.<\/u><\/strong><\/p>\n<p>ASOCIACION GADITANA YO ME UNO AL RETTO, POR LA INVESTIGACI\u00d3N DEL SINDROME DE RETT se reserva el derecho a modificar la presente pol\u00edtica para adaptarla a novedades legislativas o jurisprudenciales as\u00ed como a pr\u00e1cticas de la industria.<\/p>\n<p>En dichos supuestos, ASOCIACION GADITANA YO ME UNO AL RETTO, POR LA INVESTIGACI\u00d3N DEL SINDROME DE RETT, anunciar\u00e1 en esta p\u00e1gina los cambios introducidos con razonable antelaci\u00f3n a su puesta en pr\u00e1ctica.<\/p>\n<div class=\"sharedaddy sd-sharing-enabled\"><div class=\"robots-nocontent sd-block sd-social sd-social-icon sd-sharing\"><h3 class=\"sd-title\">Comparte esto:<\/h3><div class=\"sd-content\"><ul><li class=\"share-facebook\"><a rel=\"nofollow noopener noreferrer\" data-shared=\"sharing-facebook-4465\" class=\"share-facebook sd-button share-icon no-text\" href=\"http:\/\/yomeunoalretto.org\/?page_id=4465&amp;share=facebook\" target=\"_blank\" title=\"Haz clic para compartir en Facebook\" ><span><\/span><span class=\"sharing-screen-reader-text\">Haz clic para compartir en Facebook (Se abre en una ventana nueva)<\/span><\/a><\/li><li class=\"share-twitter\"><a rel=\"nofollow noopener noreferrer\" data-shared=\"sharing-twitter-4465\" class=\"share-twitter sd-button share-icon no-text\" href=\"http:\/\/yomeunoalretto.org\/?page_id=4465&amp;share=twitter\" target=\"_blank\" title=\"Haz clic para compartir en Twitter\" ><span><\/span><span class=\"sharing-screen-reader-text\">Haz clic para compartir en Twitter (Se abre en una ventana nueva)<\/span><\/a><\/li><li class=\"share-print\"><a rel=\"nofollow noopener noreferrer\" data-shared=\"\" class=\"share-print sd-button share-icon no-text\" href=\"http:\/\/yomeunoalretto.org\/?page_id=4465\" target=\"_blank\" title=\"Haz clic para imprimir\" ><span><\/span><span class=\"sharing-screen-reader-text\">Haz clic para imprimir (Se abre en una ventana nueva)<\/span><\/a><\/li><li class=\"share-email\"><a rel=\"nofollow noopener noreferrer\" data-shared=\"\" class=\"share-email sd-button share-icon no-text\" href=\"mailto:?subject=%5BEntrada%20compartida%5D%20Pol%C3%ADtica%20de%20privacidad&body=http%3A%2F%2Fyomeunoalretto.org%2F%3Fpage_id%3D4465&share=email\" target=\"_blank\" title=\"Haz clic para enviar un enlace por correo electr\u00f3nico a un amigo\" data-email-share-error-title=\"\u00bfTienes un correo electr\u00f3nico configurado?\" data-email-share-error-text=\"Si tienes problemas al compartir por correo electr\u00f3nico, es posible que sea porque no tengas un correo electr\u00f3nico configurado en tu navegador. Puede que tengas que crear un nuevo correo electr\u00f3nico t\u00fa mismo.\" data-email-share-nonce=\"8ac2e6100d\" data-email-share-track-url=\"http:\/\/yomeunoalretto.org\/?page_id=4465&amp;share=email\"><span><\/span><span class=\"sharing-screen-reader-text\">Haz clic para enviar un enlace por correo electr\u00f3nico a un amigo (Se abre en una ventana nueva)<\/span><\/a><\/li><li><a href=\"#\" class=\"sharing-anchor sd-button share-more\"><span>M\u00e1s<\/span><\/a><\/li><li class=\"share-end\"><\/li><\/ul><div class=\"sharing-hidden\"><div class=\"inner\" style=\"display: none;\"><ul><li class=\"share-linkedin\"><a rel=\"nofollow noopener noreferrer\" data-shared=\"sharing-linkedin-4465\" class=\"share-linkedin sd-button share-icon no-text\" href=\"http:\/\/yomeunoalretto.org\/?page_id=4465&amp;share=linkedin\" target=\"_blank\" title=\"Haz clic para compartir en LinkedIn\" ><span><\/span><span class=\"sharing-screen-reader-text\">Haz clic para compartir en LinkedIn (Se abre en una ventana nueva)<\/span><\/a><\/li><li class=\"share-tumblr\"><a rel=\"nofollow noopener noreferrer\" data-shared=\"\" class=\"share-tumblr sd-button share-icon no-text\" href=\"http:\/\/yomeunoalretto.org\/?page_id=4465&amp;share=tumblr\" target=\"_blank\" title=\"Haz clic para compartir en Tumblr\" ><span><\/span><span class=\"sharing-screen-reader-text\">Haz clic para compartir en Tumblr (Se abre en una ventana nueva)<\/span><\/a><\/li><li class=\"share-end\"><\/li><li class=\"share-reddit\"><a rel=\"nofollow noopener noreferrer\" data-shared=\"\" class=\"share-reddit sd-button share-icon no-text\" href=\"http:\/\/yomeunoalretto.org\/?page_id=4465&amp;share=reddit\" target=\"_blank\" title=\"Haz clic para compartir en Reddit\" ><span><\/span><span class=\"sharing-screen-reader-text\">Haz clic para compartir en Reddit (Se abre en una ventana nueva)<\/span><\/a><\/li><li class=\"share-pocket\"><a rel=\"nofollow noopener noreferrer\" data-shared=\"\" class=\"share-pocket sd-button share-icon no-text\" href=\"http:\/\/yomeunoalretto.org\/?page_id=4465&amp;share=pocket\" target=\"_blank\" title=\"Haz clic para compartir en Pocket\" ><span><\/span><span class=\"sharing-screen-reader-text\">Haz clic para compartir en Pocket (Se abre en una ventana nueva)<\/span><\/a><\/li><li class=\"share-end\"><\/li><li class=\"share-pinterest\"><a rel=\"nofollow noopener noreferrer\" data-shared=\"sharing-pinterest-4465\" class=\"share-pinterest sd-button share-icon no-text\" href=\"http:\/\/yomeunoalretto.org\/?page_id=4465&amp;share=pinterest\" target=\"_blank\" title=\"Haz clic para compartir en Pinterest\" ><span><\/span><span class=\"sharing-screen-reader-text\">Haz clic para compartir en Pinterest (Se abre en una ventana nueva)<\/span><\/a><\/li><li class=\"share-end\"><\/li><\/ul><\/div><\/div><\/div><\/div><\/div>","protected":false},"excerpt":{"rendered":"<p>A efecto de lo previsto en el Reglamento 2016\/679 del Parlamento Europeo y del Consejo de 27 de abril de 2016 relativo a la protecci\u00f3n de las personas f\u00edsicas en lo que respecta al tratamiento de datos personales y a la libre circulaci\u00f3n de estos datos, a ASOCIACION GADITANA YO ME UNO AL RETTO, POR [&hellip;]<\/p>\n<div class=\"sharedaddy sd-sharing-enabled\"><div class=\"robots-nocontent sd-block sd-social sd-social-icon sd-sharing\"><h3 class=\"sd-title\">Comparte esto:<\/h3><div class=\"sd-content\"><ul><li class=\"share-facebook\"><a rel=\"nofollow noopener noreferrer\" data-shared=\"sharing-facebook-4465\" class=\"share-facebook sd-button share-icon no-text\" href=\"http:\/\/yomeunoalretto.org\/?page_id=4465&amp;share=facebook\" target=\"_blank\" title=\"Haz clic para compartir en Facebook\" ><span><\/span><span class=\"sharing-screen-reader-text\">Haz clic para compartir en Facebook (Se abre en una ventana nueva)<\/span><\/a><\/li><li class=\"share-twitter\"><a rel=\"nofollow noopener noreferrer\" data-shared=\"sharing-twitter-4465\" class=\"share-twitter sd-button share-icon no-text\" href=\"http:\/\/yomeunoalretto.org\/?page_id=4465&amp;share=twitter\" target=\"_blank\" title=\"Haz clic para compartir en Twitter\" ><span><\/span><span class=\"sharing-screen-reader-text\">Haz clic para compartir en Twitter (Se abre en una ventana nueva)<\/span><\/a><\/li><li class=\"share-print\"><a rel=\"nofollow noopener noreferrer\" data-shared=\"\" class=\"share-print sd-button share-icon no-text\" href=\"http:\/\/yomeunoalretto.org\/?page_id=4465\" target=\"_blank\" title=\"Haz clic para imprimir\" ><span><\/span><span class=\"sharing-screen-reader-text\">Haz clic para imprimir (Se abre en una ventana nueva)<\/span><\/a><\/li><li class=\"share-email\"><a rel=\"nofollow noopener noreferrer\" data-shared=\"\" class=\"share-email sd-button share-icon no-text\" href=\"mailto:?subject=%5BEntrada%20compartida%5D%20Pol%C3%ADtica%20de%20privacidad&body=http%3A%2F%2Fyomeunoalretto.org%2F%3Fpage_id%3D4465&share=email\" target=\"_blank\" title=\"Haz clic para enviar un enlace por correo electr\u00f3nico a un amigo\" data-email-share-error-title=\"\u00bfTienes un correo electr\u00f3nico configurado?\" data-email-share-error-text=\"Si tienes problemas al compartir por correo electr\u00f3nico, es posible que sea porque no tengas un correo electr\u00f3nico configurado en tu navegador. Puede que tengas que crear un nuevo correo electr\u00f3nico t\u00fa mismo.\" data-email-share-nonce=\"8ac2e6100d\" data-email-share-track-url=\"http:\/\/yomeunoalretto.org\/?page_id=4465&amp;share=email\"><span><\/span><span class=\"sharing-screen-reader-text\">Haz clic para enviar un enlace por correo electr\u00f3nico a un amigo (Se abre en una ventana nueva)<\/span><\/a><\/li><li><a href=\"#\" class=\"sharing-anchor sd-button share-more\"><span>M\u00e1s<\/span><\/a><\/li><li class=\"share-end\"><\/li><\/ul><div class=\"sharing-hidden\"><div class=\"inner\" style=\"display: none;\"><ul><li class=\"share-linkedin\"><a rel=\"nofollow noopener noreferrer\" data-shared=\"sharing-linkedin-4465\" class=\"share-linkedin sd-button share-icon no-text\" href=\"http:\/\/yomeunoalretto.org\/?page_id=4465&amp;share=linkedin\" target=\"_blank\" title=\"Haz clic para compartir en LinkedIn\" ><span><\/span><span class=\"sharing-screen-reader-text\">Haz clic para compartir en LinkedIn (Se abre en una ventana nueva)<\/span><\/a><\/li><li class=\"share-tumblr\"><a rel=\"nofollow noopener noreferrer\" data-shared=\"\" class=\"share-tumblr sd-button share-icon no-text\" href=\"http:\/\/yomeunoalretto.org\/?page_id=4465&amp;share=tumblr\" target=\"_blank\" title=\"Haz clic para compartir en Tumblr\" ><span><\/span><span class=\"sharing-screen-reader-text\">Haz clic para compartir en Tumblr (Se abre en una ventana nueva)<\/span><\/a><\/li><li class=\"share-end\"><\/li><li class=\"share-reddit\"><a rel=\"nofollow noopener noreferrer\" data-shared=\"\" class=\"share-reddit sd-button share-icon no-text\" href=\"http:\/\/yomeunoalretto.org\/?page_id=4465&amp;share=reddit\" target=\"_blank\" title=\"Haz clic para compartir en Reddit\" ><span><\/span><span class=\"sharing-screen-reader-text\">Haz clic para compartir en Reddit (Se abre en una ventana nueva)<\/span><\/a><\/li><li class=\"share-pocket\"><a rel=\"nofollow noopener noreferrer\" data-shared=\"\" class=\"share-pocket sd-button share-icon no-text\" href=\"http:\/\/yomeunoalretto.org\/?page_id=4465&amp;share=pocket\" target=\"_blank\" title=\"Haz clic para compartir en Pocket\" ><span><\/span><span class=\"sharing-screen-reader-text\">Haz clic para compartir en Pocket (Se abre en una ventana nueva)<\/span><\/a><\/li><li class=\"share-end\"><\/li><li class=\"share-pinterest\"><a rel=\"nofollow noopener noreferrer\" data-shared=\"sharing-pinterest-4465\" class=\"share-pinterest sd-button share-icon no-text\" href=\"http:\/\/yomeunoalretto.org\/?page_id=4465&amp;share=pinterest\" target=\"_blank\" title=\"Haz clic para compartir en Pinterest\" ><span><\/span><span class=\"sharing-screen-reader-text\">Haz clic para compartir en Pinterest (Se abre en una ventana nueva)<\/span><\/a><\/li><li class=\"share-end\"><\/li><\/ul><\/div><\/div><\/div><\/div><\/div>","protected":false},"author":1,"featured_media":0,"parent":0,"menu_order":0,"comment_status":"closed","ping_status":"closed","template":"","meta":[],"jetpack_shortlink":"https:\/\/wp.me\/P4JzDn-1a1","jetpack_sharing_enabled":true,"_links":{"self":[{"href":"http:\/\/yomeunoalretto.org\/index.php?rest_route=\/wp\/v2\/pages\/4465"}],"collection":[{"href":"http:\/\/yomeunoalretto.org\/index.php?rest_route=\/wp\/v2\/pages"}],"about":[{"href":"http:\/\/yomeunoalretto.org\/index.php?rest_route=\/wp\/v2\/types\/page"}],"author":[{"embeddable":true,"href":"http:\/\/yomeunoalretto.org\/index.php?rest_route=\/wp\/v2\/users\/1"}],"replies":[{"embeddable":true,"href":"http:\/\/yomeunoalretto.org\/index.php?rest_route=%2Fwp%2Fv2%2Fcomments&post=4465"}],"version-history":[{"count":4,"href":"http:\/\/yomeunoalretto.org\/index.php?rest_route=\/wp\/v2\/pages\/4465\/revisions"}],"predecessor-version":[{"id":4842,"href":"http:\/\/yomeunoalretto.org\/index.php?rest_route=\/wp\/v2\/pages\/4465\/revisions\/4842"}],"wp:attachment":[{"href":"http:\/\/yomeunoalretto.org\/index.php?rest_route=%2Fwp%2Fv2%2Fmedia&parent=4465"}],"curies":[{"name":"wp","href":"https:\/\/api.w.org\/{rel}","templated":true}]}}