{"id":4413,"date":"2016-04-25T23:53:51","date_gmt":"2016-04-25T22:53:51","guid":{"rendered":"http:\/\/yomeunoalretto.org\/?page_id=4413"},"modified":"2016-04-26T15:25:34","modified_gmt":"2016-04-26T14:25:34","slug":"carrera-yomeunoalretto-1500-e","status":"publish","type":"page","link":"http:\/\/yomeunoalretto.org\/?page_id=4413","title":{"rendered":"Carrera #YomeunoalRetto = 1500 \u20ac"},"content":{"rendered":"<p class=\"page-title\"><img data-attachment-id=\"4180\" data-permalink=\"http:\/\/yomeunoalretto.org\/?attachment_id=4180\" data-orig-file=\"http:\/\/yomeunoalretto.org\/wp-content\/uploads\/2016\/03\/IMG_6628.jpg\" data-orig-size=\"1920,1080\" data-comments-opened=\"1\" data-image-meta=\"{&quot;aperture&quot;:&quot;0&quot;,&quot;credit&quot;:&quot;&quot;,&quot;camera&quot;:&quot;&quot;,&quot;caption&quot;:&quot;&quot;,&quot;created_timestamp&quot;:&quot;1456770997&quot;,&quot;copyright&quot;:&quot;&quot;,&quot;focal_length&quot;:&quot;0&quot;,&quot;iso&quot;:&quot;0&quot;,&quot;shutter_speed&quot;:&quot;0&quot;,&quot;title&quot;:&quot;&quot;,&quot;orientation&quot;:&quot;1&quot;}\" data-image-title=\"IMG_6628\" data-image-description=\"\" data-image-caption=\"\" data-medium-file=\"http:\/\/yomeunoalretto.org\/wp-content\/uploads\/2016\/03\/IMG_6628-250x141.jpg\" data-large-file=\"http:\/\/yomeunoalretto.org\/wp-content\/uploads\/2016\/03\/IMG_6628-1024x576.jpg\" decoding=\"async\" loading=\"lazy\" class=\"alignleft size-medium wp-image-4180\" src=\"http:\/\/yomeunoalretto.org\/wp-content\/uploads\/2016\/03\/IMG_6628-250x141.jpg\" alt=\"IMG_6628\" width=\"250\" height=\"141\" srcset=\"http:\/\/yomeunoalretto.org\/wp-content\/uploads\/2016\/03\/IMG_6628-250x141.jpg 250w, http:\/\/yomeunoalretto.org\/wp-content\/uploads\/2016\/03\/IMG_6628-768x432.jpg 768w, http:\/\/yomeunoalretto.org\/wp-content\/uploads\/2016\/03\/IMG_6628-1024x576.jpg 1024w, http:\/\/yomeunoalretto.org\/wp-content\/uploads\/2016\/03\/IMG_6628-216x122.jpg 216w, http:\/\/yomeunoalretto.org\/wp-content\/uploads\/2016\/03\/IMG_6628.jpg 1920w\" sizes=\"(max-width: 250px) 100vw, 250px\" \/>La Carrera del\u00a0pasado d\u00eda 29\u00a0de Febrero, d\u00eda mundial de las enfermedades raras, en la que todos disfrutamos de una maravillosa jornada en la Playa de la Victoria de C\u00e1diz aporta otros 1500 \u20ac, que ya han sido donados al Hospital de San Juan De Dios para que la investigaci\u00f3n no cese.<\/p>\n<p class=\"page-title\">No podemos nada mas que estar enormemente agradecidos por la paciencia y el buen comportamiento de los participantes, por el trabajo desprendido de nuestros geniales voluntarios, a los medios de comunicaci\u00f3n y clubes deportivos que nos ayudaron a darle publicidad al evento y por la colaboraci\u00f3n de todas las empresas y entidades que colaboraron para que disfrut\u00e1semos de un d\u00eda espectacular y hayamos podido recaudar\u00a0esta magnifica aportaci\u00f3n.<\/p>\n<p>No debemos olvidar que este evento se pudo llevar a cabo gracias a\u00a0<span style=\"color: #3366ff;\"><strong><a style=\"color: #3366ff;\" href=\"http:\/\/conchipandalucia.com\/\" target=\"_blank\">Conchip Andalucia<\/a><\/strong>,<\/span> que sin su apoyo profesional esto hubiera sido t\u00e9cnicamente imposible, siempre preocupados por ayudar a las ni\u00f1as y ni\u00f1os afectados por el S\u00edndrome\u00a0de Rett y por apoyar a sus familias. Al igual que la directiva del\u00a0<strong><span style=\"color: #3366ff;\"><a style=\"color: #3366ff;\" href=\"http:\/\/www.cdcadizcostadelaluz.com\/\" target=\"_blank\"><span style=\"color: #000000;\">Club Deportivo<\/span>\u00a0<span style=\"color: #800000;\">C<\/span><span style=\"color: #ff9900;\">\u00e1<\/span><span style=\"color: #ffcc00;\">d<\/span><span style=\"color: #ff9900;\">i<\/span><span style=\"color: #800000;\">z<\/span>\u00a0Costa\u00a0<span style=\"color: #000080;\">de la<\/span>\u00a0Luz,\u00a0<span style=\"color: #000080;\">Trihercules<\/span><\/a><\/span><\/strong><span style=\"color: #000080;\">,<\/span>\u00a0que siempre nos ha apoyado en los eventos que venimos organizando, a los gimnasios colaboradores\u00a0<strong><a href=\"https:\/\/www.facebook.com\/easyfitnesscadiz\" target=\"_blank\"><span style=\"color: #333333;\">Easy<span style=\"color: #ffcc00;\">fitnees<\/span><\/span><\/a><\/strong>\u00a0y\u00a0<strong><a style=\"color: #ff0000;\" href=\"http:\/\/saludsport.es\" target=\"_blank\"><span style=\"color: #808080;\">Salud<\/span><span style=\"color: #99cc00;\">Sport<\/span><\/a><span style=\"color: #99cc00;\">,<\/span><\/strong>\u00a0,<\/p>\n<p>Gracias a todas las empresas que colaborasteis de uno u otro modo BilboFly, Coca Cola, Fruteria El Curro, Malevo Barberia, Fisiocentro, Nautalia Viajes, Blabbla Estudio, al centro de Fisioterapia Fimede\u00a0y a la\u00a0colaboraci\u00f3n del Instituto Municipal de Deportes de Ayuntamiento de C\u00e1diz.<\/p>\n<p>Esperemos poder volver a repetir esta experiencia alg\u00fan d\u00eda en compa\u00f1\u00eda de todos vosotros, ya que adem\u00e1s de haber sido un \u00e9xito mucho mayor que en su primera edici\u00f3n pudimos pasar un rato muy agradable con vuestra participaci\u00f3n.<\/p>\n<p>Y si quereis ver las fotos del evento o el magnifico video podeis acceder a la galer\u00eda a trav\u00e9s de este <strong><span style=\"color: #cc99ff;\"><a style=\"color: #cc99ff;\" href=\"http:\/\/yomeunoalretto.org\/?page_id=3862\">enlace.<\/a><\/span><\/strong><\/p>\n<div class=\"sharedaddy sd-sharing-enabled\"><div class=\"robots-nocontent sd-block sd-social sd-social-icon sd-sharing\"><h3 class=\"sd-title\">Comparte esto:<\/h3><div class=\"sd-content\"><ul><li class=\"share-facebook\"><a rel=\"nofollow noopener noreferrer\" data-shared=\"sharing-facebook-4413\" class=\"share-facebook sd-button share-icon no-text\" href=\"http:\/\/yomeunoalretto.org\/?page_id=4413&amp;share=facebook\" target=\"_blank\" title=\"Haz clic para compartir en Facebook\" ><span><\/span><span class=\"sharing-screen-reader-text\">Haz clic para compartir en Facebook (Se abre en una ventana nueva)<\/span><\/a><\/li><li class=\"share-twitter\"><a rel=\"nofollow noopener noreferrer\" data-shared=\"sharing-twitter-4413\" class=\"share-twitter sd-button share-icon no-text\" href=\"http:\/\/yomeunoalretto.org\/?page_id=4413&amp;share=twitter\" target=\"_blank\" title=\"Haz clic para compartir en Twitter\" ><span><\/span><span class=\"sharing-screen-reader-text\">Haz clic para compartir en Twitter (Se abre en una ventana nueva)<\/span><\/a><\/li><li class=\"share-print\"><a rel=\"nofollow noopener noreferrer\" data-shared=\"\" class=\"share-print sd-button share-icon no-text\" href=\"http:\/\/yomeunoalretto.org\/?page_id=4413\" target=\"_blank\" title=\"Haz clic para imprimir\" ><span><\/span><span class=\"sharing-screen-reader-text\">Haz clic para imprimir (Se abre en una ventana nueva)<\/span><\/a><\/li><li class=\"share-email\"><a rel=\"nofollow noopener noreferrer\" data-shared=\"\" class=\"share-email sd-button share-icon no-text\" href=\"mailto:?subject=%5BEntrada%20compartida%5D%20Carrera%20%23YomeunoalRetto%20%3D%201500%20%E2%82%AC&body=http%3A%2F%2Fyomeunoalretto.org%2F%3Fpage_id%3D4413&share=email\" target=\"_blank\" title=\"Haz clic para enviar un enlace por correo electr\u00f3nico a un amigo\" data-email-share-error-title=\"\u00bfTienes un correo electr\u00f3nico configurado?\" data-email-share-error-text=\"Si tienes problemas al compartir por correo electr\u00f3nico, es posible que sea porque no tengas un correo electr\u00f3nico configurado en tu navegador. Puede que tengas que crear un nuevo correo electr\u00f3nico t\u00fa mismo.\" data-email-share-nonce=\"9555c4a291\" data-email-share-track-url=\"http:\/\/yomeunoalretto.org\/?page_id=4413&amp;share=email\"><span><\/span><span class=\"sharing-screen-reader-text\">Haz clic para enviar un enlace por correo electr\u00f3nico a un amigo (Se abre en una ventana nueva)<\/span><\/a><\/li><li><a href=\"#\" class=\"sharing-anchor sd-button share-more\"><span>M\u00e1s<\/span><\/a><\/li><li class=\"share-end\"><\/li><\/ul><div class=\"sharing-hidden\"><div class=\"inner\" style=\"display: none;\"><ul><li class=\"share-linkedin\"><a rel=\"nofollow noopener noreferrer\" data-shared=\"sharing-linkedin-4413\" class=\"share-linkedin sd-button share-icon no-text\" href=\"http:\/\/yomeunoalretto.org\/?page_id=4413&amp;share=linkedin\" target=\"_blank\" title=\"Haz clic para compartir en LinkedIn\" ><span><\/span><span class=\"sharing-screen-reader-text\">Haz clic para compartir en LinkedIn (Se abre en una ventana nueva)<\/span><\/a><\/li><li class=\"share-tumblr\"><a rel=\"nofollow noopener noreferrer\" data-shared=\"\" class=\"share-tumblr sd-button share-icon no-text\" href=\"http:\/\/yomeunoalretto.org\/?page_id=4413&amp;share=tumblr\" target=\"_blank\" title=\"Haz clic para compartir en Tumblr\" ><span><\/span><span class=\"sharing-screen-reader-text\">Haz clic para compartir en Tumblr (Se abre en una ventana nueva)<\/span><\/a><\/li><li class=\"share-end\"><\/li><li class=\"share-reddit\"><a rel=\"nofollow noopener noreferrer\" data-shared=\"\" class=\"share-reddit sd-button share-icon no-text\" href=\"http:\/\/yomeunoalretto.org\/?page_id=4413&amp;share=reddit\" target=\"_blank\" title=\"Haz clic para compartir en Reddit\" ><span><\/span><span class=\"sharing-screen-reader-text\">Haz clic para compartir en Reddit (Se abre en una ventana nueva)<\/span><\/a><\/li><li class=\"share-pocket\"><a rel=\"nofollow noopener noreferrer\" data-shared=\"\" class=\"share-pocket sd-button share-icon no-text\" href=\"http:\/\/yomeunoalretto.org\/?page_id=4413&amp;share=pocket\" target=\"_blank\" title=\"Haz clic para compartir en Pocket\" ><span><\/span><span class=\"sharing-screen-reader-text\">Haz clic para compartir en Pocket (Se abre en una ventana nueva)<\/span><\/a><\/li><li class=\"share-end\"><\/li><li class=\"share-pinterest\"><a rel=\"nofollow noopener noreferrer\" data-shared=\"sharing-pinterest-4413\" class=\"share-pinterest sd-button share-icon no-text\" href=\"http:\/\/yomeunoalretto.org\/?page_id=4413&amp;share=pinterest\" target=\"_blank\" title=\"Haz clic para compartir en Pinterest\" ><span><\/span><span class=\"sharing-screen-reader-text\">Haz clic para compartir en Pinterest (Se abre en una ventana nueva)<\/span><\/a><\/li><li class=\"share-end\"><\/li><\/ul><\/div><\/div><\/div><\/div><\/div>","protected":false},"excerpt":{"rendered":"<p>La Carrera del\u00a0pasado d\u00eda 29\u00a0de Febrero, d\u00eda mundial de las enfermedades raras, en la que todos disfrutamos de una maravillosa jornada en la Playa de la Victoria de C\u00e1diz aporta otros 1500 \u20ac, que ya han sido donados al Hospital de San Juan De Dios para que la investigaci\u00f3n no cese. No podemos nada mas [&hellip;]<\/p>\n<div class=\"sharedaddy sd-sharing-enabled\"><div class=\"robots-nocontent sd-block sd-social sd-social-icon sd-sharing\"><h3 class=\"sd-title\">Comparte esto:<\/h3><div class=\"sd-content\"><ul><li class=\"share-facebook\"><a rel=\"nofollow noopener noreferrer\" data-shared=\"sharing-facebook-4413\" class=\"share-facebook sd-button share-icon no-text\" href=\"http:\/\/yomeunoalretto.org\/?page_id=4413&amp;share=facebook\" target=\"_blank\" title=\"Haz clic para compartir en Facebook\" ><span><\/span><span class=\"sharing-screen-reader-text\">Haz clic para compartir en Facebook (Se abre en una ventana nueva)<\/span><\/a><\/li><li class=\"share-twitter\"><a rel=\"nofollow noopener noreferrer\" data-shared=\"sharing-twitter-4413\" class=\"share-twitter sd-button share-icon no-text\" href=\"http:\/\/yomeunoalretto.org\/?page_id=4413&amp;share=twitter\" target=\"_blank\" title=\"Haz clic para compartir en Twitter\" ><span><\/span><span class=\"sharing-screen-reader-text\">Haz clic para compartir en Twitter (Se abre en una ventana nueva)<\/span><\/a><\/li><li class=\"share-print\"><a rel=\"nofollow noopener noreferrer\" data-shared=\"\" class=\"share-print sd-button share-icon no-text\" href=\"http:\/\/yomeunoalretto.org\/?page_id=4413\" target=\"_blank\" title=\"Haz clic para imprimir\" ><span><\/span><span class=\"sharing-screen-reader-text\">Haz clic para imprimir (Se abre en una ventana nueva)<\/span><\/a><\/li><li class=\"share-email\"><a rel=\"nofollow noopener noreferrer\" data-shared=\"\" class=\"share-email sd-button share-icon no-text\" href=\"mailto:?subject=%5BEntrada%20compartida%5D%20Carrera%20%23YomeunoalRetto%20%3D%201500%20%E2%82%AC&body=http%3A%2F%2Fyomeunoalretto.org%2F%3Fpage_id%3D4413&share=email\" target=\"_blank\" title=\"Haz clic para enviar un enlace por correo electr\u00f3nico a un amigo\" data-email-share-error-title=\"\u00bfTienes un correo electr\u00f3nico configurado?\" data-email-share-error-text=\"Si tienes problemas al compartir por correo electr\u00f3nico, es posible que sea porque no tengas un correo electr\u00f3nico configurado en tu navegador. Puede que tengas que crear un nuevo correo electr\u00f3nico t\u00fa mismo.\" data-email-share-nonce=\"9555c4a291\" data-email-share-track-url=\"http:\/\/yomeunoalretto.org\/?page_id=4413&amp;share=email\"><span><\/span><span class=\"sharing-screen-reader-text\">Haz clic para enviar un enlace por correo electr\u00f3nico a un amigo (Se abre en una ventana nueva)<\/span><\/a><\/li><li><a href=\"#\" class=\"sharing-anchor sd-button share-more\"><span>M\u00e1s<\/span><\/a><\/li><li class=\"share-end\"><\/li><\/ul><div class=\"sharing-hidden\"><div class=\"inner\" style=\"display: none;\"><ul><li class=\"share-linkedin\"><a rel=\"nofollow noopener noreferrer\" data-shared=\"sharing-linkedin-4413\" class=\"share-linkedin sd-button share-icon no-text\" href=\"http:\/\/yomeunoalretto.org\/?page_id=4413&amp;share=linkedin\" target=\"_blank\" title=\"Haz clic para compartir en LinkedIn\" ><span><\/span><span class=\"sharing-screen-reader-text\">Haz clic para compartir en LinkedIn (Se abre en una ventana nueva)<\/span><\/a><\/li><li class=\"share-tumblr\"><a rel=\"nofollow noopener noreferrer\" data-shared=\"\" class=\"share-tumblr sd-button share-icon no-text\" href=\"http:\/\/yomeunoalretto.org\/?page_id=4413&amp;share=tumblr\" target=\"_blank\" title=\"Haz clic para compartir en Tumblr\" ><span><\/span><span class=\"sharing-screen-reader-text\">Haz clic para compartir en Tumblr (Se abre en una ventana nueva)<\/span><\/a><\/li><li class=\"share-end\"><\/li><li class=\"share-reddit\"><a rel=\"nofollow noopener noreferrer\" data-shared=\"\" class=\"share-reddit sd-button share-icon no-text\" href=\"http:\/\/yomeunoalretto.org\/?page_id=4413&amp;share=reddit\" target=\"_blank\" title=\"Haz clic para compartir en Reddit\" ><span><\/span><span class=\"sharing-screen-reader-text\">Haz clic para compartir en Reddit (Se abre en una ventana nueva)<\/span><\/a><\/li><li class=\"share-pocket\"><a rel=\"nofollow noopener noreferrer\" data-shared=\"\" class=\"share-pocket sd-button share-icon no-text\" href=\"http:\/\/yomeunoalretto.org\/?page_id=4413&amp;share=pocket\" target=\"_blank\" title=\"Haz clic para compartir en Pocket\" ><span><\/span><span class=\"sharing-screen-reader-text\">Haz clic para compartir en Pocket (Se abre en una ventana nueva)<\/span><\/a><\/li><li class=\"share-end\"><\/li><li class=\"share-pinterest\"><a rel=\"nofollow noopener noreferrer\" data-shared=\"sharing-pinterest-4413\" class=\"share-pinterest sd-button share-icon no-text\" href=\"http:\/\/yomeunoalretto.org\/?page_id=4413&amp;share=pinterest\" target=\"_blank\" title=\"Haz clic para compartir en Pinterest\" ><span><\/span><span class=\"sharing-screen-reader-text\">Haz clic para compartir en Pinterest (Se abre en una ventana nueva)<\/span><\/a><\/li><li class=\"share-end\"><\/li><\/ul><\/div><\/div><\/div><\/div><\/div>","protected":false},"author":1,"featured_media":0,"parent":0,"menu_order":0,"comment_status":"closed","ping_status":"closed","template":"","meta":[],"jetpack_shortlink":"https:\/\/wp.me\/P4JzDn-19b","jetpack_sharing_enabled":true,"_links":{"self":[{"href":"http:\/\/yomeunoalretto.org\/index.php?rest_route=\/wp\/v2\/pages\/4413"}],"collection":[{"href":"http:\/\/yomeunoalretto.org\/index.php?rest_route=\/wp\/v2\/pages"}],"about":[{"href":"http:\/\/yomeunoalretto.org\/index.php?rest_route=\/wp\/v2\/types\/page"}],"author":[{"embeddable":true,"href":"http:\/\/yomeunoalretto.org\/index.php?rest_route=\/wp\/v2\/users\/1"}],"replies":[{"embeddable":true,"href":"http:\/\/yomeunoalretto.org\/index.php?rest_route=%2Fwp%2Fv2%2Fcomments&post=4413"}],"version-history":[{"count":7,"href":"http:\/\/yomeunoalretto.org\/index.php?rest_route=\/wp\/v2\/pages\/4413\/revisions"}],"predecessor-version":[{"id":4421,"href":"http:\/\/yomeunoalretto.org\/index.php?rest_route=\/wp\/v2\/pages\/4413\/revisions\/4421"}],"wp:attachment":[{"href":"http:\/\/yomeunoalretto.org\/index.php?rest_route=%2Fwp%2Fv2%2Fmedia&parent=4413"}],"curies":[{"name":"wp","href":"https:\/\/api.w.org\/{rel}","templated":true}]}}