{"id":4275,"date":"2016-03-22T00:30:02","date_gmt":"2016-03-21T23:30:02","guid":{"rendered":"http:\/\/yomeunoalretto.org\/?page_id=4275"},"modified":"2016-04-12T06:20:45","modified_gmt":"2016-04-12T05:20:45","slug":"kd-b-jerez-padel-tambien-se-une-al-retto","status":"publish","type":"page","link":"http:\/\/yomeunoalretto.org\/?page_id=4275","title":{"rendered":"KD b Jerez Padel tambi\u00e9n se une al Retto"},"content":{"rendered":"<p><img data-attachment-id=\"4286\" data-permalink=\"http:\/\/yomeunoalretto.org\/?attachment_id=4286\" data-orig-file=\"http:\/\/yomeunoalretto.org\/wp-content\/uploads\/2016\/03\/FullSizeRender-1.jpg\" data-orig-size=\"695,659\" data-comments-opened=\"1\" data-image-meta=\"{&quot;aperture&quot;:&quot;0&quot;,&quot;credit&quot;:&quot;&quot;,&quot;camera&quot;:&quot;&quot;,&quot;caption&quot;:&quot;&quot;,&quot;created_timestamp&quot;:&quot;0&quot;,&quot;copyright&quot;:&quot;&quot;,&quot;focal_length&quot;:&quot;0&quot;,&quot;iso&quot;:&quot;0&quot;,&quot;shutter_speed&quot;:&quot;0&quot;,&quot;title&quot;:&quot;&quot;,&quot;orientation&quot;:&quot;0&quot;}\" data-image-title=\"FullSizeRender\" data-image-description=\"\" data-image-caption=\"\" data-medium-file=\"http:\/\/yomeunoalretto.org\/wp-content\/uploads\/2016\/03\/FullSizeRender-1-250x237.jpg\" data-large-file=\"http:\/\/yomeunoalretto.org\/wp-content\/uploads\/2016\/03\/FullSizeRender-1.jpg\" decoding=\"async\" loading=\"lazy\" class=\"alignleft wp-image-4286\" src=\"http:\/\/yomeunoalretto.org\/wp-content\/uploads\/2016\/03\/FullSizeRender-1-250x237.jpg\" alt=\"FullSizeRender\" width=\"145\" height=\"137\" srcset=\"http:\/\/yomeunoalretto.org\/wp-content\/uploads\/2016\/03\/FullSizeRender-1-250x237.jpg 250w, http:\/\/yomeunoalretto.org\/wp-content\/uploads\/2016\/03\/FullSizeRender-1-177x168.jpg 177w, http:\/\/yomeunoalretto.org\/wp-content\/uploads\/2016\/03\/FullSizeRender-1.jpg 695w\" sizes=\"(max-width: 145px) 100vw, 145px\" \/>Desde Yo me uno al Retto, nos enorgullece comunicaros que el equipo de <span style=\"color: #ffcc00;\"><em><strong><a style=\"color: #ffcc00;\" href=\"https:\/\/www.facebook.com\/padelkd.kikeydavid\" target=\"_blank\">Padel\u00a0de Jerez KD b<\/a><\/strong><\/em><\/span>, han tenido la gentileza de unirse a nuestra causa por la difusi\u00f3n del conocimiento del S\u00edndrome de Rett, estampando el nombre de la asociaci\u00f3n y el logo en sus camisetas.<\/p>\n<p>Un club joven , aunque muy numeroso 20 j\u00f3venes de diversas edades que juegan en 7 categor\u00edas de las series nacionales de padel y que estamos seguros alcanzaran grandes logros, empezando por uno muy importante, dar ejemplo de solidaridad.<\/p>\n<p class=\"jetpack-slideshow-noscript robots-nocontent\">El pase de diapositivas requiere JavaScript.<\/p><div id=\"gallery-4275-1-slideshow\" class=\"jetpack-slideshow-window jetpack-slideshow jetpack-slideshow-black\" data-trans=\"fade\" data-autostart=\"1\" data-gallery=\"[{&quot;src&quot;:&quot;http:\\\/\\\/yomeunoalretto.org\\\/wp-content\\\/uploads\\\/2016\\\/03\\\/IMG_6802-1.jpg&quot;,&quot;id&quot;:&quot;4245&quot;,&quot;title&quot;:&quot;IMG_6802&quot;,&quot;alt&quot;:&quot;&quot;,&quot;caption&quot;:&quot;&quot;,&quot;itemprop&quot;:&quot;image&quot;},{&quot;src&quot;:&quot;http:\\\/\\\/yomeunoalretto.org\\\/wp-content\\\/uploads\\\/2016\\\/03\\\/IMG_6801-1.jpg&quot;,&quot;id&quot;:&quot;4244&quot;,&quot;title&quot;:&quot;IMG_6801&quot;,&quot;alt&quot;:&quot;&quot;,&quot;caption&quot;:&quot;&quot;,&quot;itemprop&quot;:&quot;image&quot;},{&quot;src&quot;:&quot;http:\\\/\\\/yomeunoalretto.org\\\/wp-content\\\/uploads\\\/2016\\\/03\\\/IMG_6800-1.jpg&quot;,&quot;id&quot;:&quot;4243&quot;,&quot;title&quot;:&quot;IMG_6800&quot;,&quot;alt&quot;:&quot;&quot;,&quot;caption&quot;:&quot;&quot;,&quot;itemprop&quot;:&quot;image&quot;},{&quot;src&quot;:&quot;http:\\\/\\\/yomeunoalretto.org\\\/wp-content\\\/uploads\\\/2016\\\/03\\\/IMG_6799-1.jpg&quot;,&quot;id&quot;:&quot;4242&quot;,&quot;title&quot;:&quot;IMG_6799&quot;,&quot;alt&quot;:&quot;&quot;,&quot;caption&quot;:&quot;&quot;,&quot;itemprop&quot;:&quot;image&quot;},{&quot;src&quot;:&quot;http:\\\/\\\/yomeunoalretto.org\\\/wp-content\\\/uploads\\\/2016\\\/03\\\/IMG_6798-1.jpg&quot;,&quot;id&quot;:&quot;4241&quot;,&quot;title&quot;:&quot;IMG_6798&quot;,&quot;alt&quot;:&quot;&quot;,&quot;caption&quot;:&quot;&quot;,&quot;itemprop&quot;:&quot;image&quot;},{&quot;src&quot;:&quot;http:\\\/\\\/yomeunoalretto.org\\\/wp-content\\\/uploads\\\/2016\\\/03\\\/IMG_6797-1.jpg&quot;,&quot;id&quot;:&quot;4240&quot;,&quot;title&quot;:&quot;IMG_6797&quot;,&quot;alt&quot;:&quot;&quot;,&quot;caption&quot;:&quot;&quot;,&quot;itemprop&quot;:&quot;image&quot;},{&quot;src&quot;:&quot;http:\\\/\\\/yomeunoalretto.org\\\/wp-content\\\/uploads\\\/2016\\\/04\\\/IMG_7153.jpg&quot;,&quot;id&quot;:&quot;4403&quot;,&quot;title&quot;:&quot;IMG_7153&quot;,&quot;alt&quot;:&quot;&quot;,&quot;caption&quot;:&quot;&quot;,&quot;itemprop&quot;:&quot;image&quot;},{&quot;src&quot;:&quot;http:\\\/\\\/yomeunoalretto.org\\\/wp-content\\\/uploads\\\/2016\\\/04\\\/IMG_7152.jpg&quot;,&quot;id&quot;:&quot;4402&quot;,&quot;title&quot;:&quot;IMG_7152&quot;,&quot;alt&quot;:&quot;&quot;,&quot;caption&quot;:&quot;&quot;,&quot;itemprop&quot;:&quot;image&quot;}]\" itemscope itemtype=\"https:\/\/schema.org\/ImageGallery\"><\/div>\n<p>Nosotros no podemos m\u00e1s que estar agradecidos y manteneros informados a traves de set p\u00e1gina de sus logros y nuevas fotos que vayamos consiguiendo de este magn\u00edfico equipo.<\/p>\n<p>Muchas gracias por vuestro apoyo.<\/p>\n<div class=\"sharedaddy sd-sharing-enabled\"><div class=\"robots-nocontent sd-block sd-social sd-social-icon sd-sharing\"><h3 class=\"sd-title\">Comparte esto:<\/h3><div class=\"sd-content\"><ul><li class=\"share-facebook\"><a rel=\"nofollow noopener noreferrer\" data-shared=\"sharing-facebook-4275\" class=\"share-facebook sd-button share-icon no-text\" href=\"http:\/\/yomeunoalretto.org\/?page_id=4275&amp;share=facebook\" target=\"_blank\" title=\"Haz clic para compartir en Facebook\" ><span><\/span><span class=\"sharing-screen-reader-text\">Haz clic para compartir en Facebook (Se abre en una ventana nueva)<\/span><\/a><\/li><li class=\"share-twitter\"><a rel=\"nofollow noopener noreferrer\" data-shared=\"sharing-twitter-4275\" class=\"share-twitter sd-button share-icon no-text\" href=\"http:\/\/yomeunoalretto.org\/?page_id=4275&amp;share=twitter\" target=\"_blank\" title=\"Haz clic para compartir en Twitter\" ><span><\/span><span class=\"sharing-screen-reader-text\">Haz clic para compartir en Twitter (Se abre en una ventana nueva)<\/span><\/a><\/li><li class=\"share-print\"><a rel=\"nofollow noopener noreferrer\" data-shared=\"\" class=\"share-print sd-button share-icon no-text\" href=\"http:\/\/yomeunoalretto.org\/?page_id=4275\" target=\"_blank\" title=\"Haz clic para imprimir\" ><span><\/span><span class=\"sharing-screen-reader-text\">Haz clic para imprimir (Se abre en una ventana nueva)<\/span><\/a><\/li><li class=\"share-email\"><a rel=\"nofollow noopener noreferrer\" data-shared=\"\" class=\"share-email sd-button share-icon no-text\" href=\"mailto:?subject=%5BEntrada%20compartida%5D%20KD%20b%20Jerez%20Padel%20tambi%C3%A9n%20se%20une%20al%20Retto&body=http%3A%2F%2Fyomeunoalretto.org%2F%3Fpage_id%3D4275&share=email\" target=\"_blank\" title=\"Haz clic para enviar un enlace por correo electr\u00f3nico a un amigo\" data-email-share-error-title=\"\u00bfTienes un correo electr\u00f3nico configurado?\" data-email-share-error-text=\"Si tienes problemas al compartir por correo electr\u00f3nico, es posible que sea porque no tengas un correo electr\u00f3nico configurado en tu navegador. Puede que tengas que crear un nuevo correo electr\u00f3nico t\u00fa mismo.\" data-email-share-nonce=\"61f71a5018\" data-email-share-track-url=\"http:\/\/yomeunoalretto.org\/?page_id=4275&amp;share=email\"><span><\/span><span class=\"sharing-screen-reader-text\">Haz clic para enviar un enlace por correo electr\u00f3nico a un amigo (Se abre en una ventana nueva)<\/span><\/a><\/li><li><a href=\"#\" class=\"sharing-anchor sd-button share-more\"><span>M\u00e1s<\/span><\/a><\/li><li class=\"share-end\"><\/li><\/ul><div class=\"sharing-hidden\"><div class=\"inner\" style=\"display: none;\"><ul><li class=\"share-linkedin\"><a rel=\"nofollow noopener noreferrer\" data-shared=\"sharing-linkedin-4275\" class=\"share-linkedin sd-button share-icon no-text\" href=\"http:\/\/yomeunoalretto.org\/?page_id=4275&amp;share=linkedin\" target=\"_blank\" title=\"Haz clic para compartir en LinkedIn\" ><span><\/span><span class=\"sharing-screen-reader-text\">Haz clic para compartir en LinkedIn (Se abre en una ventana nueva)<\/span><\/a><\/li><li class=\"share-tumblr\"><a rel=\"nofollow noopener noreferrer\" data-shared=\"\" class=\"share-tumblr sd-button share-icon no-text\" href=\"http:\/\/yomeunoalretto.org\/?page_id=4275&amp;share=tumblr\" target=\"_blank\" title=\"Haz clic para compartir en Tumblr\" ><span><\/span><span class=\"sharing-screen-reader-text\">Haz clic para compartir en Tumblr (Se abre en una ventana nueva)<\/span><\/a><\/li><li class=\"share-end\"><\/li><li class=\"share-reddit\"><a rel=\"nofollow noopener noreferrer\" data-shared=\"\" class=\"share-reddit sd-button share-icon no-text\" href=\"http:\/\/yomeunoalretto.org\/?page_id=4275&amp;share=reddit\" target=\"_blank\" title=\"Haz clic para compartir en Reddit\" ><span><\/span><span class=\"sharing-screen-reader-text\">Haz clic para compartir en Reddit (Se abre en una ventana nueva)<\/span><\/a><\/li><li class=\"share-pocket\"><a rel=\"nofollow noopener noreferrer\" data-shared=\"\" class=\"share-pocket sd-button share-icon no-text\" href=\"http:\/\/yomeunoalretto.org\/?page_id=4275&amp;share=pocket\" target=\"_blank\" title=\"Haz clic para compartir en Pocket\" ><span><\/span><span class=\"sharing-screen-reader-text\">Haz clic para compartir en Pocket (Se abre en una ventana nueva)<\/span><\/a><\/li><li class=\"share-end\"><\/li><li class=\"share-pinterest\"><a rel=\"nofollow noopener noreferrer\" data-shared=\"sharing-pinterest-4275\" class=\"share-pinterest sd-button share-icon no-text\" href=\"http:\/\/yomeunoalretto.org\/?page_id=4275&amp;share=pinterest\" target=\"_blank\" title=\"Haz clic para compartir en Pinterest\" ><span><\/span><span class=\"sharing-screen-reader-text\">Haz clic para compartir en Pinterest (Se abre en una ventana nueva)<\/span><\/a><\/li><li class=\"share-end\"><\/li><\/ul><\/div><\/div><\/div><\/div><\/div>","protected":false},"excerpt":{"rendered":"<p>Desde Yo me uno al Retto, nos enorgullece comunicaros que el equipo de Padel\u00a0de Jerez KD b, han tenido la gentileza de unirse a nuestra causa por la difusi\u00f3n del conocimiento del S\u00edndrome de Rett, estampando el nombre de la asociaci\u00f3n y el logo en sus camisetas. Un club joven , aunque muy numeroso 20 [&hellip;]<\/p>\n<div class=\"sharedaddy sd-sharing-enabled\"><div class=\"robots-nocontent sd-block sd-social sd-social-icon sd-sharing\"><h3 class=\"sd-title\">Comparte esto:<\/h3><div class=\"sd-content\"><ul><li class=\"share-facebook\"><a rel=\"nofollow noopener noreferrer\" data-shared=\"sharing-facebook-4275\" class=\"share-facebook sd-button share-icon no-text\" href=\"http:\/\/yomeunoalretto.org\/?page_id=4275&amp;share=facebook\" target=\"_blank\" title=\"Haz clic para compartir en Facebook\" ><span><\/span><span class=\"sharing-screen-reader-text\">Haz clic para compartir en Facebook (Se abre en una ventana nueva)<\/span><\/a><\/li><li class=\"share-twitter\"><a rel=\"nofollow noopener noreferrer\" data-shared=\"sharing-twitter-4275\" class=\"share-twitter sd-button share-icon no-text\" href=\"http:\/\/yomeunoalretto.org\/?page_id=4275&amp;share=twitter\" target=\"_blank\" title=\"Haz clic para compartir en Twitter\" ><span><\/span><span class=\"sharing-screen-reader-text\">Haz clic para compartir en Twitter (Se abre en una ventana nueva)<\/span><\/a><\/li><li class=\"share-print\"><a rel=\"nofollow noopener noreferrer\" data-shared=\"\" class=\"share-print sd-button share-icon no-text\" href=\"http:\/\/yomeunoalretto.org\/?page_id=4275\" target=\"_blank\" title=\"Haz clic para imprimir\" ><span><\/span><span class=\"sharing-screen-reader-text\">Haz clic para imprimir (Se abre en una ventana nueva)<\/span><\/a><\/li><li class=\"share-email\"><a rel=\"nofollow noopener noreferrer\" data-shared=\"\" class=\"share-email sd-button share-icon no-text\" href=\"mailto:?subject=%5BEntrada%20compartida%5D%20KD%20b%20Jerez%20Padel%20tambi%C3%A9n%20se%20une%20al%20Retto&body=http%3A%2F%2Fyomeunoalretto.org%2F%3Fpage_id%3D4275&share=email\" target=\"_blank\" title=\"Haz clic para enviar un enlace por correo electr\u00f3nico a un amigo\" data-email-share-error-title=\"\u00bfTienes un correo electr\u00f3nico configurado?\" data-email-share-error-text=\"Si tienes problemas al compartir por correo electr\u00f3nico, es posible que sea porque no tengas un correo electr\u00f3nico configurado en tu navegador. Puede que tengas que crear un nuevo correo electr\u00f3nico t\u00fa mismo.\" data-email-share-nonce=\"61f71a5018\" data-email-share-track-url=\"http:\/\/yomeunoalretto.org\/?page_id=4275&amp;share=email\"><span><\/span><span class=\"sharing-screen-reader-text\">Haz clic para enviar un enlace por correo electr\u00f3nico a un amigo (Se abre en una ventana nueva)<\/span><\/a><\/li><li><a href=\"#\" class=\"sharing-anchor sd-button share-more\"><span>M\u00e1s<\/span><\/a><\/li><li class=\"share-end\"><\/li><\/ul><div class=\"sharing-hidden\"><div class=\"inner\" style=\"display: none;\"><ul><li class=\"share-linkedin\"><a rel=\"nofollow noopener noreferrer\" data-shared=\"sharing-linkedin-4275\" class=\"share-linkedin sd-button share-icon no-text\" href=\"http:\/\/yomeunoalretto.org\/?page_id=4275&amp;share=linkedin\" target=\"_blank\" title=\"Haz clic para compartir en LinkedIn\" ><span><\/span><span class=\"sharing-screen-reader-text\">Haz clic para compartir en LinkedIn (Se abre en una ventana nueva)<\/span><\/a><\/li><li class=\"share-tumblr\"><a rel=\"nofollow noopener noreferrer\" data-shared=\"\" class=\"share-tumblr sd-button share-icon no-text\" href=\"http:\/\/yomeunoalretto.org\/?page_id=4275&amp;share=tumblr\" target=\"_blank\" title=\"Haz clic para compartir en Tumblr\" ><span><\/span><span class=\"sharing-screen-reader-text\">Haz clic para compartir en Tumblr (Se abre en una ventana nueva)<\/span><\/a><\/li><li class=\"share-end\"><\/li><li class=\"share-reddit\"><a rel=\"nofollow noopener noreferrer\" data-shared=\"\" class=\"share-reddit sd-button share-icon no-text\" href=\"http:\/\/yomeunoalretto.org\/?page_id=4275&amp;share=reddit\" target=\"_blank\" title=\"Haz clic para compartir en Reddit\" ><span><\/span><span class=\"sharing-screen-reader-text\">Haz clic para compartir en Reddit (Se abre en una ventana nueva)<\/span><\/a><\/li><li class=\"share-pocket\"><a rel=\"nofollow noopener noreferrer\" data-shared=\"\" class=\"share-pocket sd-button share-icon no-text\" href=\"http:\/\/yomeunoalretto.org\/?page_id=4275&amp;share=pocket\" target=\"_blank\" title=\"Haz clic para compartir en Pocket\" ><span><\/span><span class=\"sharing-screen-reader-text\">Haz clic para compartir en Pocket (Se abre en una ventana nueva)<\/span><\/a><\/li><li class=\"share-end\"><\/li><li class=\"share-pinterest\"><a rel=\"nofollow noopener noreferrer\" data-shared=\"sharing-pinterest-4275\" class=\"share-pinterest sd-button share-icon no-text\" href=\"http:\/\/yomeunoalretto.org\/?page_id=4275&amp;share=pinterest\" target=\"_blank\" title=\"Haz clic para compartir en Pinterest\" ><span><\/span><span class=\"sharing-screen-reader-text\">Haz clic para compartir en Pinterest (Se abre en una ventana nueva)<\/span><\/a><\/li><li class=\"share-end\"><\/li><\/ul><\/div><\/div><\/div><\/div><\/div>","protected":false},"author":1,"featured_media":4286,"parent":0,"menu_order":0,"comment_status":"closed","ping_status":"closed","template":"","meta":[],"jetpack_shortlink":"https:\/\/wp.me\/P4JzDn-16X","jetpack_sharing_enabled":true,"_links":{"self":[{"href":"http:\/\/yomeunoalretto.org\/index.php?rest_route=\/wp\/v2\/pages\/4275"}],"collection":[{"href":"http:\/\/yomeunoalretto.org\/index.php?rest_route=\/wp\/v2\/pages"}],"about":[{"href":"http:\/\/yomeunoalretto.org\/index.php?rest_route=\/wp\/v2\/types\/page"}],"author":[{"embeddable":true,"href":"http:\/\/yomeunoalretto.org\/index.php?rest_route=\/wp\/v2\/users\/1"}],"replies":[{"embeddable":true,"href":"http:\/\/yomeunoalretto.org\/index.php?rest_route=%2Fwp%2Fv2%2Fcomments&post=4275"}],"version-history":[{"count":13,"href":"http:\/\/yomeunoalretto.org\/index.php?rest_route=\/wp\/v2\/pages\/4275\/revisions"}],"predecessor-version":[{"id":4404,"href":"http:\/\/yomeunoalretto.org\/index.php?rest_route=\/wp\/v2\/pages\/4275\/revisions\/4404"}],"wp:featuredmedia":[{"embeddable":true,"href":"http:\/\/yomeunoalretto.org\/index.php?rest_route=\/wp\/v2\/media\/4286"}],"wp:attachment":[{"href":"http:\/\/yomeunoalretto.org\/index.php?rest_route=%2Fwp%2Fv2%2Fmedia&parent=4275"}],"curies":[{"name":"wp","href":"https:\/\/api.w.org\/{rel}","templated":true}]}}