{"id":4133,"date":"2016-03-14T16:47:06","date_gmt":"2016-03-14T15:47:06","guid":{"rendered":"http:\/\/yomeunoalretto.org\/?page_id=4133"},"modified":"2016-03-14T16:48:18","modified_gmt":"2016-03-14T15:48:18","slug":"nueva-causa-creada-en-iwopi-yomeunoalretto","status":"publish","type":"page","link":"http:\/\/yomeunoalretto.org\/?page_id=4133","title":{"rendered":"Nueva causa creada en iWOPI #yomeunoalRetto"},"content":{"rendered":"<p><a href=\"http:\/\/app.iwopi.org\/causas\/292\" target=\"_blank\"><img data-attachment-id=\"4132\" data-permalink=\"http:\/\/yomeunoalretto.org\/?attachment_id=4132\" data-orig-file=\"http:\/\/yomeunoalretto.org\/wp-content\/uploads\/2016\/03\/yrejzbanner-yomeunoalretto2.jpg\" data-orig-size=\"750,500\" data-comments-opened=\"1\" data-image-meta=\"{&quot;aperture&quot;:&quot;0&quot;,&quot;credit&quot;:&quot;&quot;,&quot;camera&quot;:&quot;&quot;,&quot;caption&quot;:&quot;&quot;,&quot;created_timestamp&quot;:&quot;0&quot;,&quot;copyright&quot;:&quot;&quot;,&quot;focal_length&quot;:&quot;0&quot;,&quot;iso&quot;:&quot;0&quot;,&quot;shutter_speed&quot;:&quot;0&quot;,&quot;title&quot;:&quot;&quot;,&quot;orientation&quot;:&quot;1&quot;}\" data-image-title=\"yrejzbanner-yomeunoalretto2\" data-image-description=\"\" data-image-caption=\"\" data-medium-file=\"http:\/\/yomeunoalretto.org\/wp-content\/uploads\/2016\/03\/yrejzbanner-yomeunoalretto2-250x167.jpg\" data-large-file=\"http:\/\/yomeunoalretto.org\/wp-content\/uploads\/2016\/03\/yrejzbanner-yomeunoalretto2.jpg\" decoding=\"async\" loading=\"lazy\" class=\"alignleft wp-image-4132 size-medium\" src=\"http:\/\/yomeunoalretto.org\/wp-content\/uploads\/2016\/03\/yrejzbanner-yomeunoalretto2-250x167.jpg\" alt=\"yrejzbanner-yomeunoalretto2\" width=\"250\" height=\"167\" srcset=\"http:\/\/yomeunoalretto.org\/wp-content\/uploads\/2016\/03\/yrejzbanner-yomeunoalretto2-250x167.jpg 250w, http:\/\/yomeunoalretto.org\/wp-content\/uploads\/2016\/03\/yrejzbanner-yomeunoalretto2-216x144.jpg 216w, http:\/\/yomeunoalretto.org\/wp-content\/uploads\/2016\/03\/yrejzbanner-yomeunoalretto2.jpg 750w\" sizes=\"(max-width: 250px) 100vw, 250px\" \/><\/a>Conoces iWOPI?, que nuestra actividad f\u00edsica pudiera tener un impacto positivo y real m\u00e1s all\u00e1 de nosotros mismos, la posibilidad de poder compartir nuestro esfuerzo para inspirar a otras personas y convertirlo en un valor para generar cambios en nuestro entorno. Esta es la verdadera esencia de iWOPI, la energ\u00eda que nos mueve hacia adelante.<\/p>\n<div class=\"vc_col-sm-6 wpb_column column_container \">\n<div class=\"mk-text-block \">\n<p>Vivimos en un momento sorprendente en el que la tecnolog\u00eda ha permitido que estemos m\u00e1s conectados que nunca y esto nos hace tener grandes oportunidades para cambiar las cosas. As\u00ed que tenemos un prop\u00f3sito concreto, convertir el esfuerzo de las personas en donaciones solidarias a trav\u00e9s de la colaboraci\u00f3n de las empresas.<\/p>\n<p>iWOPI te permite\u00a0donar los Km que acumulas mientras practicas tu actividad favorita. Mientras corres, caminas, vas en bici o nadas unas piscinas.<\/p>\n<div class=\"clearboth\">\u00a0Tu esfuerzo cobra un nuevo sentido, y el de todos juntos genera el ruido necesario para que las empresas responsables respondan y los conviertan en donaci\u00f3n material.<\/div>\n<\/div>\n<\/div>\n<div class=\"vc_col-sm-6 wpb_column column_container \">\n<div class=\"mk-text-block \">\n<p>Miles de \u201ciWOPIERS\u201d como t\u00fa, de varios pa\u00edses, ya est\u00e1n donando su movimiento en iWOPI para provocar estos cambios sociales. Ya sea para financiar el desayuno a miles de ni\u00f1os con problemas de nutrici\u00f3n, el\u00a0env\u00edo de gafas a \u00c1frica para combatir la ceguera reversible\u00a0o incluso para concienciar de la necesidad de la investigaci\u00f3n sobre enfermedades raras para conseguir un tratamiento.<\/p>\n<p>Cualquier persona, colectivo u organizaci\u00f3n puede crear su causa y difundirla poniendo en movimiento a toda su comunidad.<\/p>\n<p>Hoy, una sola persona es capaz de movilizar a otros cientos o miles de personas en todo el planeta, y tenemos las herramientas que lo hacen posible.<\/p>\n<p>\u00a1Queremos inspirar a las personas para poner al mundo en movimiento y sean capaces de generar los cambios que el mundo necesita.<\/p>\n<p>S\u00f3lo es necesario registrar los kil\u00f3metros que realizas durante la pr\u00e1ctica de tu actividad f\u00edsica favorita y darte de alta de forma gratuita en nuestra web. Para registrar los kil\u00f3metros es necesario que dispongas de una App en tu Smartphone o bien un dispositivo (wearable, reloj GPS\u2026) para registrar las distancias que recorres practicando tu actividad f\u00edsica favorita.<\/p>\n<\/div>\n<\/div>\n<div id=\"mk-page-section-56e6db3ff13e3\" class=\"full-width-56e6db3ff13e3 full-height-false parallax-false mk-page-section mk-blur-parent mk-shortcode \" data-intro-effect=\"false\" data-speedfactor=\"0.3\">\n<div class=\"mk-grid vc_row-fluid page-section-content\">\n<div class=\"mk-padding-wrapper\">\n<div class=\"vc_col-sm-4 wpb_column column_container \">\n<div class=\"mk-text-block \">\n<p>No es necesario que seas un deportista habitual o que practiques una disciplina en concreto, tambi\u00e9n sirven los km que haces mientras paseas con tus amigos, vas en bici al trabajo o durante una caminata de fin de semana. Finalmente, podr\u00e1s donar los km acumulados a la causa solidaria que escojas de entre las causas activas en nuestra plataforma.<\/p>\n<\/div>\n<\/div>\n<\/div>\n<\/div>\n<\/div>\n<p>Y Yo me uno al Retto tiene una <em><strong><span style=\"color: #cc99ff;\"><a style=\"color: #cc99ff;\" href=\"http:\/\/app.iwopi.org\/causas\/292\" target=\"_blank\">causa creada para al difusi\u00f3n del conocimiento del sindrome de Rett. <\/a><\/span><\/strong><\/em><\/p>\n<p>Ya puedes donar tus kil\u00f3metros solidarios para dar difusi\u00f3n al conocimiento de nuestra causa.!!!!<\/p>\n<p>&nbsp;<\/p>\n<div class=\"sharedaddy sd-sharing-enabled\"><div class=\"robots-nocontent sd-block sd-social sd-social-icon sd-sharing\"><h3 class=\"sd-title\">Comparte esto:<\/h3><div class=\"sd-content\"><ul><li class=\"share-facebook\"><a rel=\"nofollow noopener noreferrer\" data-shared=\"sharing-facebook-4133\" class=\"share-facebook sd-button share-icon no-text\" href=\"http:\/\/yomeunoalretto.org\/?page_id=4133&amp;share=facebook\" target=\"_blank\" title=\"Haz clic para compartir en Facebook\" ><span><\/span><span class=\"sharing-screen-reader-text\">Haz clic para compartir en Facebook (Se abre en una ventana nueva)<\/span><\/a><\/li><li class=\"share-twitter\"><a rel=\"nofollow noopener noreferrer\" data-shared=\"sharing-twitter-4133\" class=\"share-twitter sd-button share-icon no-text\" href=\"http:\/\/yomeunoalretto.org\/?page_id=4133&amp;share=twitter\" target=\"_blank\" title=\"Haz clic para compartir en Twitter\" ><span><\/span><span class=\"sharing-screen-reader-text\">Haz clic para compartir en Twitter (Se abre en una ventana nueva)<\/span><\/a><\/li><li class=\"share-print\"><a rel=\"nofollow noopener noreferrer\" data-shared=\"\" class=\"share-print sd-button share-icon no-text\" href=\"http:\/\/yomeunoalretto.org\/?page_id=4133\" target=\"_blank\" title=\"Haz clic para imprimir\" ><span><\/span><span class=\"sharing-screen-reader-text\">Haz clic para imprimir (Se abre en una ventana nueva)<\/span><\/a><\/li><li class=\"share-email\"><a rel=\"nofollow noopener noreferrer\" data-shared=\"\" class=\"share-email sd-button share-icon no-text\" href=\"mailto:?subject=%5BEntrada%20compartida%5D%20Nueva%20causa%20creada%20en%20iWOPI%20%23yomeunoalRetto&body=http%3A%2F%2Fyomeunoalretto.org%2F%3Fpage_id%3D4133&share=email\" target=\"_blank\" title=\"Haz clic para enviar un enlace por correo electr\u00f3nico a un amigo\" data-email-share-error-title=\"\u00bfTienes un correo electr\u00f3nico configurado?\" data-email-share-error-text=\"Si tienes problemas al compartir por correo electr\u00f3nico, es posible que sea porque no tengas un correo electr\u00f3nico configurado en tu navegador. Puede que tengas que crear un nuevo correo electr\u00f3nico t\u00fa mismo.\" data-email-share-nonce=\"bf9f88dd9b\" data-email-share-track-url=\"http:\/\/yomeunoalretto.org\/?page_id=4133&amp;share=email\"><span><\/span><span class=\"sharing-screen-reader-text\">Haz clic para enviar un enlace por correo electr\u00f3nico a un amigo (Se abre en una ventana nueva)<\/span><\/a><\/li><li><a href=\"#\" class=\"sharing-anchor sd-button share-more\"><span>M\u00e1s<\/span><\/a><\/li><li class=\"share-end\"><\/li><\/ul><div class=\"sharing-hidden\"><div class=\"inner\" style=\"display: none;\"><ul><li class=\"share-linkedin\"><a rel=\"nofollow noopener noreferrer\" data-shared=\"sharing-linkedin-4133\" class=\"share-linkedin sd-button share-icon no-text\" href=\"http:\/\/yomeunoalretto.org\/?page_id=4133&amp;share=linkedin\" target=\"_blank\" title=\"Haz clic para compartir en LinkedIn\" ><span><\/span><span class=\"sharing-screen-reader-text\">Haz clic para compartir en LinkedIn (Se abre en una ventana nueva)<\/span><\/a><\/li><li class=\"share-tumblr\"><a rel=\"nofollow noopener noreferrer\" data-shared=\"\" class=\"share-tumblr sd-button share-icon no-text\" href=\"http:\/\/yomeunoalretto.org\/?page_id=4133&amp;share=tumblr\" target=\"_blank\" title=\"Haz clic para compartir en Tumblr\" ><span><\/span><span class=\"sharing-screen-reader-text\">Haz clic para compartir en Tumblr (Se abre en una ventana nueva)<\/span><\/a><\/li><li class=\"share-end\"><\/li><li class=\"share-reddit\"><a rel=\"nofollow noopener noreferrer\" data-shared=\"\" class=\"share-reddit sd-button share-icon no-text\" href=\"http:\/\/yomeunoalretto.org\/?page_id=4133&amp;share=reddit\" target=\"_blank\" title=\"Haz clic para compartir en Reddit\" ><span><\/span><span class=\"sharing-screen-reader-text\">Haz clic para compartir en Reddit (Se abre en una ventana nueva)<\/span><\/a><\/li><li class=\"share-pocket\"><a rel=\"nofollow noopener noreferrer\" data-shared=\"\" class=\"share-pocket sd-button share-icon no-text\" href=\"http:\/\/yomeunoalretto.org\/?page_id=4133&amp;share=pocket\" target=\"_blank\" title=\"Haz clic para compartir en Pocket\" ><span><\/span><span class=\"sharing-screen-reader-text\">Haz clic para compartir en Pocket (Se abre en una ventana nueva)<\/span><\/a><\/li><li class=\"share-end\"><\/li><li class=\"share-pinterest\"><a rel=\"nofollow noopener noreferrer\" data-shared=\"sharing-pinterest-4133\" class=\"share-pinterest sd-button share-icon no-text\" href=\"http:\/\/yomeunoalretto.org\/?page_id=4133&amp;share=pinterest\" target=\"_blank\" title=\"Haz clic para compartir en Pinterest\" ><span><\/span><span class=\"sharing-screen-reader-text\">Haz clic para compartir en Pinterest (Se abre en una ventana nueva)<\/span><\/a><\/li><li class=\"share-end\"><\/li><\/ul><\/div><\/div><\/div><\/div><\/div>","protected":false},"excerpt":{"rendered":"<p>Conoces iWOPI?, que nuestra actividad f\u00edsica pudiera tener un impacto positivo y real m\u00e1s all\u00e1 de nosotros mismos, la posibilidad de poder compartir nuestro esfuerzo para inspirar a otras personas y convertirlo en un valor para generar cambios en nuestro entorno. Esta es la verdadera esencia de iWOPI, la energ\u00eda que nos mueve hacia adelante. [&hellip;]<\/p>\n<div class=\"sharedaddy sd-sharing-enabled\"><div class=\"robots-nocontent sd-block sd-social sd-social-icon sd-sharing\"><h3 class=\"sd-title\">Comparte esto:<\/h3><div class=\"sd-content\"><ul><li class=\"share-facebook\"><a rel=\"nofollow noopener noreferrer\" data-shared=\"sharing-facebook-4133\" class=\"share-facebook sd-button share-icon no-text\" href=\"http:\/\/yomeunoalretto.org\/?page_id=4133&amp;share=facebook\" target=\"_blank\" title=\"Haz clic para compartir en Facebook\" ><span><\/span><span class=\"sharing-screen-reader-text\">Haz clic para compartir en Facebook (Se abre en una ventana nueva)<\/span><\/a><\/li><li class=\"share-twitter\"><a rel=\"nofollow noopener noreferrer\" data-shared=\"sharing-twitter-4133\" class=\"share-twitter sd-button share-icon no-text\" href=\"http:\/\/yomeunoalretto.org\/?page_id=4133&amp;share=twitter\" target=\"_blank\" title=\"Haz clic para compartir en Twitter\" ><span><\/span><span class=\"sharing-screen-reader-text\">Haz clic para compartir en Twitter (Se abre en una ventana nueva)<\/span><\/a><\/li><li class=\"share-print\"><a rel=\"nofollow noopener noreferrer\" data-shared=\"\" class=\"share-print sd-button share-icon no-text\" href=\"http:\/\/yomeunoalretto.org\/?page_id=4133\" target=\"_blank\" title=\"Haz clic para imprimir\" ><span><\/span><span class=\"sharing-screen-reader-text\">Haz clic para imprimir (Se abre en una ventana nueva)<\/span><\/a><\/li><li class=\"share-email\"><a rel=\"nofollow noopener noreferrer\" data-shared=\"\" class=\"share-email sd-button share-icon no-text\" href=\"mailto:?subject=%5BEntrada%20compartida%5D%20Nueva%20causa%20creada%20en%20iWOPI%20%23yomeunoalRetto&body=http%3A%2F%2Fyomeunoalretto.org%2F%3Fpage_id%3D4133&share=email\" target=\"_blank\" title=\"Haz clic para enviar un enlace por correo electr\u00f3nico a un amigo\" data-email-share-error-title=\"\u00bfTienes un correo electr\u00f3nico configurado?\" data-email-share-error-text=\"Si tienes problemas al compartir por correo electr\u00f3nico, es posible que sea porque no tengas un correo electr\u00f3nico configurado en tu navegador. Puede que tengas que crear un nuevo correo electr\u00f3nico t\u00fa mismo.\" data-email-share-nonce=\"bf9f88dd9b\" data-email-share-track-url=\"http:\/\/yomeunoalretto.org\/?page_id=4133&amp;share=email\"><span><\/span><span class=\"sharing-screen-reader-text\">Haz clic para enviar un enlace por correo electr\u00f3nico a un amigo (Se abre en una ventana nueva)<\/span><\/a><\/li><li><a href=\"#\" class=\"sharing-anchor sd-button share-more\"><span>M\u00e1s<\/span><\/a><\/li><li class=\"share-end\"><\/li><\/ul><div class=\"sharing-hidden\"><div class=\"inner\" style=\"display: none;\"><ul><li class=\"share-linkedin\"><a rel=\"nofollow noopener noreferrer\" data-shared=\"sharing-linkedin-4133\" class=\"share-linkedin sd-button share-icon no-text\" href=\"http:\/\/yomeunoalretto.org\/?page_id=4133&amp;share=linkedin\" target=\"_blank\" title=\"Haz clic para compartir en LinkedIn\" ><span><\/span><span class=\"sharing-screen-reader-text\">Haz clic para compartir en LinkedIn (Se abre en una ventana nueva)<\/span><\/a><\/li><li class=\"share-tumblr\"><a rel=\"nofollow noopener noreferrer\" data-shared=\"\" class=\"share-tumblr sd-button share-icon no-text\" href=\"http:\/\/yomeunoalretto.org\/?page_id=4133&amp;share=tumblr\" target=\"_blank\" title=\"Haz clic para compartir en Tumblr\" ><span><\/span><span class=\"sharing-screen-reader-text\">Haz clic para compartir en Tumblr (Se abre en una ventana nueva)<\/span><\/a><\/li><li class=\"share-end\"><\/li><li class=\"share-reddit\"><a rel=\"nofollow noopener noreferrer\" data-shared=\"\" class=\"share-reddit sd-button share-icon no-text\" href=\"http:\/\/yomeunoalretto.org\/?page_id=4133&amp;share=reddit\" target=\"_blank\" title=\"Haz clic para compartir en Reddit\" ><span><\/span><span class=\"sharing-screen-reader-text\">Haz clic para compartir en Reddit (Se abre en una ventana nueva)<\/span><\/a><\/li><li class=\"share-pocket\"><a rel=\"nofollow noopener noreferrer\" data-shared=\"\" class=\"share-pocket sd-button share-icon no-text\" href=\"http:\/\/yomeunoalretto.org\/?page_id=4133&amp;share=pocket\" target=\"_blank\" title=\"Haz clic para compartir en Pocket\" ><span><\/span><span class=\"sharing-screen-reader-text\">Haz clic para compartir en Pocket (Se abre en una ventana nueva)<\/span><\/a><\/li><li class=\"share-end\"><\/li><li class=\"share-pinterest\"><a rel=\"nofollow noopener noreferrer\" data-shared=\"sharing-pinterest-4133\" class=\"share-pinterest sd-button share-icon no-text\" href=\"http:\/\/yomeunoalretto.org\/?page_id=4133&amp;share=pinterest\" target=\"_blank\" title=\"Haz clic para compartir en Pinterest\" ><span><\/span><span class=\"sharing-screen-reader-text\">Haz clic para compartir en Pinterest (Se abre en una ventana nueva)<\/span><\/a><\/li><li class=\"share-end\"><\/li><\/ul><\/div><\/div><\/div><\/div><\/div>","protected":false},"author":1,"featured_media":0,"parent":0,"menu_order":0,"comment_status":"closed","ping_status":"closed","template":"","meta":[],"jetpack_shortlink":"https:\/\/wp.me\/P4JzDn-14F","jetpack_sharing_enabled":true,"_links":{"self":[{"href":"http:\/\/yomeunoalretto.org\/index.php?rest_route=\/wp\/v2\/pages\/4133"}],"collection":[{"href":"http:\/\/yomeunoalretto.org\/index.php?rest_route=\/wp\/v2\/pages"}],"about":[{"href":"http:\/\/yomeunoalretto.org\/index.php?rest_route=\/wp\/v2\/types\/page"}],"author":[{"embeddable":true,"href":"http:\/\/yomeunoalretto.org\/index.php?rest_route=\/wp\/v2\/users\/1"}],"replies":[{"embeddable":true,"href":"http:\/\/yomeunoalretto.org\/index.php?rest_route=%2Fwp%2Fv2%2Fcomments&post=4133"}],"version-history":[{"count":3,"href":"http:\/\/yomeunoalretto.org\/index.php?rest_route=\/wp\/v2\/pages\/4133\/revisions"}],"predecessor-version":[{"id":4136,"href":"http:\/\/yomeunoalretto.org\/index.php?rest_route=\/wp\/v2\/pages\/4133\/revisions\/4136"}],"wp:attachment":[{"href":"http:\/\/yomeunoalretto.org\/index.php?rest_route=%2Fwp%2Fv2%2Fmedia&parent=4133"}],"curies":[{"name":"wp","href":"https:\/\/api.w.org\/{rel}","templated":true}]}}