{"id":3315,"date":"2015-09-02T00:28:26","date_gmt":"2015-09-01T23:28:26","guid":{"rendered":"http:\/\/yomeunoalretto.org\/?page_id=3315"},"modified":"2015-09-02T00:37:02","modified_gmt":"2015-09-01T23:37:02","slug":"y-300-e-mas-de-4x4-kilometros-solidarios","status":"publish","type":"page","link":"http:\/\/yomeunoalretto.org\/?page_id=3315","title":{"rendered":"Y 300 \u20ac m\u00e1s de 4&#215;4 Kil\u00f3metros Solidarios"},"content":{"rendered":"<div class=\"_d97\" data-reactid=\".94.1:$mid=11425386936592=240acfd7c3406791264.2:0.0.0.0\"><span class=\"_5yl5\" data-reactid=\".94.1:$mid=11425386936592=240acfd7c3406791264.2:0.0.0.0.0\">Nada m\u00e1s satisfactorio que hacer deporte, llevar una vida sana y ser solidario, pero con may\u00fasculas.<\/span><\/div>\n<div class=\"_d97\" data-reactid=\".94.1:$mid=11425386936592=240acfd7c3406791264.2:0.0.0.0\"><\/div>\n<div class=\"_d97\" data-reactid=\".94.1:$mid=11425386936592=240acfd7c3406791264.2:0.0.0.0\"><span class=\"_5yl5\" data-reactid=\".94.1:$mid=11425386936592=240acfd7c3406791264.2:0.0.0.0.0\">A<\/span><span class=\"_5yl5\" data-reactid=\".94.1:$mid=11425386936592=240acfd7c3406791264.2:0.0.0.0.0\">s\u00ed es como se mueven las grandes ideas de estos cuatro amigos que a trav\u00e9s de 4&#215;4: kil\u00f3metros solidarios, han recaudado nada m\u00e1s y nada menos que 300 \u20ac que ya hemos puesto a disposici\u00f3n del Hospital de San Juan de Dios para que la investigaci\u00f3n no cese.<a href=\"http:\/\/www.4x4kilometrossolidarios.org\" target=\"_blank\"><img data-attachment-id=\"3219\" data-permalink=\"http:\/\/yomeunoalretto.org\/?attachment_id=3219\" data-orig-file=\"http:\/\/yomeunoalretto.org\/wp-content\/uploads\/2015\/06\/Captura-de-pantalla-2015-06-22-a-las-01.23.13.png\" data-orig-size=\"226,224\" data-comments-opened=\"1\" data-image-meta=\"{&quot;aperture&quot;:&quot;0&quot;,&quot;credit&quot;:&quot;&quot;,&quot;camera&quot;:&quot;&quot;,&quot;caption&quot;:&quot;&quot;,&quot;created_timestamp&quot;:&quot;0&quot;,&quot;copyright&quot;:&quot;&quot;,&quot;focal_length&quot;:&quot;0&quot;,&quot;iso&quot;:&quot;0&quot;,&quot;shutter_speed&quot;:&quot;0&quot;,&quot;title&quot;:&quot;&quot;,&quot;orientation&quot;:&quot;0&quot;}\" data-image-title=\"Captura de pantalla 2015-06-22 a la(s) 01.23.13\" data-image-description=\"\" data-image-caption=\"\" data-medium-file=\"http:\/\/yomeunoalretto.org\/wp-content\/uploads\/2015\/06\/Captura-de-pantalla-2015-06-22-a-las-01.23.13.png\" data-large-file=\"http:\/\/yomeunoalretto.org\/wp-content\/uploads\/2015\/06\/Captura-de-pantalla-2015-06-22-a-las-01.23.13.png\" decoding=\"async\" loading=\"lazy\" class=\" wp-image-3219 alignright\" src=\"http:\/\/yomeunoalretto.org\/wp-content\/uploads\/2015\/06\/Captura-de-pantalla-2015-06-22-a-las-01.23.13.png\" alt=\"Captura de pantalla 2015-06-22 a la(s) 01.23.13\" width=\"160\" height=\"159\" srcset=\"http:\/\/yomeunoalretto.org\/wp-content\/uploads\/2015\/06\/Captura-de-pantalla-2015-06-22-a-las-01.23.13.png 226w, http:\/\/yomeunoalretto.org\/wp-content\/uploads\/2015\/06\/Captura-de-pantalla-2015-06-22-a-las-01.23.13-100x100.png 100w, http:\/\/yomeunoalretto.org\/wp-content\/uploads\/2015\/06\/Captura-de-pantalla-2015-06-22-a-las-01.23.13-170x168.png 170w\" sizes=\"(max-width: 160px) 100vw, 160px\" \/><\/a><\/span><\/div>\n<div class=\"_d97\" data-reactid=\".94.1:$mid=11425386936592=240acfd7c3406791264.2:0.0.0.0\"><\/div>\n<div class=\"_d97\" data-reactid=\".94.1:$mid=11425386936592=240acfd7c3406791264.2:0.0.0.0\"><span class=\"_5yl5\" data-reactid=\".94.1:$mid=11425386936592=240acfd7c3406791264.2:0.0.0.0.0\"><span class=\"_5yl5\" data-reactid=\".94.1:$mid=11425386936592=240acfd7c3406791264.2:0.0.0.0.0\">Una idea genial y una mec\u00e1nica muy sencilla\u00a0<\/span><\/span>\u00bfvender kil\u00f3metros?, as\u00ed que 70km (280km en total) a 4\u20ac el kil\u00f3metro, de estos 4 euros donan\u00a0un euro a cada una de las 4 asociaciones con las que vamos a colaborar. Y si no llegan\u00a0al objetivo se reparte\u00a0lo recaudado entre las asociaciones igualmente.<\/div>\n<div class=\"_d97\" data-reactid=\".94.1:$mid=11425386936592=240acfd7c3406791264.2:0.0.0.0\"><\/div>\n<div class=\"_d97\" data-reactid=\".94.1:$mid=11425386936592=240acfd7c3406791264.2:0.0.0.0\"><span class=\"_5yl5\" data-reactid=\".94.1:$mid=11425386936592=240acfd7c3406791264.2:0.0.0.0.0\">Para m\u00e1s informaci\u00f3n visita :<br \/>\n<\/span><\/div>\n<div class=\"_d97\" data-reactid=\".94.1:$mid=11425386936592=240acfd7c3406791264.2:0.0.0.0\"><span class=\"_5yl5\" data-reactid=\".94.1:$mid=11425386936592=240acfd7c3406791264.2:0.0.0.0.0\"><span style=\"color: #ff6600;\"><span style=\"color: #000000;\"><a href=\"https:\/\/www.facebook.com\/4x4kilometrossolidarios?fref=ts&amp;__mref=message_bubble\" target=\"_blank\"><span style=\"color: #ff9900;\">https:\/\/www.facebook.com\/4x4kilometrossolidarios<\/span><\/a> o visita su p\u00e1gina web en\u00a0<\/span><span style=\"color: #ff9900;\"><a style=\"color: #ff9900;\" href=\"http:\/\/www.4x4kilometrossolidarios.org\" target=\"_blank\">http:\/\/www.4x4kilometrossolidarios.org<\/a><\/span><\/span><\/span><\/div>\n<div class=\"_d97\" data-reactid=\".94.1:$mid=11425386936592=240acfd7c3406791264.2:0.0.0.0\"><\/div>\n<div class=\"_d97\" data-reactid=\".94.1:$mid=11425386936592=240acfd7c3406791264.2:0.0.0.0\">Desde nuestra Asociaci\u00f3n no tenemos m\u00e1s que palabras de agradecimiento para gente como vosotros solidaria y altruista de verdad. Gracias de todo coraz\u00f3n.<\/div>\n<div class=\"sharedaddy sd-sharing-enabled\"><div class=\"robots-nocontent sd-block sd-social sd-social-icon sd-sharing\"><h3 class=\"sd-title\">Comparte esto:<\/h3><div class=\"sd-content\"><ul><li class=\"share-facebook\"><a rel=\"nofollow noopener noreferrer\" data-shared=\"sharing-facebook-3315\" class=\"share-facebook sd-button share-icon no-text\" href=\"http:\/\/yomeunoalretto.org\/?page_id=3315&amp;share=facebook\" target=\"_blank\" title=\"Haz clic para compartir en Facebook\" ><span><\/span><span class=\"sharing-screen-reader-text\">Haz clic para compartir en Facebook (Se abre en una ventana nueva)<\/span><\/a><\/li><li class=\"share-twitter\"><a rel=\"nofollow noopener noreferrer\" data-shared=\"sharing-twitter-3315\" class=\"share-twitter sd-button share-icon no-text\" href=\"http:\/\/yomeunoalretto.org\/?page_id=3315&amp;share=twitter\" target=\"_blank\" title=\"Haz clic para compartir en Twitter\" ><span><\/span><span class=\"sharing-screen-reader-text\">Haz clic para compartir en Twitter (Se abre en una ventana nueva)<\/span><\/a><\/li><li class=\"share-print\"><a rel=\"nofollow noopener noreferrer\" data-shared=\"\" class=\"share-print sd-button share-icon no-text\" href=\"http:\/\/yomeunoalretto.org\/?page_id=3315\" target=\"_blank\" title=\"Haz clic para imprimir\" ><span><\/span><span class=\"sharing-screen-reader-text\">Haz clic para imprimir (Se abre en una ventana nueva)<\/span><\/a><\/li><li class=\"share-email\"><a rel=\"nofollow noopener noreferrer\" data-shared=\"\" class=\"share-email sd-button share-icon no-text\" href=\"mailto:?subject=%5BEntrada%20compartida%5D%20Y%20300%20%E2%82%AC%20m%C3%A1s%20de%204x4%20Kil%C3%B3metros%20Solidarios&body=http%3A%2F%2Fyomeunoalretto.org%2F%3Fpage_id%3D3315&share=email\" target=\"_blank\" title=\"Haz clic para enviar un enlace por correo electr\u00f3nico a un amigo\" data-email-share-error-title=\"\u00bfTienes un correo electr\u00f3nico configurado?\" data-email-share-error-text=\"Si tienes problemas al compartir por correo electr\u00f3nico, es posible que sea porque no tengas un correo electr\u00f3nico configurado en tu navegador. Puede que tengas que crear un nuevo correo electr\u00f3nico t\u00fa mismo.\" data-email-share-nonce=\"7391c5de0b\" data-email-share-track-url=\"http:\/\/yomeunoalretto.org\/?page_id=3315&amp;share=email\"><span><\/span><span class=\"sharing-screen-reader-text\">Haz clic para enviar un enlace por correo electr\u00f3nico a un amigo (Se abre en una ventana nueva)<\/span><\/a><\/li><li><a href=\"#\" class=\"sharing-anchor sd-button share-more\"><span>M\u00e1s<\/span><\/a><\/li><li class=\"share-end\"><\/li><\/ul><div class=\"sharing-hidden\"><div class=\"inner\" style=\"display: none;\"><ul><li class=\"share-linkedin\"><a rel=\"nofollow noopener noreferrer\" data-shared=\"sharing-linkedin-3315\" class=\"share-linkedin sd-button share-icon no-text\" href=\"http:\/\/yomeunoalretto.org\/?page_id=3315&amp;share=linkedin\" target=\"_blank\" title=\"Haz clic para compartir en LinkedIn\" ><span><\/span><span class=\"sharing-screen-reader-text\">Haz clic para compartir en LinkedIn (Se abre en una ventana nueva)<\/span><\/a><\/li><li class=\"share-tumblr\"><a rel=\"nofollow noopener noreferrer\" data-shared=\"\" class=\"share-tumblr sd-button share-icon no-text\" href=\"http:\/\/yomeunoalretto.org\/?page_id=3315&amp;share=tumblr\" target=\"_blank\" title=\"Haz clic para compartir en Tumblr\" ><span><\/span><span class=\"sharing-screen-reader-text\">Haz clic para compartir en Tumblr (Se abre en una ventana nueva)<\/span><\/a><\/li><li class=\"share-end\"><\/li><li class=\"share-reddit\"><a rel=\"nofollow noopener noreferrer\" data-shared=\"\" class=\"share-reddit sd-button share-icon no-text\" href=\"http:\/\/yomeunoalretto.org\/?page_id=3315&amp;share=reddit\" target=\"_blank\" title=\"Haz clic para compartir en Reddit\" ><span><\/span><span class=\"sharing-screen-reader-text\">Haz clic para compartir en Reddit (Se abre en una ventana nueva)<\/span><\/a><\/li><li class=\"share-pocket\"><a rel=\"nofollow noopener noreferrer\" data-shared=\"\" class=\"share-pocket sd-button share-icon no-text\" href=\"http:\/\/yomeunoalretto.org\/?page_id=3315&amp;share=pocket\" target=\"_blank\" title=\"Haz clic para compartir en Pocket\" ><span><\/span><span class=\"sharing-screen-reader-text\">Haz clic para compartir en Pocket (Se abre en una ventana nueva)<\/span><\/a><\/li><li class=\"share-end\"><\/li><li class=\"share-pinterest\"><a rel=\"nofollow noopener noreferrer\" data-shared=\"sharing-pinterest-3315\" class=\"share-pinterest sd-button share-icon no-text\" href=\"http:\/\/yomeunoalretto.org\/?page_id=3315&amp;share=pinterest\" target=\"_blank\" title=\"Haz clic para compartir en Pinterest\" ><span><\/span><span class=\"sharing-screen-reader-text\">Haz clic para compartir en Pinterest (Se abre en una ventana nueva)<\/span><\/a><\/li><li class=\"share-end\"><\/li><\/ul><\/div><\/div><\/div><\/div><\/div>","protected":false},"excerpt":{"rendered":"<p>Nada m\u00e1s satisfactorio que hacer deporte, llevar una vida sana y ser solidario, pero con may\u00fasculas. As\u00ed es como se mueven las grandes ideas de estos cuatro amigos que a trav\u00e9s de 4&#215;4: kil\u00f3metros solidarios, han recaudado nada m\u00e1s y nada menos que 300 \u20ac que ya hemos puesto a disposici\u00f3n del Hospital de San [&hellip;]<\/p>\n<div class=\"sharedaddy sd-sharing-enabled\"><div class=\"robots-nocontent sd-block sd-social sd-social-icon sd-sharing\"><h3 class=\"sd-title\">Comparte esto:<\/h3><div class=\"sd-content\"><ul><li class=\"share-facebook\"><a rel=\"nofollow noopener noreferrer\" data-shared=\"sharing-facebook-3315\" class=\"share-facebook sd-button share-icon no-text\" href=\"http:\/\/yomeunoalretto.org\/?page_id=3315&amp;share=facebook\" target=\"_blank\" title=\"Haz clic para compartir en Facebook\" ><span><\/span><span class=\"sharing-screen-reader-text\">Haz clic para compartir en Facebook (Se abre en una ventana nueva)<\/span><\/a><\/li><li class=\"share-twitter\"><a rel=\"nofollow noopener noreferrer\" data-shared=\"sharing-twitter-3315\" class=\"share-twitter sd-button share-icon no-text\" href=\"http:\/\/yomeunoalretto.org\/?page_id=3315&amp;share=twitter\" target=\"_blank\" title=\"Haz clic para compartir en Twitter\" ><span><\/span><span class=\"sharing-screen-reader-text\">Haz clic para compartir en Twitter (Se abre en una ventana nueva)<\/span><\/a><\/li><li class=\"share-print\"><a rel=\"nofollow noopener noreferrer\" data-shared=\"\" class=\"share-print sd-button share-icon no-text\" href=\"http:\/\/yomeunoalretto.org\/?page_id=3315\" target=\"_blank\" title=\"Haz clic para imprimir\" ><span><\/span><span class=\"sharing-screen-reader-text\">Haz clic para imprimir (Se abre en una ventana nueva)<\/span><\/a><\/li><li class=\"share-email\"><a rel=\"nofollow noopener noreferrer\" data-shared=\"\" class=\"share-email sd-button share-icon no-text\" href=\"mailto:?subject=%5BEntrada%20compartida%5D%20Y%20300%20%E2%82%AC%20m%C3%A1s%20de%204x4%20Kil%C3%B3metros%20Solidarios&body=http%3A%2F%2Fyomeunoalretto.org%2F%3Fpage_id%3D3315&share=email\" target=\"_blank\" title=\"Haz clic para enviar un enlace por correo electr\u00f3nico a un amigo\" data-email-share-error-title=\"\u00bfTienes un correo electr\u00f3nico configurado?\" data-email-share-error-text=\"Si tienes problemas al compartir por correo electr\u00f3nico, es posible que sea porque no tengas un correo electr\u00f3nico configurado en tu navegador. Puede que tengas que crear un nuevo correo electr\u00f3nico t\u00fa mismo.\" data-email-share-nonce=\"7391c5de0b\" data-email-share-track-url=\"http:\/\/yomeunoalretto.org\/?page_id=3315&amp;share=email\"><span><\/span><span class=\"sharing-screen-reader-text\">Haz clic para enviar un enlace por correo electr\u00f3nico a un amigo (Se abre en una ventana nueva)<\/span><\/a><\/li><li><a href=\"#\" class=\"sharing-anchor sd-button share-more\"><span>M\u00e1s<\/span><\/a><\/li><li class=\"share-end\"><\/li><\/ul><div class=\"sharing-hidden\"><div class=\"inner\" style=\"display: none;\"><ul><li class=\"share-linkedin\"><a rel=\"nofollow noopener noreferrer\" data-shared=\"sharing-linkedin-3315\" class=\"share-linkedin sd-button share-icon no-text\" href=\"http:\/\/yomeunoalretto.org\/?page_id=3315&amp;share=linkedin\" target=\"_blank\" title=\"Haz clic para compartir en LinkedIn\" ><span><\/span><span class=\"sharing-screen-reader-text\">Haz clic para compartir en LinkedIn (Se abre en una ventana nueva)<\/span><\/a><\/li><li class=\"share-tumblr\"><a rel=\"nofollow noopener noreferrer\" data-shared=\"\" class=\"share-tumblr sd-button share-icon no-text\" href=\"http:\/\/yomeunoalretto.org\/?page_id=3315&amp;share=tumblr\" target=\"_blank\" title=\"Haz clic para compartir en Tumblr\" ><span><\/span><span class=\"sharing-screen-reader-text\">Haz clic para compartir en Tumblr (Se abre en una ventana nueva)<\/span><\/a><\/li><li class=\"share-end\"><\/li><li class=\"share-reddit\"><a rel=\"nofollow noopener noreferrer\" data-shared=\"\" class=\"share-reddit sd-button share-icon no-text\" href=\"http:\/\/yomeunoalretto.org\/?page_id=3315&amp;share=reddit\" target=\"_blank\" title=\"Haz clic para compartir en Reddit\" ><span><\/span><span class=\"sharing-screen-reader-text\">Haz clic para compartir en Reddit (Se abre en una ventana nueva)<\/span><\/a><\/li><li class=\"share-pocket\"><a rel=\"nofollow noopener noreferrer\" data-shared=\"\" class=\"share-pocket sd-button share-icon no-text\" href=\"http:\/\/yomeunoalretto.org\/?page_id=3315&amp;share=pocket\" target=\"_blank\" title=\"Haz clic para compartir en Pocket\" ><span><\/span><span class=\"sharing-screen-reader-text\">Haz clic para compartir en Pocket (Se abre en una ventana nueva)<\/span><\/a><\/li><li class=\"share-end\"><\/li><li class=\"share-pinterest\"><a rel=\"nofollow noopener noreferrer\" data-shared=\"sharing-pinterest-3315\" class=\"share-pinterest sd-button share-icon no-text\" href=\"http:\/\/yomeunoalretto.org\/?page_id=3315&amp;share=pinterest\" target=\"_blank\" title=\"Haz clic para compartir en Pinterest\" ><span><\/span><span class=\"sharing-screen-reader-text\">Haz clic para compartir en Pinterest (Se abre en una ventana nueva)<\/span><\/a><\/li><li class=\"share-end\"><\/li><\/ul><\/div><\/div><\/div><\/div><\/div>","protected":false},"author":1,"featured_media":3219,"parent":0,"menu_order":0,"comment_status":"closed","ping_status":"closed","template":"","meta":[],"jetpack_shortlink":"https:\/\/wp.me\/P4JzDn-Rt","jetpack_sharing_enabled":true,"_links":{"self":[{"href":"http:\/\/yomeunoalretto.org\/index.php?rest_route=\/wp\/v2\/pages\/3315"}],"collection":[{"href":"http:\/\/yomeunoalretto.org\/index.php?rest_route=\/wp\/v2\/pages"}],"about":[{"href":"http:\/\/yomeunoalretto.org\/index.php?rest_route=\/wp\/v2\/types\/page"}],"author":[{"embeddable":true,"href":"http:\/\/yomeunoalretto.org\/index.php?rest_route=\/wp\/v2\/users\/1"}],"replies":[{"embeddable":true,"href":"http:\/\/yomeunoalretto.org\/index.php?rest_route=%2Fwp%2Fv2%2Fcomments&post=3315"}],"version-history":[{"count":12,"href":"http:\/\/yomeunoalretto.org\/index.php?rest_route=\/wp\/v2\/pages\/3315\/revisions"}],"predecessor-version":[{"id":3332,"href":"http:\/\/yomeunoalretto.org\/index.php?rest_route=\/wp\/v2\/pages\/3315\/revisions\/3332"}],"wp:featuredmedia":[{"embeddable":true,"href":"http:\/\/yomeunoalretto.org\/index.php?rest_route=\/wp\/v2\/media\/3219"}],"wp:attachment":[{"href":"http:\/\/yomeunoalretto.org\/index.php?rest_route=%2Fwp%2Fv2%2Fmedia&parent=3315"}],"curies":[{"name":"wp","href":"https:\/\/api.w.org\/{rel}","templated":true}]}}