{"id":3207,"date":"2015-06-17T15:16:35","date_gmt":"2015-06-17T14:16:35","guid":{"rendered":"http:\/\/yomeunoalretto.org\/?page_id=3207"},"modified":"2015-06-17T15:30:09","modified_gmt":"2015-06-17T14:30:09","slug":"el-ceip-carlos-iii-tambien-se-une-al-retto","status":"publish","type":"page","link":"http:\/\/yomeunoalretto.org\/?page_id=3207","title":{"rendered":"El CEIP Carlos III tambi\u00e9n se une al Retto"},"content":{"rendered":"<p>Durante el pasado mes de mayo, en el Colegio P\u00fablico Carlos III, se han estado celebran do una jornadas de concienciaci\u00f3n <img data-attachment-id=\"3211\" data-permalink=\"http:\/\/yomeunoalretto.org\/?attachment_id=3211\" data-orig-file=\"http:\/\/yomeunoalretto.org\/wp-content\/uploads\/2015\/06\/IMG_9110.jpg\" data-orig-size=\"280,157\" data-comments-opened=\"1\" data-image-meta=\"{&quot;aperture&quot;:&quot;0&quot;,&quot;credit&quot;:&quot;&quot;,&quot;camera&quot;:&quot;&quot;,&quot;caption&quot;:&quot;&quot;,&quot;created_timestamp&quot;:&quot;0&quot;,&quot;copyright&quot;:&quot;&quot;,&quot;focal_length&quot;:&quot;0&quot;,&quot;iso&quot;:&quot;0&quot;,&quot;shutter_speed&quot;:&quot;0&quot;,&quot;title&quot;:&quot;&quot;,&quot;orientation&quot;:&quot;0&quot;}\" data-image-title=\"IMG_9110\" data-image-description=\"\" data-image-caption=\"\" data-medium-file=\"http:\/\/yomeunoalretto.org\/wp-content\/uploads\/2015\/06\/IMG_9110-250x140.jpg\" data-large-file=\"http:\/\/yomeunoalretto.org\/wp-content\/uploads\/2015\/06\/IMG_9110.jpg\" decoding=\"async\" loading=\"lazy\" class=\" size-medium wp-image-3211 alignright\" src=\"http:\/\/yomeunoalretto.org\/wp-content\/uploads\/2015\/06\/IMG_9110-250x140.jpg\" alt=\"IMG_9110\" width=\"250\" height=\"140\" srcset=\"http:\/\/yomeunoalretto.org\/wp-content\/uploads\/2015\/06\/IMG_9110-250x140.jpg 250w, http:\/\/yomeunoalretto.org\/wp-content\/uploads\/2015\/06\/IMG_9110-216x121.jpg 216w, http:\/\/yomeunoalretto.org\/wp-content\/uploads\/2015\/06\/IMG_9110.jpg 280w\" sizes=\"(max-width: 250px) 100vw, 250px\" \/>sobre el s\u00edndrome de Rett, fueron muchas las actividades que all\u00ed se desarrollaron y, aunque con un poco de retraso, queremos daros a conocer tan bonita iniciativa y, c\u00f3mo no, reconocer el trabajo y labor solidaria de esta envergadura.<\/p>\n<p>A lo largo de la semana 20 de este a\u00f1o se celebr\u00f3 en el Colegio una semana de coeducacion e igualdad. En infantil se centraron en el s\u00edndrome de Rett, y para ello decoraron los pasillos con sirenas que hicieron en casa con sus familias.<\/p>\n<p><img data-attachment-id=\"3209\" data-permalink=\"http:\/\/yomeunoalretto.org\/?attachment_id=3209\" data-orig-file=\"http:\/\/yomeunoalretto.org\/wp-content\/uploads\/2015\/06\/IMG_9119.jpg\" data-orig-size=\"779,623\" data-comments-opened=\"1\" data-image-meta=\"{&quot;aperture&quot;:&quot;0&quot;,&quot;credit&quot;:&quot;&quot;,&quot;camera&quot;:&quot;&quot;,&quot;caption&quot;:&quot;&quot;,&quot;created_timestamp&quot;:&quot;0&quot;,&quot;copyright&quot;:&quot;&quot;,&quot;focal_length&quot;:&quot;0&quot;,&quot;iso&quot;:&quot;0&quot;,&quot;shutter_speed&quot;:&quot;0&quot;,&quot;title&quot;:&quot;&quot;,&quot;orientation&quot;:&quot;0&quot;}\" data-image-title=\"IMG_9119\" data-image-description=\"\" data-image-caption=\"\" data-medium-file=\"http:\/\/yomeunoalretto.org\/wp-content\/uploads\/2015\/06\/IMG_9119-250x200.jpg\" data-large-file=\"http:\/\/yomeunoalretto.org\/wp-content\/uploads\/2015\/06\/IMG_9119.jpg\" decoding=\"async\" loading=\"lazy\" class=\"alignleft wp-image-3209 size-medium\" src=\"http:\/\/yomeunoalretto.org\/wp-content\/uploads\/2015\/06\/IMG_9119-250x200.jpg\" alt=\"IMG_9119\" width=\"250\" height=\"200\" srcset=\"http:\/\/yomeunoalretto.org\/wp-content\/uploads\/2015\/06\/IMG_9119-250x200.jpg 250w, http:\/\/yomeunoalretto.org\/wp-content\/uploads\/2015\/06\/IMG_9119-210x168.jpg 210w, http:\/\/yomeunoalretto.org\/wp-content\/uploads\/2015\/06\/IMG_9119.jpg 779w\" sizes=\"(max-width: 250px) 100vw, 250px\" \/>Tambi\u00e9n acudi\u00f3 a la cita una mama de la asociaci\u00f3n de Rett, para contarnos un cuento muy bonito, \u201cLa Princesa Prisionera\u201d publicado por otra familia de la Asociaci\u00f3n, en el que se explica porque las ni\u00f1as con esta enfermedad no pueden hablar ni andar, el cuento esta a la venta por tan solo 3 euros y el dinero es para seguir investigando una soluci\u00f3n para que estas preciosas sirenas puedan curarse.<\/p>\n<p>Y a lo largo de la semana tambi\u00e9n pintaron y decoraron una sirena que convertimos en marioneta y tambi\u00e9n confeccionaron un cartel gigante con el que el ciclo de Infantil se quiso unir al Retto.<\/p>\n<p>Aunque algo tarde, Desde la Asociaci\u00f3n Gaditana Yo me uno al Retto por la investigaci\u00f3n del S\u00edndrome de Rett, queremos <img data-attachment-id=\"3210\" data-permalink=\"http:\/\/yomeunoalretto.org\/?attachment_id=3210\" data-orig-file=\"http:\/\/yomeunoalretto.org\/wp-content\/uploads\/2015\/06\/IMG_9277.jpg\" data-orig-size=\"1160,571\" data-comments-opened=\"1\" data-image-meta=\"{&quot;aperture&quot;:&quot;0&quot;,&quot;credit&quot;:&quot;&quot;,&quot;camera&quot;:&quot;&quot;,&quot;caption&quot;:&quot;&quot;,&quot;created_timestamp&quot;:&quot;0&quot;,&quot;copyright&quot;:&quot;&quot;,&quot;focal_length&quot;:&quot;0&quot;,&quot;iso&quot;:&quot;0&quot;,&quot;shutter_speed&quot;:&quot;0&quot;,&quot;title&quot;:&quot;&quot;,&quot;orientation&quot;:&quot;0&quot;}\" data-image-title=\"IMG_9277\" data-image-description=\"\" data-image-caption=\"\" data-medium-file=\"http:\/\/yomeunoalretto.org\/wp-content\/uploads\/2015\/06\/IMG_9277-250x123.jpg\" data-large-file=\"http:\/\/yomeunoalretto.org\/wp-content\/uploads\/2015\/06\/IMG_9277-1024x504.jpg\" decoding=\"async\" loading=\"lazy\" class=\" size-medium wp-image-3210 alignright\" src=\"http:\/\/yomeunoalretto.org\/wp-content\/uploads\/2015\/06\/IMG_9277-250x123.jpg\" alt=\"IMG_9277\" width=\"250\" height=\"123\" srcset=\"http:\/\/yomeunoalretto.org\/wp-content\/uploads\/2015\/06\/IMG_9277-250x123.jpg 250w, http:\/\/yomeunoalretto.org\/wp-content\/uploads\/2015\/06\/IMG_9277-1024x504.jpg 1024w, http:\/\/yomeunoalretto.org\/wp-content\/uploads\/2015\/06\/IMG_9277-216x106.jpg 216w, http:\/\/yomeunoalretto.org\/wp-content\/uploads\/2015\/06\/IMG_9277.jpg 1160w\" sizes=\"(max-width: 250px) 100vw, 250px\" \/>agradecer y felicitar a los porfesionales del Colegio Carlos III\u00a0 por tan magn\u00edfica y generosa iniciativa, que estamos seguros nos reportar\u00e1 un mayor conocimiento de esta extra\u00f1a enfermedad a la sociedad y redundar\u00e1 en vuestros peque\u00f1os alumnos haci\u00e9ndoles ser grandes personas el d\u00eda de ma\u00f1ana, a trav\u00e9s de entendimiento de que en nuestra sociedad hay muchas realidades y muy diversas.<\/p>\n<p>Gracias por vuestro apoyo.<\/p>\n<div class=\"sharedaddy sd-sharing-enabled\"><div class=\"robots-nocontent sd-block sd-social sd-social-icon sd-sharing\"><h3 class=\"sd-title\">Comparte esto:<\/h3><div class=\"sd-content\"><ul><li class=\"share-facebook\"><a rel=\"nofollow noopener noreferrer\" data-shared=\"sharing-facebook-3207\" class=\"share-facebook sd-button share-icon no-text\" href=\"http:\/\/yomeunoalretto.org\/?page_id=3207&amp;share=facebook\" target=\"_blank\" title=\"Haz clic para compartir en Facebook\" ><span><\/span><span class=\"sharing-screen-reader-text\">Haz clic para compartir en Facebook (Se abre en una ventana nueva)<\/span><\/a><\/li><li class=\"share-twitter\"><a rel=\"nofollow noopener noreferrer\" data-shared=\"sharing-twitter-3207\" class=\"share-twitter sd-button share-icon no-text\" href=\"http:\/\/yomeunoalretto.org\/?page_id=3207&amp;share=twitter\" target=\"_blank\" title=\"Haz clic para compartir en Twitter\" ><span><\/span><span class=\"sharing-screen-reader-text\">Haz clic para compartir en Twitter (Se abre en una ventana nueva)<\/span><\/a><\/li><li class=\"share-print\"><a rel=\"nofollow noopener noreferrer\" data-shared=\"\" class=\"share-print sd-button share-icon no-text\" href=\"http:\/\/yomeunoalretto.org\/?page_id=3207\" target=\"_blank\" title=\"Haz clic para imprimir\" ><span><\/span><span class=\"sharing-screen-reader-text\">Haz clic para imprimir (Se abre en una ventana nueva)<\/span><\/a><\/li><li class=\"share-email\"><a rel=\"nofollow noopener noreferrer\" data-shared=\"\" class=\"share-email sd-button share-icon no-text\" href=\"mailto:?subject=%5BEntrada%20compartida%5D%20El%20CEIP%20Carlos%20III%20tambi%C3%A9n%20se%20une%20al%20Retto&body=http%3A%2F%2Fyomeunoalretto.org%2F%3Fpage_id%3D3207&share=email\" target=\"_blank\" title=\"Haz clic para enviar un enlace por correo electr\u00f3nico a un amigo\" data-email-share-error-title=\"\u00bfTienes un correo electr\u00f3nico configurado?\" data-email-share-error-text=\"Si tienes problemas al compartir por correo electr\u00f3nico, es posible que sea porque no tengas un correo electr\u00f3nico configurado en tu navegador. Puede que tengas que crear un nuevo correo electr\u00f3nico t\u00fa mismo.\" data-email-share-nonce=\"660b893c71\" data-email-share-track-url=\"http:\/\/yomeunoalretto.org\/?page_id=3207&amp;share=email\"><span><\/span><span class=\"sharing-screen-reader-text\">Haz clic para enviar un enlace por correo electr\u00f3nico a un amigo (Se abre en una ventana nueva)<\/span><\/a><\/li><li><a href=\"#\" class=\"sharing-anchor sd-button share-more\"><span>M\u00e1s<\/span><\/a><\/li><li class=\"share-end\"><\/li><\/ul><div class=\"sharing-hidden\"><div class=\"inner\" style=\"display: none;\"><ul><li class=\"share-linkedin\"><a rel=\"nofollow noopener noreferrer\" data-shared=\"sharing-linkedin-3207\" class=\"share-linkedin sd-button share-icon no-text\" href=\"http:\/\/yomeunoalretto.org\/?page_id=3207&amp;share=linkedin\" target=\"_blank\" title=\"Haz clic para compartir en LinkedIn\" ><span><\/span><span class=\"sharing-screen-reader-text\">Haz clic para compartir en LinkedIn (Se abre en una ventana nueva)<\/span><\/a><\/li><li class=\"share-tumblr\"><a rel=\"nofollow noopener noreferrer\" data-shared=\"\" class=\"share-tumblr sd-button share-icon no-text\" href=\"http:\/\/yomeunoalretto.org\/?page_id=3207&amp;share=tumblr\" target=\"_blank\" title=\"Haz clic para compartir en Tumblr\" ><span><\/span><span class=\"sharing-screen-reader-text\">Haz clic para compartir en Tumblr (Se abre en una ventana nueva)<\/span><\/a><\/li><li class=\"share-end\"><\/li><li class=\"share-reddit\"><a rel=\"nofollow noopener noreferrer\" data-shared=\"\" class=\"share-reddit sd-button share-icon no-text\" href=\"http:\/\/yomeunoalretto.org\/?page_id=3207&amp;share=reddit\" target=\"_blank\" title=\"Haz clic para compartir en Reddit\" ><span><\/span><span class=\"sharing-screen-reader-text\">Haz clic para compartir en Reddit (Se abre en una ventana nueva)<\/span><\/a><\/li><li class=\"share-pocket\"><a rel=\"nofollow noopener noreferrer\" data-shared=\"\" class=\"share-pocket sd-button share-icon no-text\" href=\"http:\/\/yomeunoalretto.org\/?page_id=3207&amp;share=pocket\" target=\"_blank\" title=\"Haz clic para compartir en Pocket\" ><span><\/span><span class=\"sharing-screen-reader-text\">Haz clic para compartir en Pocket (Se abre en una ventana nueva)<\/span><\/a><\/li><li class=\"share-end\"><\/li><li class=\"share-pinterest\"><a rel=\"nofollow noopener noreferrer\" data-shared=\"sharing-pinterest-3207\" class=\"share-pinterest sd-button share-icon no-text\" href=\"http:\/\/yomeunoalretto.org\/?page_id=3207&amp;share=pinterest\" target=\"_blank\" title=\"Haz clic para compartir en Pinterest\" ><span><\/span><span class=\"sharing-screen-reader-text\">Haz clic para compartir en Pinterest (Se abre en una ventana nueva)<\/span><\/a><\/li><li class=\"share-end\"><\/li><\/ul><\/div><\/div><\/div><\/div><\/div>","protected":false},"excerpt":{"rendered":"<p>Durante el pasado mes de mayo, en el Colegio P\u00fablico Carlos III, se han estado celebran do una jornadas de concienciaci\u00f3n sobre el s\u00edndrome de Rett, fueron muchas las actividades que all\u00ed se desarrollaron y, aunque con un poco de retraso, queremos daros a conocer tan bonita iniciativa y, c\u00f3mo no, reconocer el trabajo y [&hellip;]<\/p>\n<div class=\"sharedaddy sd-sharing-enabled\"><div class=\"robots-nocontent sd-block sd-social sd-social-icon sd-sharing\"><h3 class=\"sd-title\">Comparte esto:<\/h3><div class=\"sd-content\"><ul><li class=\"share-facebook\"><a rel=\"nofollow noopener noreferrer\" data-shared=\"sharing-facebook-3207\" class=\"share-facebook sd-button share-icon no-text\" href=\"http:\/\/yomeunoalretto.org\/?page_id=3207&amp;share=facebook\" target=\"_blank\" title=\"Haz clic para compartir en Facebook\" ><span><\/span><span class=\"sharing-screen-reader-text\">Haz clic para compartir en Facebook (Se abre en una ventana nueva)<\/span><\/a><\/li><li class=\"share-twitter\"><a rel=\"nofollow noopener noreferrer\" data-shared=\"sharing-twitter-3207\" class=\"share-twitter sd-button share-icon no-text\" href=\"http:\/\/yomeunoalretto.org\/?page_id=3207&amp;share=twitter\" target=\"_blank\" title=\"Haz clic para compartir en Twitter\" ><span><\/span><span class=\"sharing-screen-reader-text\">Haz clic para compartir en Twitter (Se abre en una ventana nueva)<\/span><\/a><\/li><li class=\"share-print\"><a rel=\"nofollow noopener noreferrer\" data-shared=\"\" class=\"share-print sd-button share-icon no-text\" href=\"http:\/\/yomeunoalretto.org\/?page_id=3207\" target=\"_blank\" title=\"Haz clic para imprimir\" ><span><\/span><span class=\"sharing-screen-reader-text\">Haz clic para imprimir (Se abre en una ventana nueva)<\/span><\/a><\/li><li class=\"share-email\"><a rel=\"nofollow noopener noreferrer\" data-shared=\"\" class=\"share-email sd-button share-icon no-text\" href=\"mailto:?subject=%5BEntrada%20compartida%5D%20El%20CEIP%20Carlos%20III%20tambi%C3%A9n%20se%20une%20al%20Retto&body=http%3A%2F%2Fyomeunoalretto.org%2F%3Fpage_id%3D3207&share=email\" target=\"_blank\" title=\"Haz clic para enviar un enlace por correo electr\u00f3nico a un amigo\" data-email-share-error-title=\"\u00bfTienes un correo electr\u00f3nico configurado?\" data-email-share-error-text=\"Si tienes problemas al compartir por correo electr\u00f3nico, es posible que sea porque no tengas un correo electr\u00f3nico configurado en tu navegador. Puede que tengas que crear un nuevo correo electr\u00f3nico t\u00fa mismo.\" data-email-share-nonce=\"660b893c71\" data-email-share-track-url=\"http:\/\/yomeunoalretto.org\/?page_id=3207&amp;share=email\"><span><\/span><span class=\"sharing-screen-reader-text\">Haz clic para enviar un enlace por correo electr\u00f3nico a un amigo (Se abre en una ventana nueva)<\/span><\/a><\/li><li><a href=\"#\" class=\"sharing-anchor sd-button share-more\"><span>M\u00e1s<\/span><\/a><\/li><li class=\"share-end\"><\/li><\/ul><div class=\"sharing-hidden\"><div class=\"inner\" style=\"display: none;\"><ul><li class=\"share-linkedin\"><a rel=\"nofollow noopener noreferrer\" data-shared=\"sharing-linkedin-3207\" class=\"share-linkedin sd-button share-icon no-text\" href=\"http:\/\/yomeunoalretto.org\/?page_id=3207&amp;share=linkedin\" target=\"_blank\" title=\"Haz clic para compartir en LinkedIn\" ><span><\/span><span class=\"sharing-screen-reader-text\">Haz clic para compartir en LinkedIn (Se abre en una ventana nueva)<\/span><\/a><\/li><li class=\"share-tumblr\"><a rel=\"nofollow noopener noreferrer\" data-shared=\"\" class=\"share-tumblr sd-button share-icon no-text\" href=\"http:\/\/yomeunoalretto.org\/?page_id=3207&amp;share=tumblr\" target=\"_blank\" title=\"Haz clic para compartir en Tumblr\" ><span><\/span><span class=\"sharing-screen-reader-text\">Haz clic para compartir en Tumblr (Se abre en una ventana nueva)<\/span><\/a><\/li><li class=\"share-end\"><\/li><li class=\"share-reddit\"><a rel=\"nofollow noopener noreferrer\" data-shared=\"\" class=\"share-reddit sd-button share-icon no-text\" href=\"http:\/\/yomeunoalretto.org\/?page_id=3207&amp;share=reddit\" target=\"_blank\" title=\"Haz clic para compartir en Reddit\" ><span><\/span><span class=\"sharing-screen-reader-text\">Haz clic para compartir en Reddit (Se abre en una ventana nueva)<\/span><\/a><\/li><li class=\"share-pocket\"><a rel=\"nofollow noopener noreferrer\" data-shared=\"\" class=\"share-pocket sd-button share-icon no-text\" href=\"http:\/\/yomeunoalretto.org\/?page_id=3207&amp;share=pocket\" target=\"_blank\" title=\"Haz clic para compartir en Pocket\" ><span><\/span><span class=\"sharing-screen-reader-text\">Haz clic para compartir en Pocket (Se abre en una ventana nueva)<\/span><\/a><\/li><li class=\"share-end\"><\/li><li class=\"share-pinterest\"><a rel=\"nofollow noopener noreferrer\" data-shared=\"sharing-pinterest-3207\" class=\"share-pinterest sd-button share-icon no-text\" href=\"http:\/\/yomeunoalretto.org\/?page_id=3207&amp;share=pinterest\" target=\"_blank\" title=\"Haz clic para compartir en Pinterest\" ><span><\/span><span class=\"sharing-screen-reader-text\">Haz clic para compartir en Pinterest (Se abre en una ventana nueva)<\/span><\/a><\/li><li class=\"share-end\"><\/li><\/ul><\/div><\/div><\/div><\/div><\/div>","protected":false},"author":1,"featured_media":3210,"parent":0,"menu_order":0,"comment_status":"open","ping_status":"open","template":"","meta":[],"jetpack_shortlink":"https:\/\/wp.me\/P4JzDn-PJ","jetpack_sharing_enabled":true,"_links":{"self":[{"href":"http:\/\/yomeunoalretto.org\/index.php?rest_route=\/wp\/v2\/pages\/3207"}],"collection":[{"href":"http:\/\/yomeunoalretto.org\/index.php?rest_route=\/wp\/v2\/pages"}],"about":[{"href":"http:\/\/yomeunoalretto.org\/index.php?rest_route=\/wp\/v2\/types\/page"}],"author":[{"embeddable":true,"href":"http:\/\/yomeunoalretto.org\/index.php?rest_route=\/wp\/v2\/users\/1"}],"replies":[{"embeddable":true,"href":"http:\/\/yomeunoalretto.org\/index.php?rest_route=%2Fwp%2Fv2%2Fcomments&post=3207"}],"version-history":[{"count":5,"href":"http:\/\/yomeunoalretto.org\/index.php?rest_route=\/wp\/v2\/pages\/3207\/revisions"}],"predecessor-version":[{"id":3216,"href":"http:\/\/yomeunoalretto.org\/index.php?rest_route=\/wp\/v2\/pages\/3207\/revisions\/3216"}],"wp:featuredmedia":[{"embeddable":true,"href":"http:\/\/yomeunoalretto.org\/index.php?rest_route=\/wp\/v2\/media\/3210"}],"wp:attachment":[{"href":"http:\/\/yomeunoalretto.org\/index.php?rest_route=%2Fwp%2Fv2%2Fmedia&parent=3207"}],"curies":[{"name":"wp","href":"https:\/\/api.w.org\/{rel}","templated":true}]}}