{"id":1524,"date":"2015-01-31T14:29:35","date_gmt":"2015-01-31T13:29:35","guid":{"rendered":"http:\/\/yomeunoalretto.org\/?page_id=1524"},"modified":"2015-10-23T06:41:10","modified_gmt":"2015-10-23T05:41:10","slug":"descarga-de-logos","status":"publish","type":"page","link":"http:\/\/yomeunoalretto.org\/?page_id=1524","title":{"rendered":"Descarga de Logos"},"content":{"rendered":"<p>Descarga aqu\u00ed los logos de nuestra asociaci\u00f3n para que puedas usarlos para colaborar cuando quieras:<\/p>\n<p><a href=\"http:\/\/yomeunoalretto.org\/wp-content\/uploads\/2015\/10\/Sirena-Yo-me-uno-al-Retto.jpg\" target=\"_blank\"><img data-attachment-id=\"3468\" data-permalink=\"http:\/\/yomeunoalretto.org\/?attachment_id=3468\" data-orig-file=\"http:\/\/yomeunoalretto.org\/wp-content\/uploads\/2015\/10\/Sirena-Yo-me-uno-al-Retto.jpg\" data-orig-size=\"595,842\" data-comments-opened=\"1\" data-image-meta=\"{&quot;aperture&quot;:&quot;0&quot;,&quot;credit&quot;:&quot;&quot;,&quot;camera&quot;:&quot;&quot;,&quot;caption&quot;:&quot;&quot;,&quot;created_timestamp&quot;:&quot;0&quot;,&quot;copyright&quot;:&quot;&quot;,&quot;focal_length&quot;:&quot;0&quot;,&quot;iso&quot;:&quot;0&quot;,&quot;shutter_speed&quot;:&quot;0&quot;,&quot;title&quot;:&quot;&quot;,&quot;orientation&quot;:&quot;1&quot;}\" data-image-title=\"Sirena Yo me uno al Retto\" data-image-description=\"\" data-image-caption=\"\" data-medium-file=\"http:\/\/yomeunoalretto.org\/wp-content\/uploads\/2015\/10\/Sirena-Yo-me-uno-al-Retto-177x250.jpg\" data-large-file=\"http:\/\/yomeunoalretto.org\/wp-content\/uploads\/2015\/10\/Sirena-Yo-me-uno-al-Retto.jpg\" decoding=\"async\" loading=\"lazy\" class=\"alignleft wp-image-3468 size-medium\" src=\"http:\/\/yomeunoalretto.org\/wp-content\/uploads\/2015\/10\/Sirena-Yo-me-uno-al-Retto-177x250.jpg\" alt=\"Sirena Yo me uno al Retto\" width=\"177\" height=\"250\" srcset=\"http:\/\/yomeunoalretto.org\/wp-content\/uploads\/2015\/10\/Sirena-Yo-me-uno-al-Retto-177x250.jpg 177w, http:\/\/yomeunoalretto.org\/wp-content\/uploads\/2015\/10\/Sirena-Yo-me-uno-al-Retto-119x168.jpg 119w, http:\/\/yomeunoalretto.org\/wp-content\/uploads\/2015\/10\/Sirena-Yo-me-uno-al-Retto.jpg 595w\" sizes=\"(max-width: 177px) 100vw, 177px\" \/><\/a><\/p>\n<p><a href=\"http:\/\/yomeunoalretto.org\/wp-content\/uploads\/2015\/01\/Rett-A4.psd\"><img data-attachment-id=\"1533\" data-permalink=\"http:\/\/yomeunoalretto.org\/?attachment_id=1533\" data-orig-file=\"http:\/\/yomeunoalretto.org\/wp-content\/uploads\/2015\/01\/Screeny-Shot-31-1-2015-22.00.22.png\" data-orig-size=\"1072,935\" data-comments-opened=\"1\" data-image-meta=\"{&quot;aperture&quot;:&quot;0&quot;,&quot;credit&quot;:&quot;&quot;,&quot;camera&quot;:&quot;&quot;,&quot;caption&quot;:&quot;&quot;,&quot;created_timestamp&quot;:&quot;0&quot;,&quot;copyright&quot;:&quot;&quot;,&quot;focal_length&quot;:&quot;0&quot;,&quot;iso&quot;:&quot;0&quot;,&quot;shutter_speed&quot;:&quot;0&quot;,&quot;title&quot;:&quot;&quot;,&quot;orientation&quot;:&quot;0&quot;}\" data-image-title=\"Screeny Shot 31-1-2015 22.00.22\" data-image-description=\"\" data-image-caption=\"\" data-medium-file=\"http:\/\/yomeunoalretto.org\/wp-content\/uploads\/2015\/01\/Screeny-Shot-31-1-2015-22.00.22-250x218.png\" data-large-file=\"http:\/\/yomeunoalretto.org\/wp-content\/uploads\/2015\/01\/Screeny-Shot-31-1-2015-22.00.22-1024x893.png\" decoding=\"async\" loading=\"lazy\" class=\"alignleft wp-image-1533 size-medium\" src=\"http:\/\/yomeunoalretto.org\/wp-content\/uploads\/2015\/01\/Screeny-Shot-31-1-2015-22.00.22-250x218.png\" alt=\"Screeny Shot 31-1-2015 22.00.22\" width=\"250\" height=\"218\" srcset=\"http:\/\/yomeunoalretto.org\/wp-content\/uploads\/2015\/01\/Screeny-Shot-31-1-2015-22.00.22-250x218.png 250w, http:\/\/yomeunoalretto.org\/wp-content\/uploads\/2015\/01\/Screeny-Shot-31-1-2015-22.00.22-1024x893.png 1024w, http:\/\/yomeunoalretto.org\/wp-content\/uploads\/2015\/01\/Screeny-Shot-31-1-2015-22.00.22-193x168.png 193w, http:\/\/yomeunoalretto.org\/wp-content\/uploads\/2015\/01\/Screeny-Shot-31-1-2015-22.00.22.png 1072w\" sizes=\"(max-width: 250px) 100vw, 250px\" \/><\/a><a href=\"http:\/\/yomeunoalretto.org\/wp-content\/uploads\/2015\/01\/Rett-A4.jpg\"><img data-attachment-id=\"1529\" data-permalink=\"http:\/\/yomeunoalretto.org\/?attachment_id=1529\" data-orig-file=\"http:\/\/yomeunoalretto.org\/wp-content\/uploads\/2015\/01\/Screeny-Shot-31-1-2015-21.55.59.png\" data-orig-size=\"1168,980\" data-comments-opened=\"1\" data-image-meta=\"{&quot;aperture&quot;:&quot;0&quot;,&quot;credit&quot;:&quot;&quot;,&quot;camera&quot;:&quot;&quot;,&quot;caption&quot;:&quot;&quot;,&quot;created_timestamp&quot;:&quot;0&quot;,&quot;copyright&quot;:&quot;&quot;,&quot;focal_length&quot;:&quot;0&quot;,&quot;iso&quot;:&quot;0&quot;,&quot;shutter_speed&quot;:&quot;0&quot;,&quot;title&quot;:&quot;&quot;,&quot;orientation&quot;:&quot;0&quot;}\" data-image-title=\"Screeny Shot 31-1-2015 21.55.59\" data-image-description=\"\" data-image-caption=\"\" data-medium-file=\"http:\/\/yomeunoalretto.org\/wp-content\/uploads\/2015\/01\/Screeny-Shot-31-1-2015-21.55.59-250x210.png\" data-large-file=\"http:\/\/yomeunoalretto.org\/wp-content\/uploads\/2015\/01\/Screeny-Shot-31-1-2015-21.55.59-1024x859.png\" decoding=\"async\" loading=\"lazy\" class=\"alignleft wp-image-1529 size-medium\" src=\"http:\/\/yomeunoalretto.org\/wp-content\/uploads\/2015\/01\/Screeny-Shot-31-1-2015-21.55.59-250x210.png\" alt=\"Screeny Shot 31-1-2015 21.55.59\" width=\"250\" height=\"210\" srcset=\"http:\/\/yomeunoalretto.org\/wp-content\/uploads\/2015\/01\/Screeny-Shot-31-1-2015-21.55.59-250x210.png 250w, http:\/\/yomeunoalretto.org\/wp-content\/uploads\/2015\/01\/Screeny-Shot-31-1-2015-21.55.59-1024x859.png 1024w, http:\/\/yomeunoalretto.org\/wp-content\/uploads\/2015\/01\/Screeny-Shot-31-1-2015-21.55.59-200x168.png 200w, http:\/\/yomeunoalretto.org\/wp-content\/uploads\/2015\/01\/Screeny-Shot-31-1-2015-21.55.59.png 1168w\" sizes=\"(max-width: 250px) 100vw, 250px\" \/><\/a><a href=\"http:\/\/yomeunoalretto.org\/wp-content\/uploads\/2015\/01\/Me_uno-_al-_reto.pdf\"><img data-attachment-id=\"1525\" data-permalink=\"http:\/\/yomeunoalretto.org\/?attachment_id=1525\" data-orig-file=\"http:\/\/yomeunoalretto.org\/wp-content\/uploads\/2015\/01\/Screeny-Shot-31-1-2015-14.28.09.png\" data-orig-size=\"1408,1124\" data-comments-opened=\"1\" data-image-meta=\"{&quot;aperture&quot;:&quot;0&quot;,&quot;credit&quot;:&quot;&quot;,&quot;camera&quot;:&quot;&quot;,&quot;caption&quot;:&quot;&quot;,&quot;created_timestamp&quot;:&quot;0&quot;,&quot;copyright&quot;:&quot;&quot;,&quot;focal_length&quot;:&quot;0&quot;,&quot;iso&quot;:&quot;0&quot;,&quot;shutter_speed&quot;:&quot;0&quot;,&quot;title&quot;:&quot;&quot;,&quot;orientation&quot;:&quot;0&quot;}\" data-image-title=\"Screeny Shot 31-1-2015 14.28.09\" data-image-description=\"\" data-image-caption=\"\" data-medium-file=\"http:\/\/yomeunoalretto.org\/wp-content\/uploads\/2015\/01\/Screeny-Shot-31-1-2015-14.28.09-250x200.png\" data-large-file=\"http:\/\/yomeunoalretto.org\/wp-content\/uploads\/2015\/01\/Screeny-Shot-31-1-2015-14.28.09-1024x817.png\" decoding=\"async\" loading=\"lazy\" class=\"alignleft wp-image-1525 size-medium\" src=\"http:\/\/yomeunoalretto.org\/wp-content\/uploads\/2015\/01\/Screeny-Shot-31-1-2015-14.28.09-250x200.png\" alt=\"Screeny Shot 31-1-2015 14.28.09\" width=\"250\" height=\"200\" srcset=\"http:\/\/yomeunoalretto.org\/wp-content\/uploads\/2015\/01\/Screeny-Shot-31-1-2015-14.28.09-250x200.png 250w, http:\/\/yomeunoalretto.org\/wp-content\/uploads\/2015\/01\/Screeny-Shot-31-1-2015-14.28.09-1024x817.png 1024w, http:\/\/yomeunoalretto.org\/wp-content\/uploads\/2015\/01\/Screeny-Shot-31-1-2015-14.28.09-210x168.png 210w, http:\/\/yomeunoalretto.org\/wp-content\/uploads\/2015\/01\/Screeny-Shot-31-1-2015-14.28.09.png 1408w\" sizes=\"(max-width: 250px) 100vw, 250px\" \/><\/a><\/p>\n<div class=\"sharedaddy sd-sharing-enabled\"><div class=\"robots-nocontent sd-block sd-social sd-social-icon sd-sharing\"><h3 class=\"sd-title\">Comparte esto:<\/h3><div class=\"sd-content\"><ul><li class=\"share-facebook\"><a rel=\"nofollow noopener noreferrer\" data-shared=\"sharing-facebook-1524\" class=\"share-facebook sd-button share-icon no-text\" href=\"http:\/\/yomeunoalretto.org\/?page_id=1524&amp;share=facebook\" target=\"_blank\" title=\"Haz clic para compartir en Facebook\" ><span><\/span><span class=\"sharing-screen-reader-text\">Haz clic para compartir en Facebook (Se abre en una ventana nueva)<\/span><\/a><\/li><li class=\"share-twitter\"><a rel=\"nofollow noopener noreferrer\" data-shared=\"sharing-twitter-1524\" class=\"share-twitter sd-button share-icon no-text\" href=\"http:\/\/yomeunoalretto.org\/?page_id=1524&amp;share=twitter\" target=\"_blank\" title=\"Haz clic para compartir en Twitter\" ><span><\/span><span class=\"sharing-screen-reader-text\">Haz clic para compartir en Twitter (Se abre en una ventana nueva)<\/span><\/a><\/li><li class=\"share-print\"><a rel=\"nofollow noopener noreferrer\" data-shared=\"\" class=\"share-print sd-button share-icon no-text\" href=\"http:\/\/yomeunoalretto.org\/?page_id=1524\" target=\"_blank\" title=\"Haz clic para imprimir\" ><span><\/span><span class=\"sharing-screen-reader-text\">Haz clic para imprimir (Se abre en una ventana nueva)<\/span><\/a><\/li><li class=\"share-email\"><a rel=\"nofollow noopener noreferrer\" data-shared=\"\" class=\"share-email sd-button share-icon no-text\" href=\"mailto:?subject=%5BEntrada%20compartida%5D%20Descarga%20de%20Logos&body=http%3A%2F%2Fyomeunoalretto.org%2F%3Fpage_id%3D1524&share=email\" target=\"_blank\" title=\"Haz clic para enviar un enlace por correo electr\u00f3nico a un amigo\" data-email-share-error-title=\"\u00bfTienes un correo electr\u00f3nico configurado?\" data-email-share-error-text=\"Si tienes problemas al compartir por correo electr\u00f3nico, es posible que sea porque no tengas un correo electr\u00f3nico configurado en tu navegador. Puede que tengas que crear un nuevo correo electr\u00f3nico t\u00fa mismo.\" data-email-share-nonce=\"e030120203\" data-email-share-track-url=\"http:\/\/yomeunoalretto.org\/?page_id=1524&amp;share=email\"><span><\/span><span class=\"sharing-screen-reader-text\">Haz clic para enviar un enlace por correo electr\u00f3nico a un amigo (Se abre en una ventana nueva)<\/span><\/a><\/li><li><a href=\"#\" class=\"sharing-anchor sd-button share-more\"><span>M\u00e1s<\/span><\/a><\/li><li class=\"share-end\"><\/li><\/ul><div class=\"sharing-hidden\"><div class=\"inner\" style=\"display: none;\"><ul><li class=\"share-linkedin\"><a rel=\"nofollow noopener noreferrer\" data-shared=\"sharing-linkedin-1524\" class=\"share-linkedin sd-button share-icon no-text\" href=\"http:\/\/yomeunoalretto.org\/?page_id=1524&amp;share=linkedin\" target=\"_blank\" title=\"Haz clic para compartir en LinkedIn\" ><span><\/span><span class=\"sharing-screen-reader-text\">Haz clic para compartir en LinkedIn (Se abre en una ventana nueva)<\/span><\/a><\/li><li class=\"share-tumblr\"><a rel=\"nofollow noopener noreferrer\" data-shared=\"\" class=\"share-tumblr sd-button share-icon no-text\" href=\"http:\/\/yomeunoalretto.org\/?page_id=1524&amp;share=tumblr\" target=\"_blank\" title=\"Haz clic para compartir en Tumblr\" ><span><\/span><span class=\"sharing-screen-reader-text\">Haz clic para compartir en Tumblr (Se abre en una ventana nueva)<\/span><\/a><\/li><li class=\"share-end\"><\/li><li class=\"share-reddit\"><a rel=\"nofollow noopener noreferrer\" data-shared=\"\" class=\"share-reddit sd-button share-icon no-text\" href=\"http:\/\/yomeunoalretto.org\/?page_id=1524&amp;share=reddit\" target=\"_blank\" title=\"Haz clic para compartir en Reddit\" ><span><\/span><span class=\"sharing-screen-reader-text\">Haz clic para compartir en Reddit (Se abre en una ventana nueva)<\/span><\/a><\/li><li class=\"share-pocket\"><a rel=\"nofollow noopener noreferrer\" data-shared=\"\" class=\"share-pocket sd-button share-icon no-text\" href=\"http:\/\/yomeunoalretto.org\/?page_id=1524&amp;share=pocket\" target=\"_blank\" title=\"Haz clic para compartir en Pocket\" ><span><\/span><span class=\"sharing-screen-reader-text\">Haz clic para compartir en Pocket (Se abre en una ventana nueva)<\/span><\/a><\/li><li class=\"share-end\"><\/li><li class=\"share-pinterest\"><a rel=\"nofollow noopener noreferrer\" data-shared=\"sharing-pinterest-1524\" class=\"share-pinterest sd-button share-icon no-text\" href=\"http:\/\/yomeunoalretto.org\/?page_id=1524&amp;share=pinterest\" target=\"_blank\" title=\"Haz clic para compartir en Pinterest\" ><span><\/span><span class=\"sharing-screen-reader-text\">Haz clic para compartir en Pinterest (Se abre en una ventana nueva)<\/span><\/a><\/li><li class=\"share-end\"><\/li><\/ul><\/div><\/div><\/div><\/div><\/div>","protected":false},"excerpt":{"rendered":"<p>Descarga aqu\u00ed los logos de nuestra asociaci\u00f3n para que puedas usarlos para colaborar cuando quieras:<\/p>\n<div class=\"sharedaddy sd-sharing-enabled\"><div class=\"robots-nocontent sd-block sd-social sd-social-icon sd-sharing\"><h3 class=\"sd-title\">Comparte esto:<\/h3><div class=\"sd-content\"><ul><li class=\"share-facebook\"><a rel=\"nofollow noopener noreferrer\" data-shared=\"sharing-facebook-1524\" class=\"share-facebook sd-button share-icon no-text\" href=\"http:\/\/yomeunoalretto.org\/?page_id=1524&amp;share=facebook\" target=\"_blank\" title=\"Haz clic para compartir en Facebook\" ><span><\/span><span class=\"sharing-screen-reader-text\">Haz clic para compartir en Facebook (Se abre en una ventana nueva)<\/span><\/a><\/li><li class=\"share-twitter\"><a rel=\"nofollow noopener noreferrer\" data-shared=\"sharing-twitter-1524\" class=\"share-twitter sd-button share-icon no-text\" href=\"http:\/\/yomeunoalretto.org\/?page_id=1524&amp;share=twitter\" target=\"_blank\" title=\"Haz clic para compartir en Twitter\" ><span><\/span><span class=\"sharing-screen-reader-text\">Haz clic para compartir en Twitter (Se abre en una ventana nueva)<\/span><\/a><\/li><li class=\"share-print\"><a rel=\"nofollow noopener noreferrer\" data-shared=\"\" class=\"share-print sd-button share-icon no-text\" href=\"http:\/\/yomeunoalretto.org\/?page_id=1524\" target=\"_blank\" title=\"Haz clic para imprimir\" ><span><\/span><span class=\"sharing-screen-reader-text\">Haz clic para imprimir (Se abre en una ventana nueva)<\/span><\/a><\/li><li class=\"share-email\"><a rel=\"nofollow noopener noreferrer\" data-shared=\"\" class=\"share-email sd-button share-icon no-text\" href=\"mailto:?subject=%5BEntrada%20compartida%5D%20Descarga%20de%20Logos&body=http%3A%2F%2Fyomeunoalretto.org%2F%3Fpage_id%3D1524&share=email\" target=\"_blank\" title=\"Haz clic para enviar un enlace por correo electr\u00f3nico a un amigo\" data-email-share-error-title=\"\u00bfTienes un correo electr\u00f3nico configurado?\" data-email-share-error-text=\"Si tienes problemas al compartir por correo electr\u00f3nico, es posible que sea porque no tengas un correo electr\u00f3nico configurado en tu navegador. Puede que tengas que crear un nuevo correo electr\u00f3nico t\u00fa mismo.\" data-email-share-nonce=\"e030120203\" data-email-share-track-url=\"http:\/\/yomeunoalretto.org\/?page_id=1524&amp;share=email\"><span><\/span><span class=\"sharing-screen-reader-text\">Haz clic para enviar un enlace por correo electr\u00f3nico a un amigo (Se abre en una ventana nueva)<\/span><\/a><\/li><li><a href=\"#\" class=\"sharing-anchor sd-button share-more\"><span>M\u00e1s<\/span><\/a><\/li><li class=\"share-end\"><\/li><\/ul><div class=\"sharing-hidden\"><div class=\"inner\" style=\"display: none;\"><ul><li class=\"share-linkedin\"><a rel=\"nofollow noopener noreferrer\" data-shared=\"sharing-linkedin-1524\" class=\"share-linkedin sd-button share-icon no-text\" href=\"http:\/\/yomeunoalretto.org\/?page_id=1524&amp;share=linkedin\" target=\"_blank\" title=\"Haz clic para compartir en LinkedIn\" ><span><\/span><span class=\"sharing-screen-reader-text\">Haz clic para compartir en LinkedIn (Se abre en una ventana nueva)<\/span><\/a><\/li><li class=\"share-tumblr\"><a rel=\"nofollow noopener noreferrer\" data-shared=\"\" class=\"share-tumblr sd-button share-icon no-text\" href=\"http:\/\/yomeunoalretto.org\/?page_id=1524&amp;share=tumblr\" target=\"_blank\" title=\"Haz clic para compartir en Tumblr\" ><span><\/span><span class=\"sharing-screen-reader-text\">Haz clic para compartir en Tumblr (Se abre en una ventana nueva)<\/span><\/a><\/li><li class=\"share-end\"><\/li><li class=\"share-reddit\"><a rel=\"nofollow noopener noreferrer\" data-shared=\"\" class=\"share-reddit sd-button share-icon no-text\" href=\"http:\/\/yomeunoalretto.org\/?page_id=1524&amp;share=reddit\" target=\"_blank\" title=\"Haz clic para compartir en Reddit\" ><span><\/span><span class=\"sharing-screen-reader-text\">Haz clic para compartir en Reddit (Se abre en una ventana nueva)<\/span><\/a><\/li><li class=\"share-pocket\"><a rel=\"nofollow noopener noreferrer\" data-shared=\"\" class=\"share-pocket sd-button share-icon no-text\" href=\"http:\/\/yomeunoalretto.org\/?page_id=1524&amp;share=pocket\" target=\"_blank\" title=\"Haz clic para compartir en Pocket\" ><span><\/span><span class=\"sharing-screen-reader-text\">Haz clic para compartir en Pocket (Se abre en una ventana nueva)<\/span><\/a><\/li><li class=\"share-end\"><\/li><li class=\"share-pinterest\"><a rel=\"nofollow noopener noreferrer\" data-shared=\"sharing-pinterest-1524\" class=\"share-pinterest sd-button share-icon no-text\" href=\"http:\/\/yomeunoalretto.org\/?page_id=1524&amp;share=pinterest\" target=\"_blank\" title=\"Haz clic para compartir en Pinterest\" ><span><\/span><span class=\"sharing-screen-reader-text\">Haz clic para compartir en Pinterest (Se abre en una ventana nueva)<\/span><\/a><\/li><li class=\"share-end\"><\/li><\/ul><\/div><\/div><\/div><\/div><\/div>","protected":false},"author":1,"featured_media":0,"parent":0,"menu_order":0,"comment_status":"open","ping_status":"open","template":"","meta":[],"jetpack_shortlink":"https:\/\/wp.me\/P4JzDn-oA","jetpack_sharing_enabled":true,"_links":{"self":[{"href":"http:\/\/yomeunoalretto.org\/index.php?rest_route=\/wp\/v2\/pages\/1524"}],"collection":[{"href":"http:\/\/yomeunoalretto.org\/index.php?rest_route=\/wp\/v2\/pages"}],"about":[{"href":"http:\/\/yomeunoalretto.org\/index.php?rest_route=\/wp\/v2\/types\/page"}],"author":[{"embeddable":true,"href":"http:\/\/yomeunoalretto.org\/index.php?rest_route=\/wp\/v2\/users\/1"}],"replies":[{"embeddable":true,"href":"http:\/\/yomeunoalretto.org\/index.php?rest_route=%2Fwp%2Fv2%2Fcomments&post=1524"}],"version-history":[{"count":15,"href":"http:\/\/yomeunoalretto.org\/index.php?rest_route=\/wp\/v2\/pages\/1524\/revisions"}],"predecessor-version":[{"id":3479,"href":"http:\/\/yomeunoalretto.org\/index.php?rest_route=\/wp\/v2\/pages\/1524\/revisions\/3479"}],"wp:attachment":[{"href":"http:\/\/yomeunoalretto.org\/index.php?rest_route=%2Fwp%2Fv2%2Fmedia&parent=1524"}],"curies":[{"name":"wp","href":"https:\/\/api.w.org\/{rel}","templated":true}]}}