{"id":1457,"date":"2015-01-28T15:15:45","date_gmt":"2015-01-28T14:15:45","guid":{"rendered":"http:\/\/yomeunoalretto.org\/?page_id=1457"},"modified":"2015-01-28T16:07:09","modified_gmt":"2015-01-28T15:07:09","slug":"xvi-gambada-popular-08012015-1300","status":"publish","type":"page","link":"http:\/\/yomeunoalretto.org\/?page_id=1457","title":{"rendered":"XVI Gambada Popular. 08\/02\/2015 13:00"},"content":{"rendered":"<p><a href=\"http:\/\/yomeunoalretto.org\/wp-content\/uploads\/2015\/01\/10942430_702980173151947_3590162222274028382_n.jpg\"><img data-attachment-id=\"1455\" data-permalink=\"http:\/\/yomeunoalretto.org\/?attachment_id=1455\" data-orig-file=\"http:\/\/yomeunoalretto.org\/wp-content\/uploads\/2015\/01\/10942430_702980173151947_3590162222274028382_n.jpg\" data-orig-size=\"279,395\" data-comments-opened=\"1\" data-image-meta=\"{&quot;aperture&quot;:&quot;0&quot;,&quot;credit&quot;:&quot;&quot;,&quot;camera&quot;:&quot;&quot;,&quot;caption&quot;:&quot;&quot;,&quot;created_timestamp&quot;:&quot;0&quot;,&quot;copyright&quot;:&quot;&quot;,&quot;focal_length&quot;:&quot;0&quot;,&quot;iso&quot;:&quot;0&quot;,&quot;shutter_speed&quot;:&quot;0&quot;,&quot;title&quot;:&quot;&quot;,&quot;orientation&quot;:&quot;0&quot;}\" data-image-title=\"10942430_702980173151947_3590162222274028382_n\" data-image-description=\"\" data-image-caption=\"\" data-medium-file=\"http:\/\/yomeunoalretto.org\/wp-content\/uploads\/2015\/01\/10942430_702980173151947_3590162222274028382_n-177x250.jpg\" data-large-file=\"http:\/\/yomeunoalretto.org\/wp-content\/uploads\/2015\/01\/10942430_702980173151947_3590162222274028382_n.jpg\" decoding=\"async\" loading=\"lazy\" class=\"alignleft wp-image-1455 size-medium\" src=\"http:\/\/yomeunoalretto.org\/wp-content\/uploads\/2015\/01\/10942430_702980173151947_3590162222274028382_n-177x250.jpg\" alt=\"10942430_702980173151947_3590162222274028382_n\" width=\"177\" height=\"250\" srcset=\"http:\/\/yomeunoalretto.org\/wp-content\/uploads\/2015\/01\/10942430_702980173151947_3590162222274028382_n-177x250.jpg 177w, http:\/\/yomeunoalretto.org\/wp-content\/uploads\/2015\/01\/10942430_702980173151947_3590162222274028382_n-119x168.jpg 119w, http:\/\/yomeunoalretto.org\/wp-content\/uploads\/2015\/01\/10942430_702980173151947_3590162222274028382_n.jpg 279w\" sizes=\"(max-width: 177px) 100vw, 177px\" \/><\/a><span style=\"color: #000000;\"> El pr\u00f3ximo 8 de febrero a partir de la 13:00 en la Pe\u00f1a la Perla de C\u00e1diz (C\/ Carlos Ollero s\/n 11006 C\u00e1diz) , junto a la carcel vieja. La Pe\u00f1a Cc La Tertulia de do\u00f1a Frasquita organiza la 16\u00aa Gambada Popular. Cuya recaudaci\u00f3n en parte ir\u00e1 destinada a nuestra asociaci\u00f3n.<\/span><\/p>\n<p><span style=\"color: #000000;\">Por 1 \u20ac un plato de gambas y si no simplemente ven y colabora, todo es con fines ben\u00e9ficos.<\/span><\/p>\n<p><span style=\"color: #000000;\">Adem\u00e1s que puedes asistir a la presentaci\u00f3n del coro callejero \u00abS\u00e9 que Samurais por mi Katana\u00bb<\/span><\/p>\n<p><span style=\"color: #000000;\">P\u00e1sate que seguro echamos un buen ratito.<\/span><\/p>\n<p><span style=\"color: #000000;\">Desde aqu\u00ed expresar nuestro m\u00e1s sincero agradecimeinto a todos los carnavaleros que estais apoyando la difusion del conocimetin del S\u00edndrome de Rett, y ahora en especial a La Pe\u00f1a Cc La Tertulia de do\u00f1a Frasquita, que ha tenido el importante gesto de acordarse de nosotros en este acto.<\/span><\/p>\n<div class=\"sharedaddy sd-sharing-enabled\"><div class=\"robots-nocontent sd-block sd-social sd-social-icon sd-sharing\"><h3 class=\"sd-title\">Comparte esto:<\/h3><div class=\"sd-content\"><ul><li class=\"share-facebook\"><a rel=\"nofollow noopener noreferrer\" data-shared=\"sharing-facebook-1457\" class=\"share-facebook sd-button share-icon no-text\" href=\"http:\/\/yomeunoalretto.org\/?page_id=1457&amp;share=facebook\" target=\"_blank\" title=\"Haz clic para compartir en Facebook\" ><span><\/span><span class=\"sharing-screen-reader-text\">Haz clic para compartir en Facebook (Se abre en una ventana nueva)<\/span><\/a><\/li><li class=\"share-twitter\"><a rel=\"nofollow noopener noreferrer\" data-shared=\"sharing-twitter-1457\" class=\"share-twitter sd-button share-icon no-text\" href=\"http:\/\/yomeunoalretto.org\/?page_id=1457&amp;share=twitter\" target=\"_blank\" title=\"Haz clic para compartir en Twitter\" ><span><\/span><span class=\"sharing-screen-reader-text\">Haz clic para compartir en Twitter (Se abre en una ventana nueva)<\/span><\/a><\/li><li class=\"share-print\"><a rel=\"nofollow noopener noreferrer\" data-shared=\"\" class=\"share-print sd-button share-icon no-text\" href=\"http:\/\/yomeunoalretto.org\/?page_id=1457\" target=\"_blank\" title=\"Haz clic para imprimir\" ><span><\/span><span class=\"sharing-screen-reader-text\">Haz clic para imprimir (Se abre en una ventana nueva)<\/span><\/a><\/li><li class=\"share-email\"><a rel=\"nofollow noopener noreferrer\" data-shared=\"\" class=\"share-email sd-button share-icon no-text\" href=\"mailto:?subject=%5BEntrada%20compartida%5D%20XVI%20Gambada%20Popular.%2008%2F02%2F2015%2013%3A00&body=http%3A%2F%2Fyomeunoalretto.org%2F%3Fpage_id%3D1457&share=email\" target=\"_blank\" title=\"Haz clic para enviar un enlace por correo electr\u00f3nico a un amigo\" data-email-share-error-title=\"\u00bfTienes un correo electr\u00f3nico configurado?\" data-email-share-error-text=\"Si tienes problemas al compartir por correo electr\u00f3nico, es posible que sea porque no tengas un correo electr\u00f3nico configurado en tu navegador. Puede que tengas que crear un nuevo correo electr\u00f3nico t\u00fa mismo.\" data-email-share-nonce=\"5b02aa4405\" data-email-share-track-url=\"http:\/\/yomeunoalretto.org\/?page_id=1457&amp;share=email\"><span><\/span><span class=\"sharing-screen-reader-text\">Haz clic para enviar un enlace por correo electr\u00f3nico a un amigo (Se abre en una ventana nueva)<\/span><\/a><\/li><li><a href=\"#\" class=\"sharing-anchor sd-button share-more\"><span>M\u00e1s<\/span><\/a><\/li><li class=\"share-end\"><\/li><\/ul><div class=\"sharing-hidden\"><div class=\"inner\" style=\"display: none;\"><ul><li class=\"share-linkedin\"><a rel=\"nofollow noopener noreferrer\" data-shared=\"sharing-linkedin-1457\" class=\"share-linkedin sd-button share-icon no-text\" href=\"http:\/\/yomeunoalretto.org\/?page_id=1457&amp;share=linkedin\" target=\"_blank\" title=\"Haz clic para compartir en LinkedIn\" ><span><\/span><span class=\"sharing-screen-reader-text\">Haz clic para compartir en LinkedIn (Se abre en una ventana nueva)<\/span><\/a><\/li><li class=\"share-tumblr\"><a rel=\"nofollow noopener noreferrer\" data-shared=\"\" class=\"share-tumblr sd-button share-icon no-text\" href=\"http:\/\/yomeunoalretto.org\/?page_id=1457&amp;share=tumblr\" target=\"_blank\" title=\"Haz clic para compartir en Tumblr\" ><span><\/span><span class=\"sharing-screen-reader-text\">Haz clic para compartir en Tumblr (Se abre en una ventana nueva)<\/span><\/a><\/li><li class=\"share-end\"><\/li><li class=\"share-reddit\"><a rel=\"nofollow noopener noreferrer\" data-shared=\"\" class=\"share-reddit sd-button share-icon no-text\" href=\"http:\/\/yomeunoalretto.org\/?page_id=1457&amp;share=reddit\" target=\"_blank\" title=\"Haz clic para compartir en Reddit\" ><span><\/span><span class=\"sharing-screen-reader-text\">Haz clic para compartir en Reddit (Se abre en una ventana nueva)<\/span><\/a><\/li><li class=\"share-pocket\"><a rel=\"nofollow noopener noreferrer\" data-shared=\"\" class=\"share-pocket sd-button share-icon no-text\" href=\"http:\/\/yomeunoalretto.org\/?page_id=1457&amp;share=pocket\" target=\"_blank\" title=\"Haz clic para compartir en Pocket\" ><span><\/span><span class=\"sharing-screen-reader-text\">Haz clic para compartir en Pocket (Se abre en una ventana nueva)<\/span><\/a><\/li><li class=\"share-end\"><\/li><li class=\"share-pinterest\"><a rel=\"nofollow noopener noreferrer\" data-shared=\"sharing-pinterest-1457\" class=\"share-pinterest sd-button share-icon no-text\" href=\"http:\/\/yomeunoalretto.org\/?page_id=1457&amp;share=pinterest\" target=\"_blank\" title=\"Haz clic para compartir en Pinterest\" ><span><\/span><span class=\"sharing-screen-reader-text\">Haz clic para compartir en Pinterest (Se abre en una ventana nueva)<\/span><\/a><\/li><li class=\"share-end\"><\/li><\/ul><\/div><\/div><\/div><\/div><\/div>","protected":false},"excerpt":{"rendered":"<p>El pr\u00f3ximo 8 de febrero a partir de la 13:00 en la Pe\u00f1a la Perla de C\u00e1diz (C\/ Carlos Ollero s\/n 11006 C\u00e1diz) , junto a la carcel vieja. La Pe\u00f1a Cc La Tertulia de do\u00f1a Frasquita organiza la 16\u00aa Gambada Popular. Cuya recaudaci\u00f3n en parte ir\u00e1 destinada a nuestra asociaci\u00f3n. Por 1 \u20ac un [&hellip;]<\/p>\n<div class=\"sharedaddy sd-sharing-enabled\"><div class=\"robots-nocontent sd-block sd-social sd-social-icon sd-sharing\"><h3 class=\"sd-title\">Comparte esto:<\/h3><div class=\"sd-content\"><ul><li class=\"share-facebook\"><a rel=\"nofollow noopener noreferrer\" data-shared=\"sharing-facebook-1457\" class=\"share-facebook sd-button share-icon no-text\" href=\"http:\/\/yomeunoalretto.org\/?page_id=1457&amp;share=facebook\" target=\"_blank\" title=\"Haz clic para compartir en Facebook\" ><span><\/span><span class=\"sharing-screen-reader-text\">Haz clic para compartir en Facebook (Se abre en una ventana nueva)<\/span><\/a><\/li><li class=\"share-twitter\"><a rel=\"nofollow noopener noreferrer\" data-shared=\"sharing-twitter-1457\" class=\"share-twitter sd-button share-icon no-text\" href=\"http:\/\/yomeunoalretto.org\/?page_id=1457&amp;share=twitter\" target=\"_blank\" title=\"Haz clic para compartir en Twitter\" ><span><\/span><span class=\"sharing-screen-reader-text\">Haz clic para compartir en Twitter (Se abre en una ventana nueva)<\/span><\/a><\/li><li class=\"share-print\"><a rel=\"nofollow noopener noreferrer\" data-shared=\"\" class=\"share-print sd-button share-icon no-text\" href=\"http:\/\/yomeunoalretto.org\/?page_id=1457\" target=\"_blank\" title=\"Haz clic para imprimir\" ><span><\/span><span class=\"sharing-screen-reader-text\">Haz clic para imprimir (Se abre en una ventana nueva)<\/span><\/a><\/li><li class=\"share-email\"><a rel=\"nofollow noopener noreferrer\" data-shared=\"\" class=\"share-email sd-button share-icon no-text\" href=\"mailto:?subject=%5BEntrada%20compartida%5D%20XVI%20Gambada%20Popular.%2008%2F02%2F2015%2013%3A00&body=http%3A%2F%2Fyomeunoalretto.org%2F%3Fpage_id%3D1457&share=email\" target=\"_blank\" title=\"Haz clic para enviar un enlace por correo electr\u00f3nico a un amigo\" data-email-share-error-title=\"\u00bfTienes un correo electr\u00f3nico configurado?\" data-email-share-error-text=\"Si tienes problemas al compartir por correo electr\u00f3nico, es posible que sea porque no tengas un correo electr\u00f3nico configurado en tu navegador. Puede que tengas que crear un nuevo correo electr\u00f3nico t\u00fa mismo.\" data-email-share-nonce=\"5b02aa4405\" data-email-share-track-url=\"http:\/\/yomeunoalretto.org\/?page_id=1457&amp;share=email\"><span><\/span><span class=\"sharing-screen-reader-text\">Haz clic para enviar un enlace por correo electr\u00f3nico a un amigo (Se abre en una ventana nueva)<\/span><\/a><\/li><li><a href=\"#\" class=\"sharing-anchor sd-button share-more\"><span>M\u00e1s<\/span><\/a><\/li><li class=\"share-end\"><\/li><\/ul><div class=\"sharing-hidden\"><div class=\"inner\" style=\"display: none;\"><ul><li class=\"share-linkedin\"><a rel=\"nofollow noopener noreferrer\" data-shared=\"sharing-linkedin-1457\" class=\"share-linkedin sd-button share-icon no-text\" href=\"http:\/\/yomeunoalretto.org\/?page_id=1457&amp;share=linkedin\" target=\"_blank\" title=\"Haz clic para compartir en LinkedIn\" ><span><\/span><span class=\"sharing-screen-reader-text\">Haz clic para compartir en LinkedIn (Se abre en una ventana nueva)<\/span><\/a><\/li><li class=\"share-tumblr\"><a rel=\"nofollow noopener noreferrer\" data-shared=\"\" class=\"share-tumblr sd-button share-icon no-text\" href=\"http:\/\/yomeunoalretto.org\/?page_id=1457&amp;share=tumblr\" target=\"_blank\" title=\"Haz clic para compartir en Tumblr\" ><span><\/span><span class=\"sharing-screen-reader-text\">Haz clic para compartir en Tumblr (Se abre en una ventana nueva)<\/span><\/a><\/li><li class=\"share-end\"><\/li><li class=\"share-reddit\"><a rel=\"nofollow noopener noreferrer\" data-shared=\"\" class=\"share-reddit sd-button share-icon no-text\" href=\"http:\/\/yomeunoalretto.org\/?page_id=1457&amp;share=reddit\" target=\"_blank\" title=\"Haz clic para compartir en Reddit\" ><span><\/span><span class=\"sharing-screen-reader-text\">Haz clic para compartir en Reddit (Se abre en una ventana nueva)<\/span><\/a><\/li><li class=\"share-pocket\"><a rel=\"nofollow noopener noreferrer\" data-shared=\"\" class=\"share-pocket sd-button share-icon no-text\" href=\"http:\/\/yomeunoalretto.org\/?page_id=1457&amp;share=pocket\" target=\"_blank\" title=\"Haz clic para compartir en Pocket\" ><span><\/span><span class=\"sharing-screen-reader-text\">Haz clic para compartir en Pocket (Se abre en una ventana nueva)<\/span><\/a><\/li><li class=\"share-end\"><\/li><li class=\"share-pinterest\"><a rel=\"nofollow noopener noreferrer\" data-shared=\"sharing-pinterest-1457\" class=\"share-pinterest sd-button share-icon no-text\" href=\"http:\/\/yomeunoalretto.org\/?page_id=1457&amp;share=pinterest\" target=\"_blank\" title=\"Haz clic para compartir en Pinterest\" ><span><\/span><span class=\"sharing-screen-reader-text\">Haz clic para compartir en Pinterest (Se abre en una ventana nueva)<\/span><\/a><\/li><li class=\"share-end\"><\/li><\/ul><\/div><\/div><\/div><\/div><\/div>","protected":false},"author":1,"featured_media":1455,"parent":0,"menu_order":0,"comment_status":"open","ping_status":"open","template":"","meta":[],"jetpack_shortlink":"https:\/\/wp.me\/P4JzDn-nv","jetpack_sharing_enabled":true,"_links":{"self":[{"href":"http:\/\/yomeunoalretto.org\/index.php?rest_route=\/wp\/v2\/pages\/1457"}],"collection":[{"href":"http:\/\/yomeunoalretto.org\/index.php?rest_route=\/wp\/v2\/pages"}],"about":[{"href":"http:\/\/yomeunoalretto.org\/index.php?rest_route=\/wp\/v2\/types\/page"}],"author":[{"embeddable":true,"href":"http:\/\/yomeunoalretto.org\/index.php?rest_route=\/wp\/v2\/users\/1"}],"replies":[{"embeddable":true,"href":"http:\/\/yomeunoalretto.org\/index.php?rest_route=%2Fwp%2Fv2%2Fcomments&post=1457"}],"version-history":[{"count":3,"href":"http:\/\/yomeunoalretto.org\/index.php?rest_route=\/wp\/v2\/pages\/1457\/revisions"}],"predecessor-version":[{"id":1472,"href":"http:\/\/yomeunoalretto.org\/index.php?rest_route=\/wp\/v2\/pages\/1457\/revisions\/1472"}],"wp:featuredmedia":[{"embeddable":true,"href":"http:\/\/yomeunoalretto.org\/index.php?rest_route=\/wp\/v2\/media\/1455"}],"wp:attachment":[{"href":"http:\/\/yomeunoalretto.org\/index.php?rest_route=%2Fwp%2Fv2%2Fmedia&parent=1457"}],"curies":[{"name":"wp","href":"https:\/\/api.w.org\/{rel}","templated":true}]}}