{"id":1225,"date":"2014-11-27T08:42:22","date_gmt":"2014-11-27T07:42:22","guid":{"rendered":"http:\/\/yomeunoalretto.org\/?page_id=1225"},"modified":"2014-11-27T09:13:49","modified_gmt":"2014-11-27T08:13:49","slug":"una-nueva-aportacion-3-300-e","status":"publish","type":"page","link":"http:\/\/yomeunoalretto.org\/?page_id=1225","title":{"rendered":"Una nueva aportaci\u00f3n 3.300 \u20ac"},"content":{"rendered":"<p><a href=\"http:\/\/yomeunoalretto.org\/wp-content\/uploads\/2014\/11\/OSJD-2.jpg\"><img data-attachment-id=\"1224\" data-permalink=\"http:\/\/yomeunoalretto.org\/?attachment_id=1224\" data-orig-file=\"http:\/\/yomeunoalretto.org\/wp-content\/uploads\/2014\/11\/OSJD-2.jpg\" data-orig-size=\"1410,1995\" data-comments-opened=\"1\" data-image-meta=\"{&quot;aperture&quot;:&quot;0&quot;,&quot;credit&quot;:&quot;&quot;,&quot;camera&quot;:&quot;&quot;,&quot;caption&quot;:&quot;&quot;,&quot;created_timestamp&quot;:&quot;0&quot;,&quot;copyright&quot;:&quot;&quot;,&quot;focal_length&quot;:&quot;0&quot;,&quot;iso&quot;:&quot;0&quot;,&quot;shutter_speed&quot;:&quot;0&quot;,&quot;title&quot;:&quot;&quot;,&quot;orientation&quot;:&quot;0&quot;}\" data-image-title=\"OSJD 2\" data-image-description=\"\" data-image-caption=\"\" data-medium-file=\"http:\/\/yomeunoalretto.org\/wp-content\/uploads\/2014\/11\/OSJD-2-176x250.jpg\" data-large-file=\"http:\/\/yomeunoalretto.org\/wp-content\/uploads\/2014\/11\/OSJD-2-723x1024.jpg\" decoding=\"async\" loading=\"lazy\" class=\"alignleft wp-image-1224 size-medium\" src=\"http:\/\/yomeunoalretto.org\/wp-content\/uploads\/2014\/11\/OSJD-2-176x250.jpg\" alt=\"OSJD 2\" width=\"176\" height=\"250\" srcset=\"http:\/\/yomeunoalretto.org\/wp-content\/uploads\/2014\/11\/OSJD-2-176x250.jpg 176w, http:\/\/yomeunoalretto.org\/wp-content\/uploads\/2014\/11\/OSJD-2-723x1024.jpg 723w, http:\/\/yomeunoalretto.org\/wp-content\/uploads\/2014\/11\/OSJD-2-118x168.jpg 118w, http:\/\/yomeunoalretto.org\/wp-content\/uploads\/2014\/11\/OSJD-2.jpg 1410w\" sizes=\"(max-width: 176px) 100vw, 176px\" \/><\/a>Gracias a vuestro trabajo y colaboraci\u00f3n hemos conseguido reunir otros <a href=\"http:\/\/yomeunoalretto.org\/wp-content\/uploads\/2014\/11\/OSJD-2.pdf\"><span style=\"color: #ff0000;\"><strong>3.300 \u20ac para donarlos a la investigaci\u00f3n del Hospital de San Juan De Dios<\/strong><\/span>. <\/a><\/p>\n<p>Lo realmente reconfortante es saber que todos vosotros estais ah\u00ed para apoyarnos en la lucha, y esperemos que esta no sea m\u00e1s que la primera de muchas batallas en las que no hay que olvidar que todos hemos disfrutado.<\/p>\n<p>Nuestro m\u00e1s sincero agradecimiento a todos los colaboradores de la marat\u00f3n de cycling solidario que han heho posible esta aportaci\u00f3n, al Ayuntameinto de C\u00e1diz, Cronosur, El club Trihercules. A los patrocinadores Fisiocentro, 180 \u00ba, Hotel Catedral, ITAKA, Fruteria El curro, Copisteria San Rafael y Distribuciones Delgado.<\/p>\n<p>Un agradecimiento muy especial a nuestros artistas colaboradores Ivan del R\u00edo y Alfonso Rimada, que siempre est\u00e1n ah\u00ed para ilustrar con su arte y conocimeinto todos nuestros eventos, a los voluntarios que nos ayudaron a organizarlo todo, a todos los que habies vendido las papeletas del sorteo y a los voluntarios que nos ayudaron a montar y desmontar todas las bicicletas, y todo desinteresadamente.<\/p>\n<p>Tampoco nos queremos olvidar de agradecer a todos aquellos que hab\u00e9is colaborado con nosotros adquiriendo los art\u00edculos de la stand\u00a0solidario, con las que hemos aportado una importante donaci\u00f3n a esta cantidad.<\/p>\n<p>Y sobre todo y muy especialmente a los tres gimnasios que montaron este espectaculo solidario, <span style=\"color: #ff9900;\"><a style=\"color: #ff9900;\" href=\"https:\/\/www.facebook.com\/pages\/Gimnasio-Drei-Sport\/278526566257?fref=nf\" target=\"_blank\"><strong>DREI SPORT<\/strong>,<\/a><\/span> <span style=\"color: #993366;\"><strong><a style=\"color: #993366;\" href=\"http:\/\/www.anytimefitness.es\/gyms\/SP-0004\/c%C3%A1diz-andalucia-11012\" target=\"_blank\">ANYTIME FITNESS<\/a><\/strong><\/span>\u00a0y <span style=\"color: #ff0000;\"><strong><a style=\"color: #ff0000;\" href=\"https:\/\/www.facebook.com\/easyfitnesscadiz\" target=\"_blank\">EASYFITNESS.<\/a><\/strong><\/span><\/p>\n<p>A todos vosotros GRACIAS, y tambi\u00e9n gracias a los que nos apoyareis en el futuro. Porque el trabajo no acaba aqu\u00ed. Durante estos d\u00edas de descanso seguimos pensando en nuevas actividades con las que sorprenderos estas navidades. As\u00ed como tambi\u00e9n seguimos abiertos a <span style=\"color: #800080;\"><strong><a href=\"http:\/\/yomeunoalretto.org\/?page_id=217\" target=\"_blank\"><span style=\"color: #800080;\">vuestras ideas para llevar a cabo nuestro proyecto, y as\u00ed hag\u00e1is vuestro nuestro Retto.<\/span><\/a><\/strong><\/span><\/p>\n<div class=\"sharedaddy sd-sharing-enabled\"><div class=\"robots-nocontent sd-block sd-social sd-social-icon sd-sharing\"><h3 class=\"sd-title\">Comparte esto:<\/h3><div class=\"sd-content\"><ul><li class=\"share-facebook\"><a rel=\"nofollow noopener noreferrer\" data-shared=\"sharing-facebook-1225\" class=\"share-facebook sd-button share-icon no-text\" href=\"http:\/\/yomeunoalretto.org\/?page_id=1225&amp;share=facebook\" target=\"_blank\" title=\"Haz clic para compartir en Facebook\" ><span><\/span><span class=\"sharing-screen-reader-text\">Haz clic para compartir en Facebook (Se abre en una ventana nueva)<\/span><\/a><\/li><li class=\"share-twitter\"><a rel=\"nofollow noopener noreferrer\" data-shared=\"sharing-twitter-1225\" class=\"share-twitter sd-button share-icon no-text\" href=\"http:\/\/yomeunoalretto.org\/?page_id=1225&amp;share=twitter\" target=\"_blank\" title=\"Haz clic para compartir en Twitter\" ><span><\/span><span class=\"sharing-screen-reader-text\">Haz clic para compartir en Twitter (Se abre en una ventana nueva)<\/span><\/a><\/li><li class=\"share-print\"><a rel=\"nofollow noopener noreferrer\" data-shared=\"\" class=\"share-print sd-button share-icon no-text\" href=\"http:\/\/yomeunoalretto.org\/?page_id=1225\" target=\"_blank\" title=\"Haz clic para imprimir\" ><span><\/span><span class=\"sharing-screen-reader-text\">Haz clic para imprimir (Se abre en una ventana nueva)<\/span><\/a><\/li><li class=\"share-email\"><a rel=\"nofollow noopener noreferrer\" data-shared=\"\" class=\"share-email sd-button share-icon no-text\" href=\"mailto:?subject=%5BEntrada%20compartida%5D%20Una%20nueva%20aportaci%C3%B3n%203.300%20%E2%82%AC&body=http%3A%2F%2Fyomeunoalretto.org%2F%3Fpage_id%3D1225&share=email\" target=\"_blank\" title=\"Haz clic para enviar un enlace por correo electr\u00f3nico a un amigo\" data-email-share-error-title=\"\u00bfTienes un correo electr\u00f3nico configurado?\" data-email-share-error-text=\"Si tienes problemas al compartir por correo electr\u00f3nico, es posible que sea porque no tengas un correo electr\u00f3nico configurado en tu navegador. Puede que tengas que crear un nuevo correo electr\u00f3nico t\u00fa mismo.\" data-email-share-nonce=\"94adab8de7\" data-email-share-track-url=\"http:\/\/yomeunoalretto.org\/?page_id=1225&amp;share=email\"><span><\/span><span class=\"sharing-screen-reader-text\">Haz clic para enviar un enlace por correo electr\u00f3nico a un amigo (Se abre en una ventana nueva)<\/span><\/a><\/li><li><a href=\"#\" class=\"sharing-anchor sd-button share-more\"><span>M\u00e1s<\/span><\/a><\/li><li class=\"share-end\"><\/li><\/ul><div class=\"sharing-hidden\"><div class=\"inner\" style=\"display: none;\"><ul><li class=\"share-linkedin\"><a rel=\"nofollow noopener noreferrer\" data-shared=\"sharing-linkedin-1225\" class=\"share-linkedin sd-button share-icon no-text\" href=\"http:\/\/yomeunoalretto.org\/?page_id=1225&amp;share=linkedin\" target=\"_blank\" title=\"Haz clic para compartir en LinkedIn\" ><span><\/span><span class=\"sharing-screen-reader-text\">Haz clic para compartir en LinkedIn (Se abre en una ventana nueva)<\/span><\/a><\/li><li class=\"share-tumblr\"><a rel=\"nofollow noopener noreferrer\" data-shared=\"\" class=\"share-tumblr sd-button share-icon no-text\" href=\"http:\/\/yomeunoalretto.org\/?page_id=1225&amp;share=tumblr\" target=\"_blank\" title=\"Haz clic para compartir en Tumblr\" ><span><\/span><span class=\"sharing-screen-reader-text\">Haz clic para compartir en Tumblr (Se abre en una ventana nueva)<\/span><\/a><\/li><li class=\"share-end\"><\/li><li class=\"share-reddit\"><a rel=\"nofollow noopener noreferrer\" data-shared=\"\" class=\"share-reddit sd-button share-icon no-text\" href=\"http:\/\/yomeunoalretto.org\/?page_id=1225&amp;share=reddit\" target=\"_blank\" title=\"Haz clic para compartir en Reddit\" ><span><\/span><span class=\"sharing-screen-reader-text\">Haz clic para compartir en Reddit (Se abre en una ventana nueva)<\/span><\/a><\/li><li class=\"share-pocket\"><a rel=\"nofollow noopener noreferrer\" data-shared=\"\" class=\"share-pocket sd-button share-icon no-text\" href=\"http:\/\/yomeunoalretto.org\/?page_id=1225&amp;share=pocket\" target=\"_blank\" title=\"Haz clic para compartir en Pocket\" ><span><\/span><span class=\"sharing-screen-reader-text\">Haz clic para compartir en Pocket (Se abre en una ventana nueva)<\/span><\/a><\/li><li class=\"share-end\"><\/li><li class=\"share-pinterest\"><a rel=\"nofollow noopener noreferrer\" data-shared=\"sharing-pinterest-1225\" class=\"share-pinterest sd-button share-icon no-text\" href=\"http:\/\/yomeunoalretto.org\/?page_id=1225&amp;share=pinterest\" target=\"_blank\" title=\"Haz clic para compartir en Pinterest\" ><span><\/span><span class=\"sharing-screen-reader-text\">Haz clic para compartir en Pinterest (Se abre en una ventana nueva)<\/span><\/a><\/li><li class=\"share-end\"><\/li><\/ul><\/div><\/div><\/div><\/div><\/div>","protected":false},"excerpt":{"rendered":"<p>Gracias a vuestro trabajo y colaboraci\u00f3n hemos conseguido reunir otros 3.300 \u20ac para donarlos a la investigaci\u00f3n del Hospital de San Juan De Dios. Lo realmente reconfortante es saber que todos vosotros estais ah\u00ed para apoyarnos en la lucha, y esperemos que esta no sea m\u00e1s que la primera de muchas batallas en las que [&hellip;]<\/p>\n<div class=\"sharedaddy sd-sharing-enabled\"><div class=\"robots-nocontent sd-block sd-social sd-social-icon sd-sharing\"><h3 class=\"sd-title\">Comparte esto:<\/h3><div class=\"sd-content\"><ul><li class=\"share-facebook\"><a rel=\"nofollow noopener noreferrer\" data-shared=\"sharing-facebook-1225\" class=\"share-facebook sd-button share-icon no-text\" href=\"http:\/\/yomeunoalretto.org\/?page_id=1225&amp;share=facebook\" target=\"_blank\" title=\"Haz clic para compartir en Facebook\" ><span><\/span><span class=\"sharing-screen-reader-text\">Haz clic para compartir en Facebook (Se abre en una ventana nueva)<\/span><\/a><\/li><li class=\"share-twitter\"><a rel=\"nofollow noopener noreferrer\" data-shared=\"sharing-twitter-1225\" class=\"share-twitter sd-button share-icon no-text\" href=\"http:\/\/yomeunoalretto.org\/?page_id=1225&amp;share=twitter\" target=\"_blank\" title=\"Haz clic para compartir en Twitter\" ><span><\/span><span class=\"sharing-screen-reader-text\">Haz clic para compartir en Twitter (Se abre en una ventana nueva)<\/span><\/a><\/li><li class=\"share-print\"><a rel=\"nofollow noopener noreferrer\" data-shared=\"\" class=\"share-print sd-button share-icon no-text\" href=\"http:\/\/yomeunoalretto.org\/?page_id=1225\" target=\"_blank\" title=\"Haz clic para imprimir\" ><span><\/span><span class=\"sharing-screen-reader-text\">Haz clic para imprimir (Se abre en una ventana nueva)<\/span><\/a><\/li><li class=\"share-email\"><a rel=\"nofollow noopener noreferrer\" data-shared=\"\" class=\"share-email sd-button share-icon no-text\" href=\"mailto:?subject=%5BEntrada%20compartida%5D%20Una%20nueva%20aportaci%C3%B3n%203.300%20%E2%82%AC&body=http%3A%2F%2Fyomeunoalretto.org%2F%3Fpage_id%3D1225&share=email\" target=\"_blank\" title=\"Haz clic para enviar un enlace por correo electr\u00f3nico a un amigo\" data-email-share-error-title=\"\u00bfTienes un correo electr\u00f3nico configurado?\" data-email-share-error-text=\"Si tienes problemas al compartir por correo electr\u00f3nico, es posible que sea porque no tengas un correo electr\u00f3nico configurado en tu navegador. Puede que tengas que crear un nuevo correo electr\u00f3nico t\u00fa mismo.\" data-email-share-nonce=\"94adab8de7\" data-email-share-track-url=\"http:\/\/yomeunoalretto.org\/?page_id=1225&amp;share=email\"><span><\/span><span class=\"sharing-screen-reader-text\">Haz clic para enviar un enlace por correo electr\u00f3nico a un amigo (Se abre en una ventana nueva)<\/span><\/a><\/li><li><a href=\"#\" class=\"sharing-anchor sd-button share-more\"><span>M\u00e1s<\/span><\/a><\/li><li class=\"share-end\"><\/li><\/ul><div class=\"sharing-hidden\"><div class=\"inner\" style=\"display: none;\"><ul><li class=\"share-linkedin\"><a rel=\"nofollow noopener noreferrer\" data-shared=\"sharing-linkedin-1225\" class=\"share-linkedin sd-button share-icon no-text\" href=\"http:\/\/yomeunoalretto.org\/?page_id=1225&amp;share=linkedin\" target=\"_blank\" title=\"Haz clic para compartir en LinkedIn\" ><span><\/span><span class=\"sharing-screen-reader-text\">Haz clic para compartir en LinkedIn (Se abre en una ventana nueva)<\/span><\/a><\/li><li class=\"share-tumblr\"><a rel=\"nofollow noopener noreferrer\" data-shared=\"\" class=\"share-tumblr sd-button share-icon no-text\" href=\"http:\/\/yomeunoalretto.org\/?page_id=1225&amp;share=tumblr\" target=\"_blank\" title=\"Haz clic para compartir en Tumblr\" ><span><\/span><span class=\"sharing-screen-reader-text\">Haz clic para compartir en Tumblr (Se abre en una ventana nueva)<\/span><\/a><\/li><li class=\"share-end\"><\/li><li class=\"share-reddit\"><a rel=\"nofollow noopener noreferrer\" data-shared=\"\" class=\"share-reddit sd-button share-icon no-text\" href=\"http:\/\/yomeunoalretto.org\/?page_id=1225&amp;share=reddit\" target=\"_blank\" title=\"Haz clic para compartir en Reddit\" ><span><\/span><span class=\"sharing-screen-reader-text\">Haz clic para compartir en Reddit (Se abre en una ventana nueva)<\/span><\/a><\/li><li class=\"share-pocket\"><a rel=\"nofollow noopener noreferrer\" data-shared=\"\" class=\"share-pocket sd-button share-icon no-text\" href=\"http:\/\/yomeunoalretto.org\/?page_id=1225&amp;share=pocket\" target=\"_blank\" title=\"Haz clic para compartir en Pocket\" ><span><\/span><span class=\"sharing-screen-reader-text\">Haz clic para compartir en Pocket (Se abre en una ventana nueva)<\/span><\/a><\/li><li class=\"share-end\"><\/li><li class=\"share-pinterest\"><a rel=\"nofollow noopener noreferrer\" data-shared=\"sharing-pinterest-1225\" class=\"share-pinterest sd-button share-icon no-text\" href=\"http:\/\/yomeunoalretto.org\/?page_id=1225&amp;share=pinterest\" target=\"_blank\" title=\"Haz clic para compartir en Pinterest\" ><span><\/span><span class=\"sharing-screen-reader-text\">Haz clic para compartir en Pinterest (Se abre en una ventana nueva)<\/span><\/a><\/li><li class=\"share-end\"><\/li><\/ul><\/div><\/div><\/div><\/div><\/div>","protected":false},"author":1,"featured_media":0,"parent":0,"menu_order":0,"comment_status":"open","ping_status":"open","template":"","meta":[],"jetpack_shortlink":"https:\/\/wp.me\/P4JzDn-jL","jetpack_sharing_enabled":true,"_links":{"self":[{"href":"http:\/\/yomeunoalretto.org\/index.php?rest_route=\/wp\/v2\/pages\/1225"}],"collection":[{"href":"http:\/\/yomeunoalretto.org\/index.php?rest_route=\/wp\/v2\/pages"}],"about":[{"href":"http:\/\/yomeunoalretto.org\/index.php?rest_route=\/wp\/v2\/types\/page"}],"author":[{"embeddable":true,"href":"http:\/\/yomeunoalretto.org\/index.php?rest_route=\/wp\/v2\/users\/1"}],"replies":[{"embeddable":true,"href":"http:\/\/yomeunoalretto.org\/index.php?rest_route=%2Fwp%2Fv2%2Fcomments&post=1225"}],"version-history":[{"count":8,"href":"http:\/\/yomeunoalretto.org\/index.php?rest_route=\/wp\/v2\/pages\/1225\/revisions"}],"predecessor-version":[{"id":1235,"href":"http:\/\/yomeunoalretto.org\/index.php?rest_route=\/wp\/v2\/pages\/1225\/revisions\/1235"}],"wp:attachment":[{"href":"http:\/\/yomeunoalretto.org\/index.php?rest_route=%2Fwp%2Fv2%2Fmedia&parent=1225"}],"curies":[{"name":"wp","href":"https:\/\/api.w.org\/{rel}","templated":true}]}}